{"id":10599,"date":"2022-11-10T15:40:53","date_gmt":"2022-11-10T14:40:53","guid":{"rendered":"https:\/\/unipower-se.tbwebsite.com\/?page_id=10599"},"modified":"2022-11-23T14:43:07","modified_gmt":"2022-11-23T13:43:07","slug":"matning-konsultation","status":"publish","type":"page","link":"https:\/\/unipower-se.tbwebsite.com\/sv\/produkter-och-tjanster\/matning-konsultation\/","title":{"rendered":"M\u00e4tning konsultation"},"content":{"rendered":"<div data-elementor-type=\"wp-page\" data-elementor-id=\"10599\" class=\"elementor elementor-10599\" data-elementor-post-type=\"page\">\n\t\t\t\t\t\t<section class=\"elementor-section elementor-top-section elementor-element elementor-element-37d6b70 elementor-section-boxed elementor-section-height-default elementor-section-height-default\" data-id=\"37d6b70\" data-element_type=\"section\" data-settings=\"{&quot;background_background&quot;:&quot;classic&quot;}\">\n\t\t\t\t\t\t<div class=\"elementor-container elementor-column-gap-default\">\n\t\t\t\t\t<div class=\"elementor-column elementor-col-100 elementor-top-column elementor-element elementor-element-4517217\" data-id=\"4517217\" data-element_type=\"column\" data-settings=\"{&quot;background_background&quot;:&quot;classic&quot;}\">\n\t\t\t<div class=\"elementor-widget-wrap elementor-element-populated\">\n\t\t\t\t\t\t<div class=\"elementor-element elementor-element-765b360 elementor-widget elementor-widget-heading\" data-id=\"765b360\" data-element_type=\"widget\" data-widget_type=\"heading.default\">\n\t\t\t\t<div class=\"elementor-widget-container\">\n\t\t\t\t\t<h1 class=\"elementor-heading-title elementor-size-default\">M\u00e4tning &amp; konsultation<\/h1>\t\t\t\t<\/div>\n\t\t\t\t<\/div>\n\t\t\t\t<div class=\"elementor-element elementor-element-4d684af elementor-widget__width-initial elementor-widget elementor-widget-text-editor\" data-id=\"4d684af\" data-element_type=\"widget\" data-widget_type=\"text-editor.default\">\n\t\t\t\t<div class=\"elementor-widget-container\">\n\t\t\t\t\t\t\t\t\t<p>Unipower erbjuder konsultation, utredningar och utf\u00f6r m\u00e4tningar inom elkvalitetsomr\u00e5det. Beh\u00f6ver du hj\u00e4lp inom elkvalitet st\u00e5r v\u00e5ra egna och\/eller frist\u00e5ende expertkonsulter till ditt f\u00f6rfogande.<\/p><p>F\u00f6r mer information kontakta n\u00e5gon av v\u00e5ra s\u00e4ljare.<\/p><p>Unipower AB \u2013 Din Elkvalitetspartner<\/p>\t\t\t\t\t\t\t\t<\/div>\n\t\t\t\t<\/div>\n\t\t\t\t<div class=\"elementor-element elementor-element-8696c71 elementor-widget elementor-widget-button\" data-id=\"8696c71\" data-element_type=\"widget\" data-widget_type=\"button.default\">\n\t\t\t\t<div class=\"elementor-widget-container\">\n\t\t\t\t\t\t\t\t\t<div class=\"elementor-button-wrapper\">\n\t\t\t\t\t<a class=\"elementor-button elementor-button-link elementor-size-sm\" href=\"https:\/\/unipower-se.tbwebsite.com\/sv\/kontakt\/\">\n\t\t\t\t\t\t<span class=\"elementor-button-content-wrapper\">\n\t\t\t\t\t\t\t\t\t<span class=\"elementor-button-text\">Kontakta oss<\/span>\n\t\t\t\t\t<\/span>\n\t\t\t\t\t<\/a>\n\t\t\t\t<\/div>\n\t\t\t\t\t\t\t\t<\/div>\n\t\t\t\t<\/div>\n\t\t\t\t\t<\/div>\n\t\t<\/div>\n\t\t\t\t\t<\/div>\n\t\t<\/section>\n\t\t\t\t<section class=\"elementor-section elementor-top-section elementor-element elementor-element-b624938 elementor-section-boxed elementor-section-height-default elementor-section-height-default\" data-id=\"b624938\" data-element_type=\"section\">\n\t\t\t\t\t\t<div class=\"elementor-container elementor-column-gap-default\">\n\t\t\t\t\t<div class=\"elementor-column elementor-col-100 elementor-top-column elementor-element elementor-element-c66be50\" data-id=\"c66be50\" data-element_type=\"column\" data-settings=\"{&quot;background_background&quot;:&quot;classic&quot;}\">\n\t\t\t<div class=\"elementor-widget-wrap elementor-element-populated\">\n\t\t\t\t\t\t<div class=\"elementor-element elementor-element-baddad9 elementor-widget elementor-widget-shortcode\" data-id=\"baddad9\" data-element_type=\"widget\" data-widget_type=\"shortcode.default\">\n\t\t\t\t<div class=\"elementor-widget-container\">\n\t\t\t\t\t\t\t<div class=\"elementor-shortcode\">\t\t<div data-elementor-type=\"section\" data-elementor-id=\"407\" class=\"elementor elementor-407\" data-elementor-post-type=\"elementor_library\">\n\t\t\t\t\t<section class=\"elementor-section elementor-top-section elementor-element elementor-element-2ac3925f elementor-section-boxed elementor-section-height-default elementor-section-height-default\" data-id=\"2ac3925f\" data-element_type=\"section\" data-settings=\"{&quot;background_background&quot;:&quot;classic&quot;}\">\n\t\t\t\t\t\t<div class=\"elementor-container elementor-column-gap-default\">\n\t\t\t\t\t<div class=\"elementor-column elementor-col-100 elementor-top-column elementor-element elementor-element-1065969\" data-id=\"1065969\" data-element_type=\"column\" data-settings=\"{&quot;background_background&quot;:&quot;classic&quot;}\">\n\t\t\t<div class=\"elementor-widget-wrap elementor-element-populated\">\n\t\t\t\t\t\t<div class=\"elementor-element elementor-element-1f4971cd elementor-cta--layout-image-right elementor-widget__width-initial elementor-cta--skin-classic elementor-animated-content elementor-widget elementor-widget-call-to-action\" data-id=\"1f4971cd\" data-element_type=\"widget\" data-widget_type=\"call-to-action.default\">\n\t\t\t\t<div class=\"elementor-widget-container\">\n\t\t\t\t\t\t\t<div class=\"elementor-cta\">\n\t\t\t\t\t\t\t<div class=\"elementor-cta__content\">\n\t\t\t\t\n\t\t\t\t\t\t\t\t\t<h3 class=\"elementor-cta__title elementor-cta__content-item elementor-content-item\">\n\t\t\t\t\t\tTveka inte att kontakta oss!\t\t\t\t\t<\/h3>\n\t\t\t\t\n\t\t\t\t\t\t\t\t\t<div class=\"elementor-cta__description elementor-cta__content-item elementor-content-item\">\n\t\t\t\t\t\tL\u00e5t oss bli din energikvalitetspartner. Kontakta oss p\u00e5 Unipower och l\u00e5t oss hj\u00e4lpa dig att n\u00e5 dina str\u00f6mkvalitets- och \u00f6vervakningsm\u00e5l.\t\t\t\t\t<\/div>\n\t\t\t\t\n\t\t\t\t\t\t\t\t\t<div class=\"elementor-cta__button-wrapper elementor-cta__content-item elementor-content-item\">\n\t\t\t\t\t<a class=\"elementor-cta__button elementor-button elementor-size-\" href=\"https:\/\/unipower-se.tbwebsite.com\/sv\/kontakt\/\">\n\t\t\t\t\t\tKontakta oss\t\t\t\t\t<\/a>\n\t\t\t\t\t<\/div>\n\t\t\t\t\t\t\t<\/div>\n\t\t\t\t\t\t<\/div>\n\t\t\t\t\t\t<\/div>\n\t\t\t\t<\/div>\n\t\t\t\t\t<\/div>\n\t\t<\/div>\n\t\t\t\t\t<\/div>\n\t\t<\/section>\n\t\t\t\t<\/div>\n\t\t<\/div>\n\t\t\t\t\t\t<\/div>\n\t\t\t\t<\/div>\n\t\t\t\t\t<\/div>\n\t\t<\/div>\n\t\t\t\t\t<\/div>\n\t\t<\/section>\n\t\t\t\t<\/div>","protected":false},"excerpt":{"rendered":"<p>M\u00e4tning &#038; konsultation Unipower erbjuder konsultation, utredningar och utf\u00f6r m\u00e4tningar inom elkvalitetsomr\u00e5det. Beh\u00f6ver du hj\u00e4lp inom elkvalitet st\u00e5r v\u00e5ra egna och\/eller frist\u00e5ende expertkonsulter till ditt f\u00f6rfogande. F\u00f6r mer information kontakta n\u00e5gon av v\u00e5ra s\u00e4ljare. Unipower AB \u2013 Din Elkvalitetspartner Kontakta oss<\/p>","protected":false},"author":1,"featured_media":0,"parent":16,"menu_order":0,"comment_status":"closed","ping_status":"closed","template":"","meta":{"footnotes":""},"class_list":["post-10599","page","type-page","status-publish","hentry"],"yoast_head":"<!-- This site is optimized with the Yoast SEO plugin v25.9 - https:\/\/yoast.com\/wordpress\/plugins\/seo\/ -->\n<title>M\u00e4tning konsultation - Unipower AB<\/title>\n<meta name=\"description\" content=\"Unipower erbjuder konsultation, utredningar och utf\u00f6r m\u00e4tningar inom elkvalitetsomr\u00e5det.\" \/>\n<meta name=\"robots\" content=\"index, follow, max-snippet:-1, max-image-preview:large, max-video-preview:-1\" \/>\n<link rel=\"canonical\" href=\"https:\/\/unipower-se.tbwebsite.com\/sv\/produkter-och-tjanster\/matning-konsultation\/\" \/>\n<meta property=\"og:locale\" content=\"sv_SE\" \/>\n<meta property=\"og:type\" content=\"article\" \/>\n<meta property=\"og:title\" content=\"M\u00e4tning konsultation - Unipower AB\" \/>\n<meta property=\"og:description\" content=\"Unipower erbjuder konsultation, utredningar och utf\u00f6r m\u00e4tningar inom elkvalitetsomr\u00e5det.\" \/>\n<meta property=\"og:url\" content=\"https:\/\/unipower-se.tbwebsite.com\/sv\/produkter-och-tjanster\/matning-konsultation\/\" \/>\n<meta property=\"og:site_name\" content=\"Unipower AB\" \/>\n<meta property=\"article:publisher\" content=\"https:\/\/www.facebook.com\/UnipowerSweden\/\" \/>\n<meta property=\"article:modified_time\" content=\"2022-11-23T13:43:07+00:00\" \/>\n<meta name=\"twitter:card\" content=\"summary_large_image\" \/>\n<meta name=\"twitter:label1\" content=\"Ber\u00e4knad l\u00e4stid\" \/>\n\t<meta name=\"twitter:data1\" content=\"1 minut\" \/>\n<script type=\"application\/ld+json\" class=\"yoast-schema-graph\">{\"@context\":\"https:\/\/schema.org\",\"@graph\":[{\"@type\":\"WebPage\",\"@id\":\"https:\/\/unipower-se.tbwebsite.com\/products-and-services\/matning-konsultation\/\",\"url\":\"https:\/\/unipower-se.tbwebsite.com\/products-and-services\/matning-konsultation\/\",\"name\":\"M\u00e4tning konsultation - Unipower AB\",\"isPartOf\":{\"@id\":\"https:\/\/unipower-se.tbwebsite.com\/#website\"},\"datePublished\":\"2022-11-10T14:40:53+00:00\",\"dateModified\":\"2022-11-23T13:43:07+00:00\",\"description\":\"Unipower erbjuder konsultation, utredningar och utf\u00f6r m\u00e4tningar inom elkvalitetsomr\u00e5det.\",\"breadcrumb\":{\"@id\":\"https:\/\/unipower-se.tbwebsite.com\/products-and-services\/matning-konsultation\/#breadcrumb\"},\"inLanguage\":\"sv-SE\",\"potentialAction\":[{\"@type\":\"ReadAction\",\"target\":[\"https:\/\/unipower-se.tbwebsite.com\/products-and-services\/matning-konsultation\/\"]}]},{\"@type\":\"BreadcrumbList\",\"@id\":\"https:\/\/unipower-se.tbwebsite.com\/products-and-services\/matning-konsultation\/#breadcrumb\",\"itemListElement\":[{\"@type\":\"ListItem\",\"position\":1,\"name\":\"Home\",\"item\":\"https:\/\/unipower-se.tbwebsite.com\/\"},{\"@type\":\"ListItem\",\"position\":2,\"name\":\"Products and services\",\"item\":\"https:\/\/unipower-se.tbwebsite.com\/products-and-services\/\"},{\"@type\":\"ListItem\",\"position\":3,\"name\":\"M\u00e4tning konsultation\"}]},{\"@type\":\"WebSite\",\"@id\":\"https:\/\/unipower-se.tbwebsite.com\/#website\",\"url\":\"https:\/\/unipower-se.tbwebsite.com\/\",\"name\":\"Unipower AB\",\"description\":\"The Leading Edge in Electric Power Quality Instruments\",\"publisher\":{\"@id\":\"https:\/\/unipower-se.tbwebsite.com\/#organization\"},\"potentialAction\":[{\"@type\":\"SearchAction\",\"target\":{\"@type\":\"EntryPoint\",\"urlTemplate\":\"https:\/\/unipower-se.tbwebsite.com\/?s={search_term_string}\"},\"query-input\":{\"@type\":\"PropertyValueSpecification\",\"valueRequired\":true,\"valueName\":\"search_term_string\"}}],\"inLanguage\":\"sv-SE\"},{\"@type\":\"Organization\",\"@id\":\"https:\/\/unipower-se.tbwebsite.com\/#organization\",\"name\":\"Unipower AB\",\"url\":\"https:\/\/unipower-se.tbwebsite.com\/\",\"logo\":{\"@type\":\"ImageObject\",\"inLanguage\":\"sv-SE\",\"@id\":\"https:\/\/unipower-se.tbwebsite.com\/#\/schema\/logo\/image\/\",\"url\":\"https:\/\/unipower-se.tbwebsite.com\/wp-content\/uploads\/2022\/10\/Unipower-logo-blue.png\",\"contentUrl\":\"https:\/\/unipower-se.tbwebsite.com\/wp-content\/uploads\/2022\/10\/Unipower-logo-blue.png\",\"width\":396,\"height\":192,\"caption\":\"Unipower AB\"},\"image\":{\"@id\":\"https:\/\/unipower-se.tbwebsite.com\/#\/schema\/logo\/image\/\"},\"sameAs\":[\"https:\/\/www.facebook.com\/UnipowerSweden\/\"]}]}<\/script>\n<!-- \/ Yoast SEO plugin. -->","yoast_head_json":{"title":"M\u00e4tning konsultation - Unipower AB","description":"Unipower erbjuder konsultation, utredningar och utf\u00f6r m\u00e4tningar inom elkvalitetsomr\u00e5det.","robots":{"index":"index","follow":"follow","max-snippet":"max-snippet:-1","max-image-preview":"max-image-preview:large","max-video-preview":"max-video-preview:-1"},"canonical":"https:\/\/unipower-se.tbwebsite.com\/sv\/produkter-och-tjanster\/matning-konsultation\/","og_locale":"sv_SE","og_type":"article","og_title":"M\u00e4tning konsultation - Unipower AB","og_description":"Unipower erbjuder konsultation, utredningar och utf\u00f6r m\u00e4tningar inom elkvalitetsomr\u00e5det.","og_url":"https:\/\/unipower-se.tbwebsite.com\/sv\/produkter-och-tjanster\/matning-konsultation\/","og_site_name":"Unipower AB","article_publisher":"https:\/\/www.facebook.com\/UnipowerSweden\/","article_modified_time":"2022-11-23T13:43:07+00:00","twitter_card":"summary_large_image","twitter_misc":{"Ber\u00e4knad l\u00e4stid":"1 minut"},"schema":{"@context":"https:\/\/schema.org","@graph":[{"@type":"WebPage","@id":"https:\/\/unipower-se.tbwebsite.com\/products-and-services\/matning-konsultation\/","url":"https:\/\/unipower-se.tbwebsite.com\/products-and-services\/matning-konsultation\/","name":"M\u00e4tning konsultation - Unipower AB","isPartOf":{"@id":"https:\/\/unipower-se.tbwebsite.com\/#website"},"datePublished":"2022-11-10T14:40:53+00:00","dateModified":"2022-11-23T13:43:07+00:00","description":"Unipower erbjuder konsultation, utredningar och utf\u00f6r m\u00e4tningar inom elkvalitetsomr\u00e5det.","breadcrumb":{"@id":"https:\/\/unipower-se.tbwebsite.com\/products-and-services\/matning-konsultation\/#breadcrumb"},"inLanguage":"sv-SE","potentialAction":[{"@type":"ReadAction","target":["https:\/\/unipower-se.tbwebsite.com\/products-and-services\/matning-konsultation\/"]}]},{"@type":"BreadcrumbList","@id":"https:\/\/unipower-se.tbwebsite.com\/products-and-services\/matning-konsultation\/#breadcrumb","itemListElement":[{"@type":"ListItem","position":1,"name":"Home","item":"https:\/\/unipower-se.tbwebsite.com\/"},{"@type":"ListItem","position":2,"name":"Products and services","item":"https:\/\/unipower-se.tbwebsite.com\/products-and-services\/"},{"@type":"ListItem","position":3,"name":"M\u00e4tning konsultation"}]},{"@type":"WebSite","@id":"https:\/\/unipower-se.tbwebsite.com\/#website","url":"https:\/\/unipower-se.tbwebsite.com\/","name":"Unipower AB","description":"The Leading Edge in Electric Power Quality Instruments","publisher":{"@id":"https:\/\/unipower-se.tbwebsite.com\/#organization"},"potentialAction":[{"@type":"SearchAction","target":{"@type":"EntryPoint","urlTemplate":"https:\/\/unipower-se.tbwebsite.com\/?s={search_term_string}"},"query-input":{"@type":"PropertyValueSpecification","valueRequired":true,"valueName":"search_term_string"}}],"inLanguage":"sv-SE"},{"@type":"Organization","@id":"https:\/\/unipower-se.tbwebsite.com\/#organization","name":"Unipower AB","url":"https:\/\/unipower-se.tbwebsite.com\/","logo":{"@type":"ImageObject","inLanguage":"sv-SE","@id":"https:\/\/unipower-se.tbwebsite.com\/#\/schema\/logo\/image\/","url":"https:\/\/unipower-se.tbwebsite.com\/wp-content\/uploads\/2022\/10\/Unipower-logo-blue.png","contentUrl":"https:\/\/unipower-se.tbwebsite.com\/wp-content\/uploads\/2022\/10\/Unipower-logo-blue.png","width":396,"height":192,"caption":"Unipower AB"},"image":{"@id":"https:\/\/unipower-se.tbwebsite.com\/#\/schema\/logo\/image\/"},"sameAs":["https:\/\/www.facebook.com\/UnipowerSweden\/"]}]}},"_links":{"self":[{"href":"https:\/\/unipower-se.tbwebsite.com\/sv\/wp-json\/wp\/v2\/pages\/10599","targetHints":{"allow":["GET"]}}],"collection":[{"href":"https:\/\/unipower-se.tbwebsite.com\/sv\/wp-json\/wp\/v2\/pages"}],"about":[{"href":"https:\/\/unipower-se.tbwebsite.com\/sv\/wp-json\/wp\/v2\/types\/page"}],"author":[{"embeddable":true,"href":"https:\/\/unipower-se.tbwebsite.com\/sv\/wp-json\/wp\/v2\/users\/1"}],"replies":[{"embeddable":true,"href":"https:\/\/unipower-se.tbwebsite.com\/sv\/wp-json\/wp\/v2\/comments?post=10599"}],"version-history":[{"count":8,"href":"https:\/\/unipower-se.tbwebsite.com\/sv\/wp-json\/wp\/v2\/pages\/10599\/revisions"}],"predecessor-version":[{"id":11002,"href":"https:\/\/unipower-se.tbwebsite.com\/sv\/wp-json\/wp\/v2\/pages\/10599\/revisions\/11002"}],"up":[{"embeddable":true,"href":"https:\/\/unipower-se.tbwebsite.com\/sv\/wp-json\/wp\/v2\/pages\/16"}],"wp:attachment":[{"href":"https:\/\/unipower-se.tbwebsite.com\/sv\/wp-json\/wp\/v2\/media?parent=10599"}],"curies":[{"name":"wp","href":"https:\/\/api.w.org\/{rel}","templated":true}]}}