{"id":10601,"date":"2022-11-10T15:41:36","date_gmt":"2022-11-10T14:41:36","guid":{"rendered":"https:\/\/unipower-se.tbwebsite.com\/?page_id=10601"},"modified":"2022-11-22T11:46:06","modified_gmt":"2022-11-22T10:46:06","slug":"service-o-supportavtal","status":"publish","type":"page","link":"https:\/\/unipower-se.tbwebsite.com\/sv\/produkter-och-tjanster\/service-o-supportavtal\/","title":{"rendered":"Service- &#038; Supportavtal"},"content":{"rendered":"<div data-elementor-type=\"wp-page\" data-elementor-id=\"10601\" class=\"elementor elementor-10601\" data-elementor-post-type=\"page\">\n\t\t\t\t\t\t<section class=\"elementor-section elementor-top-section elementor-element elementor-element-982ed9f elementor-section-boxed elementor-section-height-default elementor-section-height-default\" data-id=\"982ed9f\" data-element_type=\"section\" data-settings=\"{&quot;background_background&quot;:&quot;classic&quot;}\">\n\t\t\t\t\t\t<div class=\"elementor-container elementor-column-gap-default\">\n\t\t\t\t\t<div class=\"elementor-column elementor-col-100 elementor-top-column elementor-element elementor-element-8603dd3\" data-id=\"8603dd3\" data-element_type=\"column\" data-settings=\"{&quot;background_background&quot;:&quot;classic&quot;}\">\n\t\t\t<div class=\"elementor-widget-wrap elementor-element-populated\">\n\t\t\t\t\t\t<div class=\"elementor-element elementor-element-bc4d934 elementor-widget__width-initial elementor-widget elementor-widget-heading\" data-id=\"bc4d934\" data-element_type=\"widget\" data-widget_type=\"heading.default\">\n\t\t\t\t<div class=\"elementor-widget-container\">\n\t\t\t\t\t<h1 class=\"elementor-heading-title elementor-size-default\">Service- &amp; Supportavtal<\/h1>\t\t\t\t<\/div>\n\t\t\t\t<\/div>\n\t\t\t\t<div class=\"elementor-element elementor-element-570caec elementor-widget elementor-widget-text-editor\" data-id=\"570caec\" data-element_type=\"widget\" data-widget_type=\"text-editor.default\">\n\t\t\t\t<div class=\"elementor-widget-container\">\n\t\t\t\t\t\t\t\t\t<p>F\u00f6r mer information om avtalen, kontakta oss p\u00e5 Unipower AB<br \/><a href=\"mailto:info@unipower.se\">info@unipower.se<\/a> |\u00a0<a href=\"tel: 46 322 638020\">+46 322 638020<\/a><\/p>\t\t\t\t\t\t\t\t<\/div>\n\t\t\t\t<\/div>\n\t\t\t\t\t<\/div>\n\t\t<\/div>\n\t\t\t\t\t<\/div>\n\t\t<\/section>\n\t\t\t\t<section class=\"elementor-section elementor-top-section elementor-element elementor-element-84bd5f0 elementor-section-boxed elementor-section-height-default elementor-section-height-default\" data-id=\"84bd5f0\" data-element_type=\"section\">\n\t\t\t\t\t\t<div class=\"elementor-container elementor-column-gap-default\">\n\t\t\t\t\t<div class=\"elementor-column elementor-col-100 elementor-top-column elementor-element elementor-element-7dfca03\" data-id=\"7dfca03\" data-element_type=\"column\" data-settings=\"{&quot;background_background&quot;:&quot;classic&quot;}\">\n\t\t\t<div class=\"elementor-widget-wrap elementor-element-populated\">\n\t\t\t\t\t\t<div class=\"elementor-element elementor-element-5ce8b11 elementor-widget__width-initial elementor-widget-tablet__width-inherit elementor-widget elementor-widget-text-editor\" data-id=\"5ce8b11\" data-element_type=\"widget\" data-widget_type=\"text-editor.default\">\n\t\t\t\t<div class=\"elementor-widget-container\">\n\t\t\t\t\t\t\t\t\t<h3>Supportavtal<\/h3><ul><li>Fri support per telefon och e-post under kontorstid<\/li><li>V\u00e5rt newsletter s\u00e4nt per e-post varje kvartal<\/li><li>Specialpris p\u00e5 v\u00e5ra anv\u00e4ndartr\u00e4ffar och utbildningar<\/li><li>Femtio procent rabatt p\u00e5 uppdateringar av PowerProfile eller Unipower<\/li><li>Report<\/li><li>Avtalspriser p\u00e5 eventuella reparationer<\/li><\/ul>\t\t\t\t\t\t\t\t<\/div>\n\t\t\t\t<\/div>\n\t\t\t\t<div class=\"elementor-element elementor-element-f55f4c4 elementor-widget__width-initial elementor-widget-tablet__width-inherit elementor-widget elementor-widget-text-editor\" data-id=\"f55f4c4\" data-element_type=\"widget\" data-widget_type=\"text-editor.default\">\n\t\t\t\t<div class=\"elementor-widget-container\">\n\t\t\t\t\t\t\t\t\t<h3>Serviceavtal<\/h3><p>Fri \u00e5rsservice p\u00e5 angivet serviceobjekt inklusive kalibrering och justering mot sp\u00e5rbar referens (kalibreringsrapport bifogas)<br \/>Fri kalibrering och justering av serviceobjektets givare mot sp\u00e5rbar referens en g\u00e5ng per \u00e5r. Dessa g\u00f6rs p\u00e5 upp till \u00e5tta stycken givare tillh\u00f6rande serviceobjektet (tre stycken givare f\u00f6r DIP 3000 och WaveScope).<\/p><p>F\u00f6r att s\u00e4kerst\u00e4lla b\u00e4sta m\u00f6jliga m\u00e4tprestanda av ditt instrument kr\u00e4vs regelbunden kalibrering av ditt instrument. D\u00e5 instrument anv\u00e4ndas som referensinstrument \u00e4r regelbunden kalibrering dessutom ofta ett krav enligt lagstiftning. Instrumenten kr\u00e4ver f\u00f6rutom kalibrering ocks\u00e5 regelbunden \u00f6versyn och kontroll av komponenter f\u00f6r \u00f6kad livsl\u00e4ngd.<\/p><p>Unipower erbjuder serviceavtal som tillm\u00f6tesg\u00e5r dessa krav.<\/p><p>Supporten \u00e4r fri f\u00f6r alla som tecknar support- eller serviceavtal f\u00f6r sina instrument. Avtalen ger, f\u00f6rutom fri telefonsupport, \u00e4ven specialpriser p\u00e5 utbildningar, anv\u00e4ndartr\u00e4ffar och reparationer. Avtalskunder har 50% rabatt p\u00e5 nya programversioner av PowerProfile och Unipower Report.<\/p><p>Ni \u00e4r alltid v\u00e4lkomna att ringa n\u00e5gon av v\u00e5ra s\u00e4ljare. De kan alltid bist\u00e5 er med r\u00e5d och hj\u00e4lp om l\u00e4mpliga produkter och deras till\u00e4mpningar<\/p>\t\t\t\t\t\t\t\t<\/div>\n\t\t\t\t<\/div>\n\t\t\t\t\t<\/div>\n\t\t<\/div>\n\t\t\t\t\t<\/div>\n\t\t<\/section>\n\t\t\t\t<\/div>","protected":false},"excerpt":{"rendered":"<p>Service- &amp; Supportavtal F\u00f6r mer information om avtalen, kontakta oss p\u00e5 Unipower AB info@unipower.se |&nbsp;+46 322 638020 Supportavtal Fri support per telefon och e-post under kontorstid V\u00e5rt newsletter s\u00e4nt per e-post varje kvartal Specialpris p\u00e5 v\u00e5ra anv\u00e4ndartr\u00e4ffar och utbildningar Femtio procent rabatt p\u00e5 uppdateringar av PowerProfile eller Unipower Report Avtalspriser p\u00e5 eventuella reparationer Serviceavtal Fri [&hellip;]<\/p>","protected":false},"author":1,"featured_media":0,"parent":16,"menu_order":0,"comment_status":"closed","ping_status":"closed","template":"","meta":{"footnotes":""},"class_list":["post-10601","page","type-page","status-publish","hentry"],"yoast_head":"<!-- This site is optimized with the Yoast SEO plugin v25.9 - https:\/\/yoast.com\/wordpress\/plugins\/seo\/ -->\n<title>Service- &amp; Supportavtal - Unipower AB<\/title>\n<meta name=\"description\" content=\"Unipower erbjuder serviceavtal f\u00f6r att s\u00e4kerst\u00e4lla b\u00e4sta m\u00f6jliga m\u00e4tprestanda. Regelbunden kalibrering av ditt instrument.\" \/>\n<meta name=\"robots\" content=\"index, follow, max-snippet:-1, max-image-preview:large, max-video-preview:-1\" \/>\n<link rel=\"canonical\" href=\"https:\/\/unipower-se.tbwebsite.com\/sv\/produkter-och-tjanster\/service-o-supportavtal\/\" \/>\n<meta property=\"og:locale\" content=\"sv_SE\" \/>\n<meta property=\"og:type\" content=\"article\" \/>\n<meta property=\"og:title\" content=\"Service- &amp; Supportavtal - Unipower AB\" \/>\n<meta property=\"og:description\" content=\"Unipower erbjuder serviceavtal f\u00f6r att s\u00e4kerst\u00e4lla b\u00e4sta m\u00f6jliga m\u00e4tprestanda. Regelbunden kalibrering av ditt instrument.\" \/>\n<meta property=\"og:url\" content=\"https:\/\/unipower-se.tbwebsite.com\/sv\/produkter-och-tjanster\/service-o-supportavtal\/\" \/>\n<meta property=\"og:site_name\" content=\"Unipower AB\" \/>\n<meta property=\"article:publisher\" content=\"https:\/\/www.facebook.com\/UnipowerSweden\/\" \/>\n<meta property=\"article:modified_time\" content=\"2022-11-22T10:46:06+00:00\" \/>\n<meta name=\"twitter:card\" content=\"summary_large_image\" \/>\n<meta name=\"twitter:label1\" content=\"Ber\u00e4knad l\u00e4stid\" \/>\n\t<meta name=\"twitter:data1\" content=\"1 minut\" \/>\n<script type=\"application\/ld+json\" class=\"yoast-schema-graph\">{\"@context\":\"https:\/\/schema.org\",\"@graph\":[{\"@type\":\"WebPage\",\"@id\":\"https:\/\/unipower-se.tbwebsite.com\/products-and-services\/service-o-supportavtal\/\",\"url\":\"https:\/\/unipower-se.tbwebsite.com\/products-and-services\/service-o-supportavtal\/\",\"name\":\"Service- & Supportavtal - Unipower AB\",\"isPartOf\":{\"@id\":\"https:\/\/unipower-se.tbwebsite.com\/#website\"},\"datePublished\":\"2022-11-10T14:41:36+00:00\",\"dateModified\":\"2022-11-22T10:46:06+00:00\",\"description\":\"Unipower erbjuder serviceavtal f\u00f6r att s\u00e4kerst\u00e4lla b\u00e4sta m\u00f6jliga m\u00e4tprestanda. Regelbunden kalibrering av ditt instrument.\",\"breadcrumb\":{\"@id\":\"https:\/\/unipower-se.tbwebsite.com\/products-and-services\/service-o-supportavtal\/#breadcrumb\"},\"inLanguage\":\"sv-SE\",\"potentialAction\":[{\"@type\":\"ReadAction\",\"target\":[\"https:\/\/unipower-se.tbwebsite.com\/products-and-services\/service-o-supportavtal\/\"]}]},{\"@type\":\"BreadcrumbList\",\"@id\":\"https:\/\/unipower-se.tbwebsite.com\/products-and-services\/service-o-supportavtal\/#breadcrumb\",\"itemListElement\":[{\"@type\":\"ListItem\",\"position\":1,\"name\":\"Home\",\"item\":\"https:\/\/unipower-se.tbwebsite.com\/\"},{\"@type\":\"ListItem\",\"position\":2,\"name\":\"Products and services\",\"item\":\"https:\/\/unipower-se.tbwebsite.com\/products-and-services\/\"},{\"@type\":\"ListItem\",\"position\":3,\"name\":\"Service- &#038; Supportavtal\"}]},{\"@type\":\"WebSite\",\"@id\":\"https:\/\/unipower-se.tbwebsite.com\/#website\",\"url\":\"https:\/\/unipower-se.tbwebsite.com\/\",\"name\":\"Unipower AB\",\"description\":\"The Leading Edge in Electric Power Quality Instruments\",\"publisher\":{\"@id\":\"https:\/\/unipower-se.tbwebsite.com\/#organization\"},\"potentialAction\":[{\"@type\":\"SearchAction\",\"target\":{\"@type\":\"EntryPoint\",\"urlTemplate\":\"https:\/\/unipower-se.tbwebsite.com\/?s={search_term_string}\"},\"query-input\":{\"@type\":\"PropertyValueSpecification\",\"valueRequired\":true,\"valueName\":\"search_term_string\"}}],\"inLanguage\":\"sv-SE\"},{\"@type\":\"Organization\",\"@id\":\"https:\/\/unipower-se.tbwebsite.com\/#organization\",\"name\":\"Unipower AB\",\"url\":\"https:\/\/unipower-se.tbwebsite.com\/\",\"logo\":{\"@type\":\"ImageObject\",\"inLanguage\":\"sv-SE\",\"@id\":\"https:\/\/unipower-se.tbwebsite.com\/#\/schema\/logo\/image\/\",\"url\":\"https:\/\/unipower-se.tbwebsite.com\/wp-content\/uploads\/2022\/10\/Unipower-logo-blue.png\",\"contentUrl\":\"https:\/\/unipower-se.tbwebsite.com\/wp-content\/uploads\/2022\/10\/Unipower-logo-blue.png\",\"width\":396,\"height\":192,\"caption\":\"Unipower AB\"},\"image\":{\"@id\":\"https:\/\/unipower-se.tbwebsite.com\/#\/schema\/logo\/image\/\"},\"sameAs\":[\"https:\/\/www.facebook.com\/UnipowerSweden\/\"]}]}<\/script>\n<!-- \/ Yoast SEO plugin. -->","yoast_head_json":{"title":"Service- & Supportavtal - Unipower AB","description":"Unipower erbjuder serviceavtal f\u00f6r att s\u00e4kerst\u00e4lla b\u00e4sta m\u00f6jliga m\u00e4tprestanda. Regelbunden kalibrering av ditt instrument.","robots":{"index":"index","follow":"follow","max-snippet":"max-snippet:-1","max-image-preview":"max-image-preview:large","max-video-preview":"max-video-preview:-1"},"canonical":"https:\/\/unipower-se.tbwebsite.com\/sv\/produkter-och-tjanster\/service-o-supportavtal\/","og_locale":"sv_SE","og_type":"article","og_title":"Service- & Supportavtal - Unipower AB","og_description":"Unipower erbjuder serviceavtal f\u00f6r att s\u00e4kerst\u00e4lla b\u00e4sta m\u00f6jliga m\u00e4tprestanda. Regelbunden kalibrering av ditt instrument.","og_url":"https:\/\/unipower-se.tbwebsite.com\/sv\/produkter-och-tjanster\/service-o-supportavtal\/","og_site_name":"Unipower AB","article_publisher":"https:\/\/www.facebook.com\/UnipowerSweden\/","article_modified_time":"2022-11-22T10:46:06+00:00","twitter_card":"summary_large_image","twitter_misc":{"Ber\u00e4knad l\u00e4stid":"1 minut"},"schema":{"@context":"https:\/\/schema.org","@graph":[{"@type":"WebPage","@id":"https:\/\/unipower-se.tbwebsite.com\/products-and-services\/service-o-supportavtal\/","url":"https:\/\/unipower-se.tbwebsite.com\/products-and-services\/service-o-supportavtal\/","name":"Service- & Supportavtal - Unipower AB","isPartOf":{"@id":"https:\/\/unipower-se.tbwebsite.com\/#website"},"datePublished":"2022-11-10T14:41:36+00:00","dateModified":"2022-11-22T10:46:06+00:00","description":"Unipower erbjuder serviceavtal f\u00f6r att s\u00e4kerst\u00e4lla b\u00e4sta m\u00f6jliga m\u00e4tprestanda. Regelbunden kalibrering av ditt instrument.","breadcrumb":{"@id":"https:\/\/unipower-se.tbwebsite.com\/products-and-services\/service-o-supportavtal\/#breadcrumb"},"inLanguage":"sv-SE","potentialAction":[{"@type":"ReadAction","target":["https:\/\/unipower-se.tbwebsite.com\/products-and-services\/service-o-supportavtal\/"]}]},{"@type":"BreadcrumbList","@id":"https:\/\/unipower-se.tbwebsite.com\/products-and-services\/service-o-supportavtal\/#breadcrumb","itemListElement":[{"@type":"ListItem","position":1,"name":"Home","item":"https:\/\/unipower-se.tbwebsite.com\/"},{"@type":"ListItem","position":2,"name":"Products and services","item":"https:\/\/unipower-se.tbwebsite.com\/products-and-services\/"},{"@type":"ListItem","position":3,"name":"Service- &#038; Supportavtal"}]},{"@type":"WebSite","@id":"https:\/\/unipower-se.tbwebsite.com\/#website","url":"https:\/\/unipower-se.tbwebsite.com\/","name":"Unipower AB","description":"The Leading Edge in Electric Power Quality Instruments","publisher":{"@id":"https:\/\/unipower-se.tbwebsite.com\/#organization"},"potentialAction":[{"@type":"SearchAction","target":{"@type":"EntryPoint","urlTemplate":"https:\/\/unipower-se.tbwebsite.com\/?s={search_term_string}"},"query-input":{"@type":"PropertyValueSpecification","valueRequired":true,"valueName":"search_term_string"}}],"inLanguage":"sv-SE"},{"@type":"Organization","@id":"https:\/\/unipower-se.tbwebsite.com\/#organization","name":"Unipower AB","url":"https:\/\/unipower-se.tbwebsite.com\/","logo":{"@type":"ImageObject","inLanguage":"sv-SE","@id":"https:\/\/unipower-se.tbwebsite.com\/#\/schema\/logo\/image\/","url":"https:\/\/unipower-se.tbwebsite.com\/wp-content\/uploads\/2022\/10\/Unipower-logo-blue.png","contentUrl":"https:\/\/unipower-se.tbwebsite.com\/wp-content\/uploads\/2022\/10\/Unipower-logo-blue.png","width":396,"height":192,"caption":"Unipower AB"},"image":{"@id":"https:\/\/unipower-se.tbwebsite.com\/#\/schema\/logo\/image\/"},"sameAs":["https:\/\/www.facebook.com\/UnipowerSweden\/"]}]}},"_links":{"self":[{"href":"https:\/\/unipower-se.tbwebsite.com\/sv\/wp-json\/wp\/v2\/pages\/10601","targetHints":{"allow":["GET"]}}],"collection":[{"href":"https:\/\/unipower-se.tbwebsite.com\/sv\/wp-json\/wp\/v2\/pages"}],"about":[{"href":"https:\/\/unipower-se.tbwebsite.com\/sv\/wp-json\/wp\/v2\/types\/page"}],"author":[{"embeddable":true,"href":"https:\/\/unipower-se.tbwebsite.com\/sv\/wp-json\/wp\/v2\/users\/1"}],"replies":[{"embeddable":true,"href":"https:\/\/unipower-se.tbwebsite.com\/sv\/wp-json\/wp\/v2\/comments?post=10601"}],"version-history":[{"count":11,"href":"https:\/\/unipower-se.tbwebsite.com\/sv\/wp-json\/wp\/v2\/pages\/10601\/revisions"}],"predecessor-version":[{"id":10863,"href":"https:\/\/unipower-se.tbwebsite.com\/sv\/wp-json\/wp\/v2\/pages\/10601\/revisions\/10863"}],"up":[{"embeddable":true,"href":"https:\/\/unipower-se.tbwebsite.com\/sv\/wp-json\/wp\/v2\/pages\/16"}],"wp:attachment":[{"href":"https:\/\/unipower-se.tbwebsite.com\/sv\/wp-json\/wp\/v2\/media?parent=10601"}],"curies":[{"name":"wp","href":"https:\/\/api.w.org\/{rel}","templated":true}]}}