{"id":19,"date":"2022-10-10T14:30:02","date_gmt":"2022-10-10T12:30:02","guid":{"rendered":"https:\/\/unipower-se.tbwebsite.com\/?page_id=19"},"modified":"2025-06-26T10:54:17","modified_gmt":"2025-06-26T08:54:17","slug":"about-unipower","status":"publish","type":"page","link":"https:\/\/unipower-se.tbwebsite.com\/sv\/om-unipower\/","title":{"rendered":"Om Unipower"},"content":{"rendered":"<div data-elementor-type=\"wp-page\" data-elementor-id=\"19\" class=\"elementor elementor-19\" data-elementor-post-type=\"page\">\n\t\t\t\t\t\t<section class=\"elementor-section elementor-top-section elementor-element elementor-element-5e6cf71 elementor-section-boxed elementor-section-height-default elementor-section-height-default\" data-id=\"5e6cf71\" data-element_type=\"section\" data-settings=\"{&quot;background_background&quot;:&quot;classic&quot;}\">\n\t\t\t\t\t\t<div class=\"elementor-container elementor-column-gap-default\">\n\t\t\t\t\t<div class=\"elementor-column elementor-col-100 elementor-top-column elementor-element elementor-element-32f5950\" data-id=\"32f5950\" data-element_type=\"column\" data-settings=\"{&quot;background_background&quot;:&quot;classic&quot;}\">\n\t\t\t<div class=\"elementor-widget-wrap elementor-element-populated\">\n\t\t\t\t\t\t<div class=\"elementor-element elementor-element-8dd95dc elementor-cta--layout-image-right elementor-cta--skin-classic elementor-animated-content elementor-bg-transform elementor-bg-transform-zoom-in elementor-widget elementor-widget-call-to-action\" data-id=\"8dd95dc\" data-element_type=\"widget\" data-widget_type=\"call-to-action.default\">\n\t\t\t\t<div class=\"elementor-widget-container\">\n\t\t\t\t\t\t\t<div class=\"elementor-cta\">\n\t\t\t\t\t\t\t<div class=\"elementor-cta__content\">\n\t\t\t\t\n\t\t\t\t\t\t\t\t\t<h1 class=\"elementor-cta__title elementor-cta__content-item elementor-content-item\">\n\t\t\t\t\t\tOm Unipower\t\t\t\t\t<\/h1>\n\t\t\t\t\n\t\t\t\t\t\t\t\t\t<div class=\"elementor-cta__description elementor-cta__content-item elementor-content-item\">\n\t\t\t\t\t\tUnipower AB erbjuder ett brett sortiment av produkter f\u00f6r m\u00e4tning av elkvalitet och integrerade l\u00f6sningar f\u00f6r Smarta Eln\u00e4t\n\t\t\t\t\t<\/div>\n\t\t\t\t\n\t\t\t\t\t\t\t\t\t<div class=\"elementor-cta__button-wrapper elementor-cta__content-item elementor-content-item\">\n\t\t\t\t\t<a class=\"elementor-cta__button elementor-button elementor-size-\" href=\"https:\/\/unipower-se.tbwebsite.com\/sv\/kontakt\/\">\n\t\t\t\t\t\tKontakta oss\t\t\t\t\t<\/a>\n\t\t\t\t\t<\/div>\n\t\t\t\t\t\t\t<\/div>\n\t\t\t\t\t\t<\/div>\n\t\t\t\t\t\t<\/div>\n\t\t\t\t<\/div>\n\t\t\t\t\t<\/div>\n\t\t<\/div>\n\t\t\t\t\t<\/div>\n\t\t<\/section>\n\t\t\t\t<section class=\"elementor-section elementor-top-section elementor-element elementor-element-dbc968e elementor-section-boxed elementor-section-height-default elementor-section-height-default\" data-id=\"dbc968e\" data-element_type=\"section\">\n\t\t\t\t\t\t<div class=\"elementor-container elementor-column-gap-default\">\n\t\t\t\t\t<div class=\"elementor-column elementor-col-100 elementor-top-column elementor-element elementor-element-a7f327a\" data-id=\"a7f327a\" data-element_type=\"column\" data-settings=\"{&quot;background_background&quot;:&quot;classic&quot;}\">\n\t\t\t<div class=\"elementor-widget-wrap elementor-element-populated\">\n\t\t\t\t\t\t<div class=\"elementor-element elementor-element-a7addb5 elementor-widget elementor-widget-heading\" data-id=\"a7addb5\" data-element_type=\"widget\" data-widget_type=\"heading.default\">\n\t\t\t\t<div class=\"elementor-widget-container\">\n\t\t\t\t\t<h2 class=\"elementor-heading-title elementor-size-default\">Din elkvalitetspartner<\/h2>\t\t\t\t<\/div>\n\t\t\t\t<\/div>\n\t\t\t\t<div class=\"elementor-element elementor-element-964b886 elementor-widget__width-inherit elementor-widget elementor-widget-text-editor\" data-id=\"964b886\" data-element_type=\"widget\" data-widget_type=\"text-editor.default\">\n\t\t\t\t<div class=\"elementor-widget-container\">\n\t\t\t\t\t\t\t\t\t<p>Sprunget ur ett svenskt ABB-f\u00f6retag i mitten av 80-talet har vi sedan dess utvecklat och bibeh\u00e5llit v\u00e5r k\u00e4rnkompetens inom omr\u00e5det Elkvalitet. Vi fokuserar s\u00e4rskilt p\u00e5 normutrustning med h\u00f6g m\u00e4tprestanda och m\u00e4tnoggrannhet f\u00f6r kr\u00e4vande kunder inom kraftgenerering, transmission, distribution, och industri.<\/p><p>V\u00e5r produktlinje t\u00e4cker allt fr\u00e5n traditionella b\u00e4rbara PQ analysatorer till fullt integrerade och automatiserade l\u00f6sningar av elkvalitetsprodukter och system f\u00f6r kontinuerlig \u00f6vervakning av energif\u00f6rs\u00f6rjningen d\u00e4r varje f\u00f6r\u00e4ndring i n\u00e4tet registreras och lagras i databas.<\/p><p>Vi anordnar ocks\u00e5 anv\u00e4ndartr\u00e4ffar regelbundet och erbjuder en stark supportavdelning som aldrig \u00e4r l\u00e4ngre \u00e4n ett telefonsamtal bort.<\/p><p>Unipower AB \u00e4gs sedan 2016 av Sdiptech AB. Sdiptech \u00e4r en svensk teknikkoncern med inriktning mot infrastruktur som f\u00f6rv\u00e4rvar och utvecklar bolag med fokus p\u00e5 att skapa mer h\u00e5llbara, effektiva och s\u00e4kra samh\u00e4llen.\u00a0<\/p><p>V\u00e4lkommen till oss p\u00e5 Unipower \u2013 Din elkvalitetspartner!<\/p>\t\t\t\t\t\t\t\t<\/div>\n\t\t\t\t<\/div>\n\t\t\t\t<div class=\"elementor-element elementor-element-93f6094 elementor-widget__width-initial elementor-widget-mobile__width-inherit elementor-widget elementor-widget-image\" data-id=\"93f6094\" data-element_type=\"widget\" data-widget_type=\"image.default\">\n\t\t\t\t<div class=\"elementor-widget-container\">\n\t\t\t\t\t\t\t\t\t\t\t\t\t\t\t<img fetchpriority=\"high\" decoding=\"async\" width=\"709\" height=\"702\" src=\"https:\/\/unipower-se.tbwebsite.com\/wp-content\/uploads\/2022\/10\/unipower_iso_cert-02.png\" class=\"attachment-large size-large wp-image-550\" alt=\"\" srcset=\"https:\/\/unipower-se.tbwebsite.com\/wp-content\/uploads\/2022\/10\/unipower_iso_cert-02.png 709w, https:\/\/unipower-se.tbwebsite.com\/wp-content\/uploads\/2022\/10\/unipower_iso_cert-02-300x297.png 300w, https:\/\/unipower-se.tbwebsite.com\/wp-content\/uploads\/2022\/10\/unipower_iso_cert-02-150x150.png 150w, https:\/\/unipower-se.tbwebsite.com\/wp-content\/uploads\/2022\/10\/unipower_iso_cert-02-12x12.png 12w\" sizes=\"(max-width: 709px) 100vw, 709px\" \/>\t\t\t\t\t\t\t\t\t\t\t\t\t\t\t<\/div>\n\t\t\t\t<\/div>\n\t\t\t\t<div class=\"elementor-element elementor-element-fc46a45 elementor-widget__width-initial elementor-widget-mobile__width-inherit elementor-widget elementor-widget-image\" data-id=\"fc46a45\" data-element_type=\"widget\" data-widget_type=\"image.default\">\n\t\t\t\t<div class=\"elementor-widget-container\">\n\t\t\t\t\t\t\t\t\t\t\t\t\t\t\t\t<a href=\"https:\/\/www.sdiptech.se\/\" target=\"_blank\">\n\t\t\t\t\t\t\t<img decoding=\"async\" width=\"300\" height=\"92\" src=\"https:\/\/unipower-se.tbwebsite.com\/wp-content\/uploads\/2022\/10\/Sdiptech_Logo_Dark-300x92-1.png\" class=\"attachment-large size-large wp-image-552\" alt=\"\" srcset=\"https:\/\/unipower-se.tbwebsite.com\/wp-content\/uploads\/2022\/10\/Sdiptech_Logo_Dark-300x92-1.png 300w, https:\/\/unipower-se.tbwebsite.com\/wp-content\/uploads\/2022\/10\/Sdiptech_Logo_Dark-300x92-1-18x6.png 18w\" sizes=\"(max-width: 300px) 100vw, 300px\" \/>\t\t\t\t\t\t\t\t<\/a>\n\t\t\t\t\t\t\t\t\t\t\t\t\t\t\t<\/div>\n\t\t\t\t<\/div>\n\t\t\t\t\t<\/div>\n\t\t<\/div>\n\t\t\t\t\t<\/div>\n\t\t<\/section>\n\t\t\t\t<\/div>","protected":false},"excerpt":{"rendered":"<p>About Unipower Unipower AB offers a wide range of products for Power Quality measurements and Smart Grid systems. Contact us Your power quality partner Originating from a Swedish ABB company in the mid 80\u2019s, Unipower has developed a competitive edge within the field of Power Quality and Smart-Grid solutions. We focus on norm compliance equipment, [&hellip;]<\/p>","protected":false},"author":1,"featured_media":0,"parent":0,"menu_order":0,"comment_status":"closed","ping_status":"closed","template":"","meta":{"footnotes":""},"class_list":["post-19","page","type-page","status-publish","hentry"],"yoast_head":"<!-- This site is optimized with the Yoast SEO plugin v25.9 - https:\/\/yoast.com\/wordpress\/plugins\/seo\/ -->\n<title>About Unipower, your Power Quality partner - Unipower AB<\/title>\n<meta name=\"description\" content=\"Unipower AB in Sweden offers a wide range of products for Power Quality measurements and demand analysis. Smart-Grid solutions. Since 1984.\" \/>\n<meta name=\"robots\" content=\"index, follow, max-snippet:-1, max-image-preview:large, max-video-preview:-1\" \/>\n<link rel=\"canonical\" href=\"https:\/\/unipower-se.tbwebsite.com\/sv\/om-unipower\/\" \/>\n<meta property=\"og:locale\" content=\"sv_SE\" \/>\n<meta property=\"og:type\" content=\"article\" \/>\n<meta property=\"og:title\" content=\"About Unipower, your Power Quality partner - Unipower AB\" \/>\n<meta property=\"og:description\" content=\"Unipower AB in Sweden offers a wide range of products for Power Quality measurements and demand analysis. Smart-Grid solutions. Since 1984.\" \/>\n<meta property=\"og:url\" content=\"https:\/\/unipower-se.tbwebsite.com\/sv\/om-unipower\/\" \/>\n<meta property=\"og:site_name\" content=\"Unipower AB\" \/>\n<meta property=\"article:publisher\" content=\"https:\/\/www.facebook.com\/UnipowerSweden\/\" \/>\n<meta property=\"article:modified_time\" content=\"2025-06-26T08:54:17+00:00\" \/>\n<meta property=\"og:image\" content=\"https:\/\/unipower-se.tbwebsite.com\/wp-content\/uploads\/2022\/10\/unipower_iso_cert-02.png\" \/>\n\t<meta property=\"og:image:width\" content=\"709\" \/>\n\t<meta property=\"og:image:height\" content=\"702\" \/>\n\t<meta property=\"og:image:type\" content=\"image\/png\" \/>\n<meta name=\"twitter:card\" content=\"summary_large_image\" \/>\n<meta name=\"twitter:label1\" content=\"Ber\u00e4knad l\u00e4stid\" \/>\n\t<meta name=\"twitter:data1\" content=\"2 minuter\" \/>\n<script type=\"application\/ld+json\" class=\"yoast-schema-graph\">{\"@context\":\"https:\/\/schema.org\",\"@graph\":[{\"@type\":\"WebPage\",\"@id\":\"https:\/\/unipower-se.tbwebsite.com\/about-unipower\/\",\"url\":\"https:\/\/unipower-se.tbwebsite.com\/about-unipower\/\",\"name\":\"About Unipower, your Power Quality partner - Unipower AB\",\"isPartOf\":{\"@id\":\"https:\/\/unipower-se.tbwebsite.com\/#website\"},\"primaryImageOfPage\":{\"@id\":\"https:\/\/unipower-se.tbwebsite.com\/about-unipower\/#primaryimage\"},\"image\":{\"@id\":\"https:\/\/unipower-se.tbwebsite.com\/about-unipower\/#primaryimage\"},\"thumbnailUrl\":\"https:\/\/unipower-se.tbwebsite.com\/wp-content\/uploads\/2022\/10\/unipower_iso_cert-02.png\",\"datePublished\":\"2022-10-10T12:30:02+00:00\",\"dateModified\":\"2025-06-26T08:54:17+00:00\",\"description\":\"Unipower AB in Sweden offers a wide range of products for Power Quality measurements and demand analysis. Smart-Grid solutions. Since 1984.\",\"breadcrumb\":{\"@id\":\"https:\/\/unipower-se.tbwebsite.com\/about-unipower\/#breadcrumb\"},\"inLanguage\":\"sv-SE\",\"potentialAction\":[{\"@type\":\"ReadAction\",\"target\":[\"https:\/\/unipower-se.tbwebsite.com\/about-unipower\/\"]}]},{\"@type\":\"ImageObject\",\"inLanguage\":\"sv-SE\",\"@id\":\"https:\/\/unipower-se.tbwebsite.com\/about-unipower\/#primaryimage\",\"url\":\"https:\/\/unipower-se.tbwebsite.com\/wp-content\/uploads\/2022\/10\/unipower_iso_cert-02.png\",\"contentUrl\":\"https:\/\/unipower-se.tbwebsite.com\/wp-content\/uploads\/2022\/10\/unipower_iso_cert-02.png\"},{\"@type\":\"BreadcrumbList\",\"@id\":\"https:\/\/unipower-se.tbwebsite.com\/about-unipower\/#breadcrumb\",\"itemListElement\":[{\"@type\":\"ListItem\",\"position\":1,\"name\":\"Home\",\"item\":\"https:\/\/unipower-se.tbwebsite.com\/\"},{\"@type\":\"ListItem\",\"position\":2,\"name\":\"About Unipower\"}]},{\"@type\":\"WebSite\",\"@id\":\"https:\/\/unipower-se.tbwebsite.com\/#website\",\"url\":\"https:\/\/unipower-se.tbwebsite.com\/\",\"name\":\"Unipower AB\",\"description\":\"The Leading Edge in Electric Power Quality Instruments\",\"publisher\":{\"@id\":\"https:\/\/unipower-se.tbwebsite.com\/#organization\"},\"potentialAction\":[{\"@type\":\"SearchAction\",\"target\":{\"@type\":\"EntryPoint\",\"urlTemplate\":\"https:\/\/unipower-se.tbwebsite.com\/?s={search_term_string}\"},\"query-input\":{\"@type\":\"PropertyValueSpecification\",\"valueRequired\":true,\"valueName\":\"search_term_string\"}}],\"inLanguage\":\"sv-SE\"},{\"@type\":\"Organization\",\"@id\":\"https:\/\/unipower-se.tbwebsite.com\/#organization\",\"name\":\"Unipower AB\",\"url\":\"https:\/\/unipower-se.tbwebsite.com\/\",\"logo\":{\"@type\":\"ImageObject\",\"inLanguage\":\"sv-SE\",\"@id\":\"https:\/\/unipower-se.tbwebsite.com\/#\/schema\/logo\/image\/\",\"url\":\"https:\/\/unipower-se.tbwebsite.com\/wp-content\/uploads\/2022\/10\/Unipower-logo-blue.png\",\"contentUrl\":\"https:\/\/unipower-se.tbwebsite.com\/wp-content\/uploads\/2022\/10\/Unipower-logo-blue.png\",\"width\":396,\"height\":192,\"caption\":\"Unipower AB\"},\"image\":{\"@id\":\"https:\/\/unipower-se.tbwebsite.com\/#\/schema\/logo\/image\/\"},\"sameAs\":[\"https:\/\/www.facebook.com\/UnipowerSweden\/\"]}]}<\/script>\n<!-- \/ Yoast SEO plugin. -->","yoast_head_json":{"title":"About Unipower, your Power Quality partner - Unipower AB","description":"Unipower AB in Sweden offers a wide range of products for Power Quality measurements and demand analysis. Smart-Grid solutions. Since 1984.","robots":{"index":"index","follow":"follow","max-snippet":"max-snippet:-1","max-image-preview":"max-image-preview:large","max-video-preview":"max-video-preview:-1"},"canonical":"https:\/\/unipower-se.tbwebsite.com\/sv\/om-unipower\/","og_locale":"sv_SE","og_type":"article","og_title":"About Unipower, your Power Quality partner - Unipower AB","og_description":"Unipower AB in Sweden offers a wide range of products for Power Quality measurements and demand analysis. Smart-Grid solutions. Since 1984.","og_url":"https:\/\/unipower-se.tbwebsite.com\/sv\/om-unipower\/","og_site_name":"Unipower AB","article_publisher":"https:\/\/www.facebook.com\/UnipowerSweden\/","article_modified_time":"2025-06-26T08:54:17+00:00","og_image":[{"width":709,"height":702,"url":"https:\/\/unipower-se.tbwebsite.com\/wp-content\/uploads\/2022\/10\/unipower_iso_cert-02.png","type":"image\/png"}],"twitter_card":"summary_large_image","twitter_misc":{"Ber\u00e4knad l\u00e4stid":"2 minuter"},"schema":{"@context":"https:\/\/schema.org","@graph":[{"@type":"WebPage","@id":"https:\/\/unipower-se.tbwebsite.com\/about-unipower\/","url":"https:\/\/unipower-se.tbwebsite.com\/about-unipower\/","name":"About Unipower, your Power Quality partner - Unipower AB","isPartOf":{"@id":"https:\/\/unipower-se.tbwebsite.com\/#website"},"primaryImageOfPage":{"@id":"https:\/\/unipower-se.tbwebsite.com\/about-unipower\/#primaryimage"},"image":{"@id":"https:\/\/unipower-se.tbwebsite.com\/about-unipower\/#primaryimage"},"thumbnailUrl":"https:\/\/unipower-se.tbwebsite.com\/wp-content\/uploads\/2022\/10\/unipower_iso_cert-02.png","datePublished":"2022-10-10T12:30:02+00:00","dateModified":"2025-06-26T08:54:17+00:00","description":"Unipower AB in Sweden offers a wide range of products for Power Quality measurements and demand analysis. Smart-Grid solutions. Since 1984.","breadcrumb":{"@id":"https:\/\/unipower-se.tbwebsite.com\/about-unipower\/#breadcrumb"},"inLanguage":"sv-SE","potentialAction":[{"@type":"ReadAction","target":["https:\/\/unipower-se.tbwebsite.com\/about-unipower\/"]}]},{"@type":"ImageObject","inLanguage":"sv-SE","@id":"https:\/\/unipower-se.tbwebsite.com\/about-unipower\/#primaryimage","url":"https:\/\/unipower-se.tbwebsite.com\/wp-content\/uploads\/2022\/10\/unipower_iso_cert-02.png","contentUrl":"https:\/\/unipower-se.tbwebsite.com\/wp-content\/uploads\/2022\/10\/unipower_iso_cert-02.png"},{"@type":"BreadcrumbList","@id":"https:\/\/unipower-se.tbwebsite.com\/about-unipower\/#breadcrumb","itemListElement":[{"@type":"ListItem","position":1,"name":"Home","item":"https:\/\/unipower-se.tbwebsite.com\/"},{"@type":"ListItem","position":2,"name":"About Unipower"}]},{"@type":"WebSite","@id":"https:\/\/unipower-se.tbwebsite.com\/#website","url":"https:\/\/unipower-se.tbwebsite.com\/","name":"Unipower AB","description":"The Leading Edge in Electric Power Quality Instruments","publisher":{"@id":"https:\/\/unipower-se.tbwebsite.com\/#organization"},"potentialAction":[{"@type":"SearchAction","target":{"@type":"EntryPoint","urlTemplate":"https:\/\/unipower-se.tbwebsite.com\/?s={search_term_string}"},"query-input":{"@type":"PropertyValueSpecification","valueRequired":true,"valueName":"search_term_string"}}],"inLanguage":"sv-SE"},{"@type":"Organization","@id":"https:\/\/unipower-se.tbwebsite.com\/#organization","name":"Unipower AB","url":"https:\/\/unipower-se.tbwebsite.com\/","logo":{"@type":"ImageObject","inLanguage":"sv-SE","@id":"https:\/\/unipower-se.tbwebsite.com\/#\/schema\/logo\/image\/","url":"https:\/\/unipower-se.tbwebsite.com\/wp-content\/uploads\/2022\/10\/Unipower-logo-blue.png","contentUrl":"https:\/\/unipower-se.tbwebsite.com\/wp-content\/uploads\/2022\/10\/Unipower-logo-blue.png","width":396,"height":192,"caption":"Unipower AB"},"image":{"@id":"https:\/\/unipower-se.tbwebsite.com\/#\/schema\/logo\/image\/"},"sameAs":["https:\/\/www.facebook.com\/UnipowerSweden\/"]}]}},"_links":{"self":[{"href":"https:\/\/unipower-se.tbwebsite.com\/sv\/wp-json\/wp\/v2\/pages\/19","targetHints":{"allow":["GET"]}}],"collection":[{"href":"https:\/\/unipower-se.tbwebsite.com\/sv\/wp-json\/wp\/v2\/pages"}],"about":[{"href":"https:\/\/unipower-se.tbwebsite.com\/sv\/wp-json\/wp\/v2\/types\/page"}],"author":[{"embeddable":true,"href":"https:\/\/unipower-se.tbwebsite.com\/sv\/wp-json\/wp\/v2\/users\/1"}],"replies":[{"embeddable":true,"href":"https:\/\/unipower-se.tbwebsite.com\/sv\/wp-json\/wp\/v2\/comments?post=19"}],"version-history":[{"count":41,"href":"https:\/\/unipower-se.tbwebsite.com\/sv\/wp-json\/wp\/v2\/pages\/19\/revisions"}],"predecessor-version":[{"id":12318,"href":"https:\/\/unipower-se.tbwebsite.com\/sv\/wp-json\/wp\/v2\/pages\/19\/revisions\/12318"}],"wp:attachment":[{"href":"https:\/\/unipower-se.tbwebsite.com\/sv\/wp-json\/wp\/v2\/media?parent=19"}],"curies":[{"name":"wp","href":"https:\/\/api.w.org\/{rel}","templated":true}]}}