{"id":268,"date":"2022-10-11T14:32:55","date_gmt":"2022-10-11T12:32:55","guid":{"rendered":"https:\/\/unipower-se.tbwebsite.com\/?page_id=268"},"modified":"2022-11-23T14:48:09","modified_gmt":"2022-11-23T13:48:09","slug":"power-quality-management-system","status":"publish","type":"page","link":"https:\/\/unipower-se.tbwebsite.com\/sv\/produkter-och-tjanster\/elkvalitet-overvakning\/","title":{"rendered":"Elkvalitet \u00f6vervakning"},"content":{"rendered":"<div data-elementor-type=\"wp-page\" data-elementor-id=\"268\" class=\"elementor elementor-268\" data-elementor-post-type=\"page\">\n\t\t\t\t\t\t<section class=\"elementor-section elementor-top-section elementor-element elementor-element-cf10e80 elementor-section-boxed elementor-section-height-default elementor-section-height-default\" data-id=\"cf10e80\" data-element_type=\"section\" data-settings=\"{&quot;background_background&quot;:&quot;classic&quot;}\">\n\t\t\t\t\t\t<div class=\"elementor-container elementor-column-gap-default\">\n\t\t\t\t\t<div class=\"elementor-column elementor-col-100 elementor-top-column elementor-element elementor-element-d0e7344\" data-id=\"d0e7344\" data-element_type=\"column\" data-settings=\"{&quot;background_background&quot;:&quot;classic&quot;}\">\n\t\t\t<div class=\"elementor-widget-wrap elementor-element-populated\">\n\t\t\t\t\t\t<div class=\"elementor-element elementor-element-6ca71ee elementor-widget elementor-widget-heading\" data-id=\"6ca71ee\" data-element_type=\"widget\" data-widget_type=\"heading.default\">\n\t\t\t\t<div class=\"elementor-widget-container\">\n\t\t\t\t\t<h1 class=\"elementor-heading-title elementor-size-default\">Elkvalitet \u00f6vervakning<\/h1>\t\t\t\t<\/div>\n\t\t\t\t<\/div>\n\t\t\t\t<div class=\"elementor-element elementor-element-f149764 elementor-widget__width-initial elementor-widget elementor-widget-text-editor\" data-id=\"f149764\" data-element_type=\"widget\" data-widget_type=\"text-editor.default\">\n\t\t\t\t<div class=\"elementor-widget-container\">\n\t\t\t\t\t\t\t\t\t<p>PQ Secure \u00e4r marknadens ledande system f\u00f6r \u00f6vervakning av elkvalitet och st\u00f6rningar i eln\u00e4tet. PQ Secure \u00e4r ett system att v\u00e4xa med och kan hantera ett mycket stort antal m\u00e4tenheter\/noder av olika typ. Ju fler m\u00e4tenheter man har desto kraftfullare blir systemet och desto st\u00f6rre kontroll f\u00e5r man \u00f6ver st\u00f6rningar i eln\u00e4tet.<\/p>\t\t\t\t\t\t\t\t<\/div>\n\t\t\t\t<\/div>\n\t\t\t\t\t<\/div>\n\t\t<\/div>\n\t\t\t\t\t<\/div>\n\t\t<\/section>\n\t\t\t\t<section class=\"elementor-section elementor-top-section elementor-element elementor-element-bcaeaac elementor-section-boxed elementor-section-height-default elementor-section-height-default\" data-id=\"bcaeaac\" data-element_type=\"section\" data-settings=\"{&quot;background_background&quot;:&quot;classic&quot;}\">\n\t\t\t\t\t\t<div class=\"elementor-container elementor-column-gap-default\">\n\t\t\t\t\t<div class=\"elementor-column elementor-col-100 elementor-top-column elementor-element elementor-element-36d3427\" data-id=\"36d3427\" data-element_type=\"column\" data-settings=\"{&quot;background_background&quot;:&quot;classic&quot;}\">\n\t\t\t<div class=\"elementor-widget-wrap elementor-element-populated\">\n\t\t\t\t\t\t<div class=\"elementor-element elementor-element-d2ac50b elementor-widget__width-initial elementor-widget-mobile__width-inherit icon-cta elementor-cta--skin-classic elementor-animated-content elementor-widget elementor-widget-call-to-action\" data-id=\"d2ac50b\" data-element_type=\"widget\" data-widget_type=\"call-to-action.default\">\n\t\t\t\t<div class=\"elementor-widget-container\">\n\t\t\t\t\t\t\t<a class=\"elementor-cta\" href=\"https:\/\/unipower-se.tbwebsite.com\/sv\/produkter-och-tjanster\/elkvalitet-overvakning\/pq-secure-system\/\">\n\t\t\t\t\t<div class=\"elementor-cta__bg-wrapper\">\n\t\t\t\t<div class=\"elementor-cta__bg elementor-bg\" style=\"background-image: url(https:\/\/unipower-se.tbwebsite.com\/wp-content\/uploads\/2022\/10\/pq-secure.png);\" role=\"img\" aria-label=\"pq-secure2\"><\/div>\n\t\t\t\t<div class=\"elementor-cta__bg-overlay\"><\/div>\n\t\t\t<\/div>\n\t\t\t\t\t\t\t<div class=\"elementor-cta__content\">\n\t\t\t\t\n\t\t\t\t\t\t\t\t\t<h2 class=\"elementor-cta__title elementor-cta__content-item elementor-content-item\">\n\t\t\t\t\t\tPQ Secure\t\t\t\t\t<\/h2>\n\t\t\t\t\n\t\t\t\t\n\t\t\t\t\t\t\t\t\t<div class=\"elementor-cta__button-wrapper elementor-cta__content-item elementor-content-item\">\n\t\t\t\t\t<span class=\"elementor-cta__button elementor-button elementor-size-\">\n\t\t\t\t\t\tL\u00e4s mer\t\t\t\t\t<\/span>\n\t\t\t\t\t<\/div>\n\t\t\t\t\t\t\t<\/div>\n\t\t\t\t\t\t<\/a>\n\t\t\t\t\t\t<\/div>\n\t\t\t\t<\/div>\n\t\t\t\t<div class=\"elementor-element elementor-element-b130cca elementor-widget__width-initial elementor-widget-mobile__width-inherit icon-cta elementor-cta--skin-classic elementor-animated-content elementor-widget elementor-widget-call-to-action\" data-id=\"b130cca\" data-element_type=\"widget\" data-widget_type=\"call-to-action.default\">\n\t\t\t\t<div class=\"elementor-widget-container\">\n\t\t\t\t\t\t\t<a class=\"elementor-cta\" href=\"https:\/\/unipower-se.tbwebsite.com\/sv\/produkter-och-tjanster\/elkvalitet-overvakning\/up-2210\/\">\n\t\t\t\t\t<div class=\"elementor-cta__bg-wrapper\">\n\t\t\t\t<div class=\"elementor-cta__bg elementor-bg\" style=\"background-image: url(https:\/\/unipower-se.tbwebsite.com\/wp-content\/uploads\/2022\/10\/up2210.jpg);\" role=\"img\" aria-label=\"up2210\"><\/div>\n\t\t\t\t<div class=\"elementor-cta__bg-overlay\"><\/div>\n\t\t\t<\/div>\n\t\t\t\t\t\t\t<div class=\"elementor-cta__content\">\n\t\t\t\t\n\t\t\t\t\t\t\t\t\t<h2 class=\"elementor-cta__title elementor-cta__content-item elementor-content-item\">\n\t\t\t\t\t\tUP-2210\t\t\t\t\t<\/h2>\n\t\t\t\t\n\t\t\t\t\n\t\t\t\t\t\t\t\t\t<div class=\"elementor-cta__button-wrapper elementor-cta__content-item elementor-content-item\">\n\t\t\t\t\t<span class=\"elementor-cta__button elementor-button elementor-size-\">\n\t\t\t\t\t\tL\u00e4s mer\t\t\t\t\t<\/span>\n\t\t\t\t\t<\/div>\n\t\t\t\t\t\t\t<\/div>\n\t\t\t\t\t\t<\/a>\n\t\t\t\t\t\t<\/div>\n\t\t\t\t<\/div>\n\t\t\t\t<div class=\"elementor-element elementor-element-dfcadb7 elementor-widget__width-initial elementor-widget-mobile__width-inherit icon-cta elementor-cta--skin-classic elementor-animated-content elementor-widget elementor-widget-call-to-action\" data-id=\"dfcadb7\" data-element_type=\"widget\" data-no-translation=\"\" data-widget_type=\"call-to-action.default\">\n\t\t\t\t<div class=\"elementor-widget-container\">\n\t\t\t\t\t<style>.elementor-element-dfcadb7{display:none !important}<\/style>\t\t\t\t<\/div>\n\t\t\t\t<\/div>\n\t\t\t\t<div class=\"elementor-element elementor-element-6b6399f elementor-widget__width-initial elementor-widget-mobile__width-inherit icon-cta elementor-cta--skin-classic elementor-animated-content elementor-widget elementor-widget-call-to-action\" data-id=\"6b6399f\" data-element_type=\"widget\" data-no-translation=\"\" data-widget_type=\"call-to-action.default\">\n\t\t\t\t<div class=\"elementor-widget-container\">\n\t\t\t\t\t\t\t<a class=\"elementor-cta\" href=\"https:\/\/unipower-se.tbwebsite.com\/sv\/produkter-och-tjanster\/elkvalitet-overvakning\/abonnemang\/\">\n\t\t\t\t\t<div class=\"elementor-cta__bg-wrapper\">\n\t\t\t\t<div class=\"elementor-cta__bg elementor-bg\" style=\"background-image: url(https:\/\/unipower-se.tbwebsite.com\/wp-content\/uploads\/2022\/10\/american-public-power-association-AA5v6sMcalY-unspla-1-1024x908.jpg);\" role=\"img\" aria-label=\"american-public-power-association-AA5v6sMcalY-unspla (1)\"><\/div>\n\t\t\t\t<div class=\"elementor-cta__bg-overlay\"><\/div>\n\t\t\t<\/div>\n\t\t\t\t\t\t\t<div class=\"elementor-cta__content\">\n\t\t\t\t\n\t\t\t\t\t\t\t\t\t<h2 class=\"elementor-cta__title elementor-cta__content-item elementor-content-item\">\n\t\t\t\t\t\tAbonnemang\t\t\t\t\t<\/h2>\n\t\t\t\t\n\t\t\t\t\n\t\t\t\t\t\t\t\t\t<div class=\"elementor-cta__button-wrapper elementor-cta__content-item elementor-content-item\">\n\t\t\t\t\t<span class=\"elementor-cta__button elementor-button elementor-size-\">\n\t\t\t\t\t\tL\u00e4s mer\t\t\t\t\t<\/span>\n\t\t\t\t\t<\/div>\n\t\t\t\t\t\t\t<\/div>\n\t\t\t\t\t\t<\/a>\n\t\t\t\t\t\t<\/div>\n\t\t\t\t<\/div>\n\t\t\t\t<div class=\"elementor-element elementor-element-fa41072 elementor-widget__width-initial elementor-widget-mobile__width-inherit icon-cta elementor-cta--skin-classic elementor-animated-content elementor-widget elementor-widget-call-to-action\" data-id=\"fa41072\" data-element_type=\"widget\" data-widget_type=\"call-to-action.default\">\n\t\t\t\t<div class=\"elementor-widget-container\">\n\t\t\t\t\t\t\t<a class=\"elementor-cta\" href=\"https:\/\/unipower-se.tbwebsite.com\/sv\/produkter-och-tjanster\/elkvalitet-overvakning\/installationer\/\">\n\t\t\t\t\t<div class=\"elementor-cta__bg-wrapper\">\n\t\t\t\t<div class=\"elementor-cta__bg elementor-bg\" style=\"background-image: url(https:\/\/unipower-se.tbwebsite.com\/wp-content\/uploads\/2022\/10\/installation.png);\" role=\"img\" aria-label=\"installation\"><\/div>\n\t\t\t\t<div class=\"elementor-cta__bg-overlay\"><\/div>\n\t\t\t<\/div>\n\t\t\t\t\t\t\t<div class=\"elementor-cta__content\">\n\t\t\t\t\n\t\t\t\t\t\t\t\t\t<h2 class=\"elementor-cta__title elementor-cta__content-item elementor-content-item\">\n\t\t\t\t\t\tInstallationer\t\t\t\t\t<\/h2>\n\t\t\t\t\n\t\t\t\t\n\t\t\t\t\t\t\t\t\t<div class=\"elementor-cta__button-wrapper elementor-cta__content-item elementor-content-item\">\n\t\t\t\t\t<span class=\"elementor-cta__button elementor-button elementor-size-\">\n\t\t\t\t\t\tL\u00e4s mer\t\t\t\t\t<\/span>\n\t\t\t\t\t<\/div>\n\t\t\t\t\t\t\t<\/div>\n\t\t\t\t\t\t<\/a>\n\t\t\t\t\t\t<\/div>\n\t\t\t\t<\/div>\n\t\t\t\t\t<\/div>\n\t\t<\/div>\n\t\t\t\t\t<\/div>\n\t\t<\/section>\n\t\t\t\t<\/div>","protected":false},"excerpt":{"rendered":"<p>Power quality management system The PQ Secure system for monitoring\u00a0of power quality and disturbances in the power network is top of the line in the market. The PQ Secure Power Quality Management System is a system to grow with, it is totally flexible when it comes to the number of measuring devices connected to the [&hellip;]<\/p>","protected":false},"author":1,"featured_media":0,"parent":16,"menu_order":0,"comment_status":"closed","ping_status":"closed","template":"","meta":{"footnotes":""},"class_list":["post-268","page","type-page","status-publish","hentry"],"yoast_head":"<!-- This site is optimized with the Yoast SEO plugin v25.9 - https:\/\/yoast.com\/wordpress\/plugins\/seo\/ -->\n<title>Power quality management system - Unipower AB<\/title>\n<meta name=\"description\" content=\"The PQ Secure system for surveillance of power quality and disturbances in the power network is top of the line power quality management system.\" \/>\n<meta name=\"robots\" content=\"index, follow, max-snippet:-1, max-image-preview:large, max-video-preview:-1\" \/>\n<link rel=\"canonical\" href=\"https:\/\/unipower-se.tbwebsite.com\/sv\/produkter-och-tjanster\/elkvalitet-overvakning\/\" \/>\n<meta property=\"og:locale\" content=\"sv_SE\" \/>\n<meta property=\"og:type\" content=\"article\" \/>\n<meta property=\"og:title\" content=\"Power quality management system - Unipower AB\" \/>\n<meta property=\"og:description\" content=\"The PQ Secure system for surveillance of power quality and disturbances in the power network is top of the line power quality management system.\" \/>\n<meta property=\"og:url\" content=\"https:\/\/unipower-se.tbwebsite.com\/sv\/produkter-och-tjanster\/elkvalitet-overvakning\/\" \/>\n<meta property=\"og:site_name\" content=\"Unipower AB\" \/>\n<meta property=\"article:publisher\" content=\"https:\/\/www.facebook.com\/UnipowerSweden\/\" \/>\n<meta property=\"article:modified_time\" content=\"2022-11-23T13:48:09+00:00\" \/>\n<meta name=\"twitter:card\" content=\"summary_large_image\" \/>\n<meta name=\"twitter:label1\" content=\"Ber\u00e4knad l\u00e4stid\" \/>\n\t<meta name=\"twitter:data1\" content=\"1 minut\" \/>\n<script type=\"application\/ld+json\" class=\"yoast-schema-graph\">{\"@context\":\"https:\/\/schema.org\",\"@graph\":[{\"@type\":\"WebPage\",\"@id\":\"https:\/\/unipower-se.tbwebsite.com\/products-and-services\/power-quality-management-system\/\",\"url\":\"https:\/\/unipower-se.tbwebsite.com\/products-and-services\/power-quality-management-system\/\",\"name\":\"Power quality management system - Unipower AB\",\"isPartOf\":{\"@id\":\"https:\/\/unipower-se.tbwebsite.com\/#website\"},\"datePublished\":\"2022-10-11T12:32:55+00:00\",\"dateModified\":\"2022-11-23T13:48:09+00:00\",\"description\":\"The PQ Secure system for surveillance of power quality and disturbances in the power network is top of the line power quality management system.\",\"breadcrumb\":{\"@id\":\"https:\/\/unipower-se.tbwebsite.com\/products-and-services\/power-quality-management-system\/#breadcrumb\"},\"inLanguage\":\"sv-SE\",\"potentialAction\":[{\"@type\":\"ReadAction\",\"target\":[\"https:\/\/unipower-se.tbwebsite.com\/products-and-services\/power-quality-management-system\/\"]}]},{\"@type\":\"BreadcrumbList\",\"@id\":\"https:\/\/unipower-se.tbwebsite.com\/products-and-services\/power-quality-management-system\/#breadcrumb\",\"itemListElement\":[{\"@type\":\"ListItem\",\"position\":1,\"name\":\"Home\",\"item\":\"https:\/\/unipower-se.tbwebsite.com\/\"},{\"@type\":\"ListItem\",\"position\":2,\"name\":\"Products and services\",\"item\":\"https:\/\/unipower-se.tbwebsite.com\/products-and-services\/\"},{\"@type\":\"ListItem\",\"position\":3,\"name\":\"Power quality management system\"}]},{\"@type\":\"WebSite\",\"@id\":\"https:\/\/unipower-se.tbwebsite.com\/#website\",\"url\":\"https:\/\/unipower-se.tbwebsite.com\/\",\"name\":\"Unipower AB\",\"description\":\"The Leading Edge in Electric Power Quality Instruments\",\"publisher\":{\"@id\":\"https:\/\/unipower-se.tbwebsite.com\/#organization\"},\"potentialAction\":[{\"@type\":\"SearchAction\",\"target\":{\"@type\":\"EntryPoint\",\"urlTemplate\":\"https:\/\/unipower-se.tbwebsite.com\/?s={search_term_string}\"},\"query-input\":{\"@type\":\"PropertyValueSpecification\",\"valueRequired\":true,\"valueName\":\"search_term_string\"}}],\"inLanguage\":\"sv-SE\"},{\"@type\":\"Organization\",\"@id\":\"https:\/\/unipower-se.tbwebsite.com\/#organization\",\"name\":\"Unipower AB\",\"url\":\"https:\/\/unipower-se.tbwebsite.com\/\",\"logo\":{\"@type\":\"ImageObject\",\"inLanguage\":\"sv-SE\",\"@id\":\"https:\/\/unipower-se.tbwebsite.com\/#\/schema\/logo\/image\/\",\"url\":\"https:\/\/unipower-se.tbwebsite.com\/wp-content\/uploads\/2022\/10\/Unipower-logo-blue.png\",\"contentUrl\":\"https:\/\/unipower-se.tbwebsite.com\/wp-content\/uploads\/2022\/10\/Unipower-logo-blue.png\",\"width\":396,\"height\":192,\"caption\":\"Unipower AB\"},\"image\":{\"@id\":\"https:\/\/unipower-se.tbwebsite.com\/#\/schema\/logo\/image\/\"},\"sameAs\":[\"https:\/\/www.facebook.com\/UnipowerSweden\/\"]}]}<\/script>\n<!-- \/ Yoast SEO plugin. -->","yoast_head_json":{"title":"Power quality management system - Unipower AB","description":"The PQ Secure system for surveillance of power quality and disturbances in the power network is top of the line power quality management system.","robots":{"index":"index","follow":"follow","max-snippet":"max-snippet:-1","max-image-preview":"max-image-preview:large","max-video-preview":"max-video-preview:-1"},"canonical":"https:\/\/unipower-se.tbwebsite.com\/sv\/produkter-och-tjanster\/elkvalitet-overvakning\/","og_locale":"sv_SE","og_type":"article","og_title":"Power quality management system - Unipower AB","og_description":"The PQ Secure system for surveillance of power quality and disturbances in the power network is top of the line power quality management system.","og_url":"https:\/\/unipower-se.tbwebsite.com\/sv\/produkter-och-tjanster\/elkvalitet-overvakning\/","og_site_name":"Unipower AB","article_publisher":"https:\/\/www.facebook.com\/UnipowerSweden\/","article_modified_time":"2022-11-23T13:48:09+00:00","twitter_card":"summary_large_image","twitter_misc":{"Ber\u00e4knad l\u00e4stid":"1 minut"},"schema":{"@context":"https:\/\/schema.org","@graph":[{"@type":"WebPage","@id":"https:\/\/unipower-se.tbwebsite.com\/products-and-services\/power-quality-management-system\/","url":"https:\/\/unipower-se.tbwebsite.com\/products-and-services\/power-quality-management-system\/","name":"Power quality management system - Unipower AB","isPartOf":{"@id":"https:\/\/unipower-se.tbwebsite.com\/#website"},"datePublished":"2022-10-11T12:32:55+00:00","dateModified":"2022-11-23T13:48:09+00:00","description":"The PQ Secure system for surveillance of power quality and disturbances in the power network is top of the line power quality management system.","breadcrumb":{"@id":"https:\/\/unipower-se.tbwebsite.com\/products-and-services\/power-quality-management-system\/#breadcrumb"},"inLanguage":"sv-SE","potentialAction":[{"@type":"ReadAction","target":["https:\/\/unipower-se.tbwebsite.com\/products-and-services\/power-quality-management-system\/"]}]},{"@type":"BreadcrumbList","@id":"https:\/\/unipower-se.tbwebsite.com\/products-and-services\/power-quality-management-system\/#breadcrumb","itemListElement":[{"@type":"ListItem","position":1,"name":"Home","item":"https:\/\/unipower-se.tbwebsite.com\/"},{"@type":"ListItem","position":2,"name":"Products and services","item":"https:\/\/unipower-se.tbwebsite.com\/products-and-services\/"},{"@type":"ListItem","position":3,"name":"Power quality management system"}]},{"@type":"WebSite","@id":"https:\/\/unipower-se.tbwebsite.com\/#website","url":"https:\/\/unipower-se.tbwebsite.com\/","name":"Unipower AB","description":"The Leading Edge in Electric Power Quality Instruments","publisher":{"@id":"https:\/\/unipower-se.tbwebsite.com\/#organization"},"potentialAction":[{"@type":"SearchAction","target":{"@type":"EntryPoint","urlTemplate":"https:\/\/unipower-se.tbwebsite.com\/?s={search_term_string}"},"query-input":{"@type":"PropertyValueSpecification","valueRequired":true,"valueName":"search_term_string"}}],"inLanguage":"sv-SE"},{"@type":"Organization","@id":"https:\/\/unipower-se.tbwebsite.com\/#organization","name":"Unipower AB","url":"https:\/\/unipower-se.tbwebsite.com\/","logo":{"@type":"ImageObject","inLanguage":"sv-SE","@id":"https:\/\/unipower-se.tbwebsite.com\/#\/schema\/logo\/image\/","url":"https:\/\/unipower-se.tbwebsite.com\/wp-content\/uploads\/2022\/10\/Unipower-logo-blue.png","contentUrl":"https:\/\/unipower-se.tbwebsite.com\/wp-content\/uploads\/2022\/10\/Unipower-logo-blue.png","width":396,"height":192,"caption":"Unipower AB"},"image":{"@id":"https:\/\/unipower-se.tbwebsite.com\/#\/schema\/logo\/image\/"},"sameAs":["https:\/\/www.facebook.com\/UnipowerSweden\/"]}]}},"_links":{"self":[{"href":"https:\/\/unipower-se.tbwebsite.com\/sv\/wp-json\/wp\/v2\/pages\/268","targetHints":{"allow":["GET"]}}],"collection":[{"href":"https:\/\/unipower-se.tbwebsite.com\/sv\/wp-json\/wp\/v2\/pages"}],"about":[{"href":"https:\/\/unipower-se.tbwebsite.com\/sv\/wp-json\/wp\/v2\/types\/page"}],"author":[{"embeddable":true,"href":"https:\/\/unipower-se.tbwebsite.com\/sv\/wp-json\/wp\/v2\/users\/1"}],"replies":[{"embeddable":true,"href":"https:\/\/unipower-se.tbwebsite.com\/sv\/wp-json\/wp\/v2\/comments?post=268"}],"version-history":[{"count":35,"href":"https:\/\/unipower-se.tbwebsite.com\/sv\/wp-json\/wp\/v2\/pages\/268\/revisions"}],"predecessor-version":[{"id":11008,"href":"https:\/\/unipower-se.tbwebsite.com\/sv\/wp-json\/wp\/v2\/pages\/268\/revisions\/11008"}],"up":[{"embeddable":true,"href":"https:\/\/unipower-se.tbwebsite.com\/sv\/wp-json\/wp\/v2\/pages\/16"}],"wp:attachment":[{"href":"https:\/\/unipower-se.tbwebsite.com\/sv\/wp-json\/wp\/v2\/media?parent=268"}],"curies":[{"name":"wp","href":"https:\/\/api.w.org\/{rel}","templated":true}]}}