{"id":272,"date":"2022-10-11T14:33:51","date_gmt":"2022-10-11T12:33:51","guid":{"rendered":"https:\/\/unipower-se.tbwebsite.com\/?page_id=272"},"modified":"2025-07-16T13:51:53","modified_gmt":"2025-07-16T11:51:53","slug":"accessories","status":"publish","type":"page","link":"https:\/\/unipower-se.tbwebsite.com\/sv\/produkter-och-tjanster\/tillbehor\/","title":{"rendered":"Tillbeh\u00f6r"},"content":{"rendered":"<div data-elementor-type=\"wp-page\" data-elementor-id=\"272\" class=\"elementor elementor-272\" data-elementor-post-type=\"page\">\n\t\t\t\t\t\t<section class=\"elementor-section elementor-top-section elementor-element elementor-element-d4c0474 elementor-section-boxed elementor-section-height-default elementor-section-height-default\" data-id=\"d4c0474\" data-element_type=\"section\" data-settings=\"{&quot;background_background&quot;:&quot;classic&quot;}\">\n\t\t\t\t\t\t<div class=\"elementor-container elementor-column-gap-default\">\n\t\t\t\t\t<div class=\"elementor-column elementor-col-100 elementor-top-column elementor-element elementor-element-4ea5925\" data-id=\"4ea5925\" data-element_type=\"column\" data-settings=\"{&quot;background_background&quot;:&quot;classic&quot;}\">\n\t\t\t<div class=\"elementor-widget-wrap elementor-element-populated\">\n\t\t\t\t\t\t<div class=\"elementor-element elementor-element-0dd2d32 elementor-widget elementor-widget-heading\" data-id=\"0dd2d32\" data-element_type=\"widget\" data-widget_type=\"heading.default\">\n\t\t\t\t<div class=\"elementor-widget-container\">\n\t\t\t\t\t<h1 class=\"elementor-heading-title elementor-size-default\">Tillbeh\u00f6r<\/h1>\t\t\t\t<\/div>\n\t\t\t\t<\/div>\n\t\t\t\t\t<\/div>\n\t\t<\/div>\n\t\t\t\t\t<\/div>\n\t\t<\/section>\n\t\t\t\t<section class=\"elementor-section elementor-top-section elementor-element elementor-element-0b3d392 elementor-section-boxed elementor-section-height-default elementor-section-height-default\" data-id=\"0b3d392\" data-element_type=\"section\" data-settings=\"{&quot;background_background&quot;:&quot;classic&quot;}\">\n\t\t\t\t\t\t<div class=\"elementor-container elementor-column-gap-default\">\n\t\t\t\t\t<div class=\"elementor-column elementor-col-100 elementor-top-column elementor-element elementor-element-539e2b2\" data-id=\"539e2b2\" data-element_type=\"column\" data-settings=\"{&quot;background_background&quot;:&quot;classic&quot;}\">\n\t\t\t<div class=\"elementor-widget-wrap elementor-element-populated\">\n\t\t\t\t\t\t<div class=\"elementor-element elementor-element-d21e1f1 elementor-widget__width-initial elementor-widget-mobile__width-inherit icon-cta elementor-cta--layout-image-left elementor-cta--mobile-layout-image-above elementor-cta--skin-classic elementor-animated-content elementor-widget elementor-widget-call-to-action\" data-id=\"d21e1f1\" data-element_type=\"widget\" data-widget_type=\"call-to-action.default\">\n\t\t\t\t<div class=\"elementor-widget-container\">\n\t\t\t\t\t\t\t<div class=\"elementor-cta\">\n\t\t\t\t\t<div class=\"elementor-cta__bg-wrapper\">\n\t\t\t\t<div class=\"elementor-cta__bg elementor-bg\" style=\"background-image: url(https:\/\/unipower-se.tbwebsite.com\/wp-content\/uploads\/2022\/11\/uthyrning.jpg);\" role=\"img\" aria-label=\"uthyrning-image\"><\/div>\n\t\t\t\t<div class=\"elementor-cta__bg-overlay\"><\/div>\n\t\t\t<\/div>\n\t\t\t\t\t\t\t<div class=\"elementor-cta__content\">\n\t\t\t\t\n\t\t\t\t\t\t\t\t\t<h2 class=\"elementor-cta__title elementor-cta__content-item elementor-content-item\">\n\t\t\t\t\t\tUnipower instrumentv\u00e4ska\t\t\t\t\t<\/h2>\n\t\t\t\t\n\t\t\t\t\t\t\t\t\t<div class=\"elementor-cta__description elementor-cta__content-item elementor-content-item\">\n\t\t\t\t\t\tMjuk (Art.Nr. 40-3061)\t\t\t\t\t<\/div>\n\t\t\t\t\n\t\t\t\t\t\t\t<\/div>\n\t\t\t\t\t\t<\/div>\n\t\t\t\t\t\t<\/div>\n\t\t\t\t<\/div>\n\t\t\t\t<div class=\"elementor-element elementor-element-f59c10e elementor-widget__width-initial elementor-widget-mobile__width-inherit icon-cta elementor-cta--layout-image-left elementor-cta--mobile-layout-image-above elementor-cta--skin-classic elementor-animated-content elementor-widget elementor-widget-call-to-action\" data-id=\"f59c10e\" data-element_type=\"widget\" data-widget_type=\"call-to-action.default\">\n\t\t\t\t<div class=\"elementor-widget-container\">\n\t\t\t\t\t\t\t<div class=\"elementor-cta\">\n\t\t\t\t\t<div class=\"elementor-cta__bg-wrapper\">\n\t\t\t\t<div class=\"elementor-cta__bg elementor-bg\" style=\"background-image: url(https:\/\/unipower-se.tbwebsite.com\/wp-content\/uploads\/2022\/10\/CROCODILE-CLIP-.jpg);\" role=\"img\" aria-label=\"CROCODILE CLIP\"><\/div>\n\t\t\t\t<div class=\"elementor-cta__bg-overlay\"><\/div>\n\t\t\t<\/div>\n\t\t\t\t\t\t\t<div class=\"elementor-cta__content\">\n\t\t\t\t\n\t\t\t\t\t\t\t\t\t<h2 class=\"elementor-cta__title elementor-cta__content-item elementor-content-item\">\n\t\t\t\t\t\tKrokodilkl\u00e4mma\t\t\t\t\t<\/h2>\n\t\t\t\t\n\t\t\t\t\t\t\t\t\t<div class=\"elementor-cta__description elementor-cta__content-item elementor-content-item\">\n\t\t\t\t\t\tR\u00f6d (Art.Nr. 40-2030)<br>\nSvart (Art.Nr. 40-2040)\t\t\t\t\t<\/div>\n\t\t\t\t\n\t\t\t\t\t\t\t<\/div>\n\t\t\t\t\t\t<\/div>\n\t\t\t\t\t\t<\/div>\n\t\t\t\t<\/div>\n\t\t\t\t<div class=\"elementor-element elementor-element-b00e1b2 elementor-widget__width-initial elementor-widget-mobile__width-inherit icon-cta elementor-cta--layout-image-left elementor-cta--mobile-layout-image-above elementor-cta--skin-classic elementor-animated-content elementor-widget elementor-widget-call-to-action\" data-id=\"b00e1b2\" data-element_type=\"widget\" data-widget_type=\"call-to-action.default\">\n\t\t\t\t<div class=\"elementor-widget-container\">\n\t\t\t\t\t\t\t<div class=\"elementor-cta\">\n\t\t\t\t\t<div class=\"elementor-cta__bg-wrapper\">\n\t\t\t\t<div class=\"elementor-cta__bg elementor-bg\" style=\"background-image: url(https:\/\/unipower-se.tbwebsite.com\/wp-content\/uploads\/2022\/10\/VAMPIRE-CLIP-.jpg);\" role=\"img\" aria-label=\"VAMPIRE CLIP\"><\/div>\n\t\t\t\t<div class=\"elementor-cta__bg-overlay\"><\/div>\n\t\t\t<\/div>\n\t\t\t\t\t\t\t<div class=\"elementor-cta__content\">\n\t\t\t\t\n\t\t\t\t\t\t\t\t\t<h2 class=\"elementor-cta__title elementor-cta__content-item elementor-content-item\">\n\t\t\t\t\t\tVampyrkl\u00e4mma\t\t\t\t\t<\/h2>\n\t\t\t\t\n\t\t\t\t\t\t\t\t\t<div class=\"elementor-cta__description elementor-cta__content-item elementor-content-item\">\n\t\t\t\t\t\tR\u00f6d (Art.Nr. 40-2031)<br>\nSvart (Art.Nr. 40-2041)\t\t\t\t\t<\/div>\n\t\t\t\t\n\t\t\t\t\t\t\t<\/div>\n\t\t\t\t\t\t<\/div>\n\t\t\t\t\t\t<\/div>\n\t\t\t\t<\/div>\n\t\t\t\t<div class=\"elementor-element elementor-element-4e3a671 elementor-widget__width-initial elementor-widget-mobile__width-inherit icon-cta elementor-cta--layout-image-left elementor-cta--mobile-layout-image-above elementor-cta--skin-classic elementor-animated-content elementor-widget elementor-widget-call-to-action\" data-id=\"4e3a671\" data-element_type=\"widget\" data-widget_type=\"call-to-action.default\">\n\t\t\t\t<div class=\"elementor-widget-container\">\n\t\t\t\t\t\t\t<div class=\"elementor-cta\">\n\t\t\t\t\t<div class=\"elementor-cta__bg-wrapper\">\n\t\t\t\t<div class=\"elementor-cta__bg elementor-bg\" style=\"background-image: url(https:\/\/unipower-se.tbwebsite.com\/wp-content\/uploads\/2022\/10\/MARKING-STRIPS-.jpg);\" role=\"img\" aria-label=\"MARKING STRIPS\"><\/div>\n\t\t\t\t<div class=\"elementor-cta__bg-overlay\"><\/div>\n\t\t\t<\/div>\n\t\t\t\t\t\t\t<div class=\"elementor-cta__content\">\n\t\t\t\t\n\t\t\t\t\t\t\t\t\t<h2 class=\"elementor-cta__title elementor-cta__content-item elementor-content-item\">\n\t\t\t\t\t\tM\u00e4rkremsor\t\t\t\t\t<\/h2>\n\t\t\t\t\n\t\t\t\t\t\t\t\t\t<div class=\"elementor-cta__description elementor-cta__content-item elementor-content-item\">\n\t\t\t\t\t\tI olika f\u00e4rger, f\u00f6r m\u00e4rkning av givare (Art.Nr. 40-2060)\t\t\t\t\t<\/div>\n\t\t\t\t\n\t\t\t\t\t\t\t<\/div>\n\t\t\t\t\t\t<\/div>\n\t\t\t\t\t\t<\/div>\n\t\t\t\t<\/div>\n\t\t\t\t<div class=\"elementor-element elementor-element-2c22108 elementor-widget__width-initial elementor-widget-mobile__width-inherit icon-cta elementor-cta--layout-image-left elementor-cta--mobile-layout-image-above elementor-cta--skin-classic elementor-animated-content elementor-widget elementor-widget-call-to-action\" data-id=\"2c22108\" data-element_type=\"widget\" data-widget_type=\"call-to-action.default\">\n\t\t\t\t<div class=\"elementor-widget-container\">\n\t\t\t\t\t\t\t<div class=\"elementor-cta\">\n\t\t\t\t\t<div class=\"elementor-cta__bg-wrapper\">\n\t\t\t\t<div class=\"elementor-cta__bg elementor-bg\" style=\"background-image: url(https:\/\/unipower-se.tbwebsite.com\/wp-content\/uploads\/2022\/10\/GROUND-CONNECTION-CABLE-.jpg);\" role=\"img\" aria-label=\"GROUND CONNECTION CABLE\"><\/div>\n\t\t\t\t<div class=\"elementor-cta__bg-overlay\"><\/div>\n\t\t\t<\/div>\n\t\t\t\t\t\t\t<div class=\"elementor-cta__content\">\n\t\t\t\t\n\t\t\t\t\t\t\t\t\t<h2 class=\"elementor-cta__title elementor-cta__content-item elementor-content-item\">\n\t\t\t\t\t\tJordkabel\t\t\t\t\t<\/h2>\n\t\t\t\t\n\t\t\t\t\t\t\t\t\t<div class=\"elementor-cta__description elementor-cta__content-item elementor-content-item\">\n\t\t\t\t\t\tInkl. krokodilkl\u00e4mma (Art.Nr. 40-3010)\t\t\t\t\t<\/div>\n\t\t\t\t\n\t\t\t\t\t\t\t<\/div>\n\t\t\t\t\t\t<\/div>\n\t\t\t\t\t\t<\/div>\n\t\t\t\t<\/div>\n\t\t\t\t\t<\/div>\n\t\t<\/div>\n\t\t\t\t\t<\/div>\n\t\t<\/section>\n\t\t\t\t<\/div>","protected":false},"excerpt":{"rendered":"<p>Accessories Unipower instrument case Soft (Art.No. 40-3061) Crocodile clip Red (Art.No. 40-2030) Black (Art.No. 40-2040) Vampire clip Red (Art.No. 40-2031) Black (Art.No. 40-2041) Marking strips In different colours, for marking the transducers (Art.No. 40-2060) Ground connection cable Incl. crocodile clip (Art.No. 40-3010)<\/p>","protected":false},"author":1,"featured_media":0,"parent":16,"menu_order":0,"comment_status":"closed","ping_status":"closed","template":"","meta":{"footnotes":""},"class_list":["post-272","page","type-page","status-publish","hentry"],"yoast_head":"<!-- This site is optimized with the Yoast SEO plugin v25.9 - https:\/\/yoast.com\/wordpress\/plugins\/seo\/ -->\n<title>Accessories - Unipower AB<\/title>\n<meta name=\"description\" content=\"Accessories: Voltage safety probe. Red, with high power fuse (Art.No. 40-2010). Black (Art.No. 40-2020).\u00a0Crocodile clip. Red (Art.No. 40-2030). Black (Art.No. 40-2040.)\u00a0Vampire clip. Red (Art.No. 40-2031). Black (Art.No. 40-2041).\u00a0Adapter to banana plug. Red (Art.No. 40-2050). Black (Art.No. 40-2055).\u00a0Marking strips. In different colours, for marking the transducers (Art.No. 40-2060).\u00a0Velcro strap. 20 cm (Art.No. 40-2060).\u00a0Ground connection cable.. Incl. crocodile clip (Art.No. 40-3010).\u00a0Special instrument case. For Unilyzer \/ DIP 8000 \/ Unipower 3010 (Art.No. 40-3060).\u00a0Unipower instrument case. Soft (Art.No. 40-3061).\u00a0EasyProbe fuse cap for 25 A (Art.No. 40-2110). Fuse Cap EasyProbe 63 A\u00a0\" \/>\n<meta name=\"robots\" content=\"index, follow, max-snippet:-1, max-image-preview:large, max-video-preview:-1\" \/>\n<link rel=\"canonical\" href=\"https:\/\/unipower-se.tbwebsite.com\/sv\/produkter-och-tjanster\/tillbehor\/\" \/>\n<meta property=\"og:locale\" content=\"sv_SE\" \/>\n<meta property=\"og:type\" content=\"article\" \/>\n<meta property=\"og:title\" content=\"Accessories - Unipower AB\" \/>\n<meta property=\"og:description\" content=\"Accessories: Voltage safety probe. Red, with high power fuse (Art.No. 40-2010). Black (Art.No. 40-2020).\u00a0Crocodile clip. Red (Art.No. 40-2030). Black (Art.No. 40-2040.)\u00a0Vampire clip. Red (Art.No. 40-2031). Black (Art.No. 40-2041).\u00a0Adapter to banana plug. Red (Art.No. 40-2050). Black (Art.No. 40-2055).\u00a0Marking strips. In different colours, for marking the transducers (Art.No. 40-2060).\u00a0Velcro strap. 20 cm (Art.No. 40-2060).\u00a0Ground connection cable.. Incl. crocodile clip (Art.No. 40-3010).\u00a0Special instrument case. For Unilyzer \/ DIP 8000 \/ Unipower 3010 (Art.No. 40-3060).\u00a0Unipower instrument case. Soft (Art.No. 40-3061).\u00a0EasyProbe fuse cap for 25 A (Art.No. 40-2110). Fuse Cap EasyProbe 63 A\u00a0\" \/>\n<meta property=\"og:url\" content=\"https:\/\/unipower-se.tbwebsite.com\/sv\/produkter-och-tjanster\/tillbehor\/\" \/>\n<meta property=\"og:site_name\" content=\"Unipower AB\" \/>\n<meta property=\"article:publisher\" content=\"https:\/\/www.facebook.com\/UnipowerSweden\/\" \/>\n<meta property=\"article:modified_time\" content=\"2025-07-16T11:51:53+00:00\" \/>\n<meta name=\"twitter:card\" content=\"summary_large_image\" \/>\n<meta name=\"twitter:label1\" content=\"Ber\u00e4knad l\u00e4stid\" \/>\n\t<meta name=\"twitter:data1\" content=\"1 minut\" \/>\n<script type=\"application\/ld+json\" class=\"yoast-schema-graph\">{\"@context\":\"https:\/\/schema.org\",\"@graph\":[{\"@type\":\"WebPage\",\"@id\":\"https:\/\/unipower-se.tbwebsite.com\/products-and-services\/accessories\/\",\"url\":\"https:\/\/unipower-se.tbwebsite.com\/products-and-services\/accessories\/\",\"name\":\"Accessories - Unipower AB\",\"isPartOf\":{\"@id\":\"https:\/\/unipower-se.tbwebsite.com\/#website\"},\"datePublished\":\"2022-10-11T12:33:51+00:00\",\"dateModified\":\"2025-07-16T11:51:53+00:00\",\"description\":\"Accessories: Voltage safety probe. Red, with high power fuse (Art.No. 40-2010). Black (Art.No. 40-2020).\u00a0Crocodile clip. Red (Art.No. 40-2030). Black (Art.No. 40-2040.)\u00a0Vampire clip. Red (Art.No. 40-2031). Black (Art.No. 40-2041).\u00a0Adapter to banana plug. Red (Art.No. 40-2050). Black (Art.No. 40-2055).\u00a0Marking strips. In different colours, for marking the transducers (Art.No. 40-2060).\u00a0Velcro strap. 20 cm (Art.No. 40-2060).\u00a0Ground connection cable.. Incl. crocodile clip (Art.No. 40-3010).\u00a0Special instrument case. For Unilyzer \/ DIP 8000 \/ Unipower 3010 (Art.No. 40-3060).\u00a0Unipower instrument case. Soft (Art.No. 40-3061).\u00a0EasyProbe fuse cap for 25 A (Art.No. 40-2110). Fuse Cap EasyProbe 63 A\u00a0\",\"breadcrumb\":{\"@id\":\"https:\/\/unipower-se.tbwebsite.com\/products-and-services\/accessories\/#breadcrumb\"},\"inLanguage\":\"sv-SE\",\"potentialAction\":[{\"@type\":\"ReadAction\",\"target\":[\"https:\/\/unipower-se.tbwebsite.com\/products-and-services\/accessories\/\"]}]},{\"@type\":\"BreadcrumbList\",\"@id\":\"https:\/\/unipower-se.tbwebsite.com\/products-and-services\/accessories\/#breadcrumb\",\"itemListElement\":[{\"@type\":\"ListItem\",\"position\":1,\"name\":\"Home\",\"item\":\"https:\/\/unipower-se.tbwebsite.com\/\"},{\"@type\":\"ListItem\",\"position\":2,\"name\":\"Products and services\",\"item\":\"https:\/\/unipower-se.tbwebsite.com\/products-and-services\/\"},{\"@type\":\"ListItem\",\"position\":3,\"name\":\"Accessories\"}]},{\"@type\":\"WebSite\",\"@id\":\"https:\/\/unipower-se.tbwebsite.com\/#website\",\"url\":\"https:\/\/unipower-se.tbwebsite.com\/\",\"name\":\"Unipower AB\",\"description\":\"The Leading Edge in Electric Power Quality Instruments\",\"publisher\":{\"@id\":\"https:\/\/unipower-se.tbwebsite.com\/#organization\"},\"potentialAction\":[{\"@type\":\"SearchAction\",\"target\":{\"@type\":\"EntryPoint\",\"urlTemplate\":\"https:\/\/unipower-se.tbwebsite.com\/?s={search_term_string}\"},\"query-input\":{\"@type\":\"PropertyValueSpecification\",\"valueRequired\":true,\"valueName\":\"search_term_string\"}}],\"inLanguage\":\"sv-SE\"},{\"@type\":\"Organization\",\"@id\":\"https:\/\/unipower-se.tbwebsite.com\/#organization\",\"name\":\"Unipower AB\",\"url\":\"https:\/\/unipower-se.tbwebsite.com\/\",\"logo\":{\"@type\":\"ImageObject\",\"inLanguage\":\"sv-SE\",\"@id\":\"https:\/\/unipower-se.tbwebsite.com\/#\/schema\/logo\/image\/\",\"url\":\"https:\/\/unipower-se.tbwebsite.com\/wp-content\/uploads\/2022\/10\/Unipower-logo-blue.png\",\"contentUrl\":\"https:\/\/unipower-se.tbwebsite.com\/wp-content\/uploads\/2022\/10\/Unipower-logo-blue.png\",\"width\":396,\"height\":192,\"caption\":\"Unipower AB\"},\"image\":{\"@id\":\"https:\/\/unipower-se.tbwebsite.com\/#\/schema\/logo\/image\/\"},\"sameAs\":[\"https:\/\/www.facebook.com\/UnipowerSweden\/\"]}]}<\/script>\n<!-- \/ Yoast SEO plugin. -->","yoast_head_json":{"title":"Accessories - Unipower AB","description":"Accessories: Voltage safety probe. Red, with high power fuse (Art.No. 40-2010). Black (Art.No. 40-2020).\u00a0Crocodile clip. Red (Art.No. 40-2030). Black (Art.No. 40-2040.)\u00a0Vampire clip. Red (Art.No. 40-2031). Black (Art.No. 40-2041).\u00a0Adapter to banana plug. Red (Art.No. 40-2050). Black (Art.No. 40-2055).\u00a0Marking strips. In different colours, for marking the transducers (Art.No. 40-2060).\u00a0Velcro strap. 20 cm (Art.No. 40-2060).\u00a0Ground connection cable.. Incl. crocodile clip (Art.No. 40-3010).\u00a0Special instrument case. For Unilyzer \/ DIP 8000 \/ Unipower 3010 (Art.No. 40-3060).\u00a0Unipower instrument case. Soft (Art.No. 40-3061).\u00a0EasyProbe fuse cap for 25 A (Art.No. 40-2110). Fuse Cap EasyProbe 63 A\u00a0","robots":{"index":"index","follow":"follow","max-snippet":"max-snippet:-1","max-image-preview":"max-image-preview:large","max-video-preview":"max-video-preview:-1"},"canonical":"https:\/\/unipower-se.tbwebsite.com\/sv\/produkter-och-tjanster\/tillbehor\/","og_locale":"sv_SE","og_type":"article","og_title":"Accessories - Unipower AB","og_description":"Accessories: Voltage safety probe. Red, with high power fuse (Art.No. 40-2010). Black (Art.No. 40-2020).\u00a0Crocodile clip. Red (Art.No. 40-2030). Black (Art.No. 40-2040.)\u00a0Vampire clip. Red (Art.No. 40-2031). Black (Art.No. 40-2041).\u00a0Adapter to banana plug. Red (Art.No. 40-2050). Black (Art.No. 40-2055).\u00a0Marking strips. In different colours, for marking the transducers (Art.No. 40-2060).\u00a0Velcro strap. 20 cm (Art.No. 40-2060).\u00a0Ground connection cable.. Incl. crocodile clip (Art.No. 40-3010).\u00a0Special instrument case. For Unilyzer \/ DIP 8000 \/ Unipower 3010 (Art.No. 40-3060).\u00a0Unipower instrument case. Soft (Art.No. 40-3061).\u00a0EasyProbe fuse cap for 25 A (Art.No. 40-2110). Fuse Cap EasyProbe 63 A\u00a0","og_url":"https:\/\/unipower-se.tbwebsite.com\/sv\/produkter-och-tjanster\/tillbehor\/","og_site_name":"Unipower AB","article_publisher":"https:\/\/www.facebook.com\/UnipowerSweden\/","article_modified_time":"2025-07-16T11:51:53+00:00","twitter_card":"summary_large_image","twitter_misc":{"Ber\u00e4knad l\u00e4stid":"1 minut"},"schema":{"@context":"https:\/\/schema.org","@graph":[{"@type":"WebPage","@id":"https:\/\/unipower-se.tbwebsite.com\/products-and-services\/accessories\/","url":"https:\/\/unipower-se.tbwebsite.com\/products-and-services\/accessories\/","name":"Accessories - Unipower AB","isPartOf":{"@id":"https:\/\/unipower-se.tbwebsite.com\/#website"},"datePublished":"2022-10-11T12:33:51+00:00","dateModified":"2025-07-16T11:51:53+00:00","description":"Accessories: Voltage safety probe. Red, with high power fuse (Art.No. 40-2010). Black (Art.No. 40-2020).\u00a0Crocodile clip. Red (Art.No. 40-2030). Black (Art.No. 40-2040.)\u00a0Vampire clip. Red (Art.No. 40-2031). Black (Art.No. 40-2041).\u00a0Adapter to banana plug. Red (Art.No. 40-2050). Black (Art.No. 40-2055).\u00a0Marking strips. In different colours, for marking the transducers (Art.No. 40-2060).\u00a0Velcro strap. 20 cm (Art.No. 40-2060).\u00a0Ground connection cable.. Incl. crocodile clip (Art.No. 40-3010).\u00a0Special instrument case. For Unilyzer \/ DIP 8000 \/ Unipower 3010 (Art.No. 40-3060).\u00a0Unipower instrument case. Soft (Art.No. 40-3061).\u00a0EasyProbe fuse cap for 25 A (Art.No. 40-2110). Fuse Cap EasyProbe 63 A\u00a0","breadcrumb":{"@id":"https:\/\/unipower-se.tbwebsite.com\/products-and-services\/accessories\/#breadcrumb"},"inLanguage":"sv-SE","potentialAction":[{"@type":"ReadAction","target":["https:\/\/unipower-se.tbwebsite.com\/products-and-services\/accessories\/"]}]},{"@type":"BreadcrumbList","@id":"https:\/\/unipower-se.tbwebsite.com\/products-and-services\/accessories\/#breadcrumb","itemListElement":[{"@type":"ListItem","position":1,"name":"Home","item":"https:\/\/unipower-se.tbwebsite.com\/"},{"@type":"ListItem","position":2,"name":"Products and services","item":"https:\/\/unipower-se.tbwebsite.com\/products-and-services\/"},{"@type":"ListItem","position":3,"name":"Accessories"}]},{"@type":"WebSite","@id":"https:\/\/unipower-se.tbwebsite.com\/#website","url":"https:\/\/unipower-se.tbwebsite.com\/","name":"Unipower AB","description":"The Leading Edge in Electric Power Quality Instruments","publisher":{"@id":"https:\/\/unipower-se.tbwebsite.com\/#organization"},"potentialAction":[{"@type":"SearchAction","target":{"@type":"EntryPoint","urlTemplate":"https:\/\/unipower-se.tbwebsite.com\/?s={search_term_string}"},"query-input":{"@type":"PropertyValueSpecification","valueRequired":true,"valueName":"search_term_string"}}],"inLanguage":"sv-SE"},{"@type":"Organization","@id":"https:\/\/unipower-se.tbwebsite.com\/#organization","name":"Unipower AB","url":"https:\/\/unipower-se.tbwebsite.com\/","logo":{"@type":"ImageObject","inLanguage":"sv-SE","@id":"https:\/\/unipower-se.tbwebsite.com\/#\/schema\/logo\/image\/","url":"https:\/\/unipower-se.tbwebsite.com\/wp-content\/uploads\/2022\/10\/Unipower-logo-blue.png","contentUrl":"https:\/\/unipower-se.tbwebsite.com\/wp-content\/uploads\/2022\/10\/Unipower-logo-blue.png","width":396,"height":192,"caption":"Unipower AB"},"image":{"@id":"https:\/\/unipower-se.tbwebsite.com\/#\/schema\/logo\/image\/"},"sameAs":["https:\/\/www.facebook.com\/UnipowerSweden\/"]}]}},"_links":{"self":[{"href":"https:\/\/unipower-se.tbwebsite.com\/sv\/wp-json\/wp\/v2\/pages\/272","targetHints":{"allow":["GET"]}}],"collection":[{"href":"https:\/\/unipower-se.tbwebsite.com\/sv\/wp-json\/wp\/v2\/pages"}],"about":[{"href":"https:\/\/unipower-se.tbwebsite.com\/sv\/wp-json\/wp\/v2\/types\/page"}],"author":[{"embeddable":true,"href":"https:\/\/unipower-se.tbwebsite.com\/sv\/wp-json\/wp\/v2\/users\/1"}],"replies":[{"embeddable":true,"href":"https:\/\/unipower-se.tbwebsite.com\/sv\/wp-json\/wp\/v2\/comments?post=272"}],"version-history":[{"count":56,"href":"https:\/\/unipower-se.tbwebsite.com\/sv\/wp-json\/wp\/v2\/pages\/272\/revisions"}],"predecessor-version":[{"id":12326,"href":"https:\/\/unipower-se.tbwebsite.com\/sv\/wp-json\/wp\/v2\/pages\/272\/revisions\/12326"}],"up":[{"embeddable":true,"href":"https:\/\/unipower-se.tbwebsite.com\/sv\/wp-json\/wp\/v2\/pages\/16"}],"wp:attachment":[{"href":"https:\/\/unipower-se.tbwebsite.com\/sv\/wp-json\/wp\/v2\/media?parent=272"}],"curies":[{"name":"wp","href":"https:\/\/api.w.org\/{rel}","templated":true}]}}