{"id":278,"date":"2022-10-11T14:35:43","date_gmt":"2022-10-11T12:35:43","guid":{"rendered":"https:\/\/unipower-se.tbwebsite.com\/?page_id=278"},"modified":"2024-01-31T13:51:56","modified_gmt":"2024-01-31T12:51:56","slug":"why-should-you-measure-power-quality","status":"publish","type":"page","link":"https:\/\/unipower-se.tbwebsite.com\/sv\/om-elkvalitet\/varfor-skall-man-mata-elkvalitet\/","title":{"rendered":"Varf\u00f6r skall man m\u00e4ta elkvalitet"},"content":{"rendered":"<div data-elementor-type=\"wp-page\" data-elementor-id=\"278\" class=\"elementor elementor-278\" data-elementor-post-type=\"page\">\n\t\t\t\t\t\t<section class=\"elementor-section elementor-top-section elementor-element elementor-element-1688d8f elementor-section-boxed elementor-section-height-default elementor-section-height-default\" data-id=\"1688d8f\" data-element_type=\"section\" data-settings=\"{&quot;background_background&quot;:&quot;classic&quot;}\">\n\t\t\t\t\t\t<div class=\"elementor-container elementor-column-gap-default\">\n\t\t\t\t\t<div class=\"elementor-column elementor-col-100 elementor-top-column elementor-element elementor-element-2180d69\" data-id=\"2180d69\" data-element_type=\"column\" data-settings=\"{&quot;background_background&quot;:&quot;classic&quot;}\">\n\t\t\t<div class=\"elementor-widget-wrap elementor-element-populated\">\n\t\t\t\t\t\t<div class=\"elementor-element elementor-element-4def68f elementor-widget__width-initial elementor-widget elementor-widget-heading\" data-id=\"4def68f\" data-element_type=\"widget\" data-widget_type=\"heading.default\">\n\t\t\t\t<div class=\"elementor-widget-container\">\n\t\t\t\t\t<h1 class=\"elementor-heading-title elementor-size-default\">Varf\u00f6r skall man m\u00e4ta elkvalitet?<\/h1>\t\t\t\t<\/div>\n\t\t\t\t<\/div>\n\t\t\t\t<div class=\"elementor-element elementor-element-d0cfdb7 elementor-widget__width-initial elementor-widget elementor-widget-text-editor\" data-id=\"d0cfdb7\" data-element_type=\"widget\" data-widget_type=\"text-editor.default\">\n\t\t\t\t<div class=\"elementor-widget-container\">\n\t\t\t\t\t\t\t\t\t<p>Orsakerna till att st\u00f6rningar uppst\u00e5r och f\u00f6rekommer i eln\u00e4tet \u00e4r m\u00e5nga. F\u00f6r att effektivt kunna \u00e5tg\u00e4rda och f\u00f6rebygga elkvalitetsrelaterade st\u00f6rningar och fenomen \u00e4r det en f\u00f6ruts\u00e4ttning att man vet hur det faktiskt ser ut.<\/p>\t\t\t\t\t\t\t\t<\/div>\n\t\t\t\t<\/div>\n\t\t\t\t<div class=\"elementor-element elementor-element-b751625 elementor-widget elementor-widget-button\" data-id=\"b751625\" data-element_type=\"widget\" data-widget_type=\"button.default\">\n\t\t\t\t<div class=\"elementor-widget-container\">\n\t\t\t\t\t\t\t\t\t<div class=\"elementor-button-wrapper\">\n\t\t\t\t\t<a class=\"elementor-button elementor-button-link elementor-size-sm\" href=\"https:\/\/unipower-se.tbwebsite.com\/sv\/kontakt\/\">\n\t\t\t\t\t\t<span class=\"elementor-button-content-wrapper\">\n\t\t\t\t\t\t\t\t\t<span class=\"elementor-button-text\">Kontakta oss<\/span>\n\t\t\t\t\t<\/span>\n\t\t\t\t\t<\/a>\n\t\t\t\t<\/div>\n\t\t\t\t\t\t\t\t<\/div>\n\t\t\t\t<\/div>\n\t\t\t\t\t<\/div>\n\t\t<\/div>\n\t\t\t\t\t<\/div>\n\t\t<\/section>\n\t\t\t\t<section class=\"elementor-section elementor-top-section elementor-element elementor-element-3079e51 elementor-section-boxed elementor-section-height-default elementor-section-height-default\" data-id=\"3079e51\" data-element_type=\"section\" data-settings=\"{&quot;background_background&quot;:&quot;classic&quot;}\">\n\t\t\t\t\t\t<div class=\"elementor-container elementor-column-gap-default\">\n\t\t\t\t\t<div class=\"elementor-column elementor-col-100 elementor-top-column elementor-element elementor-element-bcd3385\" data-id=\"bcd3385\" data-element_type=\"column\" data-settings=\"{&quot;background_background&quot;:&quot;classic&quot;}\">\n\t\t\t<div class=\"elementor-widget-wrap elementor-element-populated\">\n\t\t\t\t\t\t<div class=\"elementor-element elementor-element-8adc460 elementor-cta--layout-image-left elementor-cta--mobile-layout-image-above elementor-cta--skin-classic elementor-animated-content elementor-widget elementor-widget-call-to-action\" data-id=\"8adc460\" data-element_type=\"widget\" data-widget_type=\"call-to-action.default\">\n\t\t\t\t<div class=\"elementor-widget-container\">\n\t\t\t\t\t\t\t<div class=\"elementor-cta\">\n\t\t\t\t\t<div class=\"elementor-cta__bg-wrapper\">\n\t\t\t\t<div class=\"elementor-cta__bg elementor-bg\" style=\"background-image: url(https:\/\/unipower-se.tbwebsite.com\/wp-content\/uploads\/2022\/10\/B2A5318.jpeg);\" role=\"img\" aria-label=\"B2A5318\"><\/div>\n\t\t\t\t<div class=\"elementor-cta__bg-overlay\"><\/div>\n\t\t\t<\/div>\n\t\t\t\t\t\t\t<div class=\"elementor-cta__content\">\n\t\t\t\t\n\t\t\t\t\n\t\t\t\t\t\t\t\t\t<div class=\"elementor-cta__description elementor-cta__content-item elementor-content-item\">\n\t\t\t\t\t\tGenom att m\u00e4ta och presentera m\u00e4tdata p\u00e5 ett \u00f6verblickbart s\u00e4tt har man f\u00f6ruts\u00e4ttningar att snabbt och effektivt f\u00e5 fram ett korrekt underlag f\u00f6r att fatta korrekta beslut.\n<br><br>\nTraditionellt har de flesta elkvalitetsm\u00e4tningar best\u00e5tt i direkt fels\u00f6kning och felavhj\u00e4lpning. Maskiner havererar, lampor blinkar, robotar stannar, elektronik sl\u00e5s ut. Oftast har man genom portabla m\u00e4tningar letat sig fram till st\u00f6rk\u00e4llan f\u00f6r att d\u00e4refter kunna \u00e5terg\u00e4rda eventuella fel.\t\t\t\t\t<\/div>\n\t\t\t\t\n\t\t\t\t\t\t\t<\/div>\n\t\t\t\t\t\t<\/div>\n\t\t\t\t\t\t<\/div>\n\t\t\t\t<\/div>\n\t\t\t\t\t<\/div>\n\t\t<\/div>\n\t\t\t\t\t<\/div>\n\t\t<\/section>\n\t\t\t\t<section class=\"elementor-section elementor-top-section elementor-element elementor-element-f83ab8c elementor-section-boxed elementor-section-height-default elementor-section-height-default\" data-id=\"f83ab8c\" data-element_type=\"section\">\n\t\t\t\t\t\t<div class=\"elementor-container elementor-column-gap-default\">\n\t\t\t\t\t<div class=\"elementor-column elementor-col-100 elementor-top-column elementor-element elementor-element-b631553\" data-id=\"b631553\" data-element_type=\"column\" data-settings=\"{&quot;background_background&quot;:&quot;classic&quot;}\">\n\t\t\t<div class=\"elementor-widget-wrap elementor-element-populated\">\n\t\t\t\t\t\t<div class=\"elementor-element elementor-element-e7c2730 elementor-widget elementor-widget-heading\" data-id=\"e7c2730\" data-element_type=\"widget\" data-widget_type=\"heading.default\">\n\t\t\t\t<div class=\"elementor-widget-container\">\n\t\t\t\t\t<h2 class=\"elementor-heading-title elementor-size-default\">Kontinuerlig \u00f6vervakning av str\u00f6m kvaliteten<\/h2>\t\t\t\t<\/div>\n\t\t\t\t<\/div>\n\t\t\t\t<div class=\"elementor-element elementor-element-844393a elementor-widget__width-inherit elementor-widget elementor-widget-text-editor\" data-id=\"844393a\" data-element_type=\"widget\" data-widget_type=\"text-editor.default\">\n\t\t\t\t<div class=\"elementor-widget-container\">\n\t\t\t\t\t\t\t\t\t<p>M\u00e5nga industrier och n\u00e4tbolag arbetar numera f\u00f6rebyggande med kontinuerlig \u00f6vervakning f\u00f6r att kunna uppt\u00e4cka st\u00f6rk\u00e4llor och feltillst\u00e5nd i n\u00e4tet innan konsekvenserna blir allt f\u00f6r l\u00e5ngtg\u00e5ende. Man utnyttjar elkvalitetssystemen som ett \u201dearly warning system\u201d f\u00f6r att snabbt uppt\u00e4cka exempelvis intermittenta jordfel innan de utvecklats till fullskaliga fel vars konsekvens annars skulle vara driftavbrott och produktionsstopp med stora kostnader som f\u00f6ljd.<\/p><p>I takt med att elkvalitetsystemens analysm\u00f6jligheter blivit allt kraftfullare finns m\u00f6jligheter att arbeta med statistik och trender p\u00e5 ett s\u00e4tt som inte tidigare varit m\u00f6jligt. Genom att se hur exempelvis sp\u00e4nningsvariationer och \u00f6vertonshalter f\u00f6r\u00e4ndras p\u00e5 \u00e5rsbasis f\u00e5r man kontroll \u00f6ver hur n\u00e4tet f\u00f6rh\u00e5ller sig till aktuella planeringsniv\u00e5er.<\/p><p>I m\u00e5nga sammanhang \u00e4r det av stort v\u00e4rde att g\u00f6ra en m\u00e4tning f\u00f6re en specifik \u00e5tg\u00e4rd eller ombyggnation i n\u00e4tet, f\u00f6r att efter f\u00f6r\u00e4ndringen f\u00f6lja upp med en verifieringsm\u00e4tning. D\u00e5 f\u00e5r man en effektiv kontroll \u00f6ver att f\u00f6r\u00e4ndringen f\u00e5tt avsedd effekt eller vilken inverkan den har haft.<\/p><p>I samband med vindkraftsexpansionen och utbyggnaden av andra distribuerade kraftk\u00e4llor sker stora f\u00f6r\u00e4ndringar av eln\u00e4tet. F\u00f6r att f\u00e5 kontroll \u00f6ver f\u00f6r\u00e4ndringar i n\u00e4tet och att nya anl\u00e4ggningar inte medf\u00f6r nya st\u00f6rningar har det blivit vanligt att n\u00e4tbolag satsar p\u00e5 kontinuerlig \u00f6vervakning av eln\u00e4tet.<\/p><p>Att m\u00e4ta \u00e4r att veta!<\/p>\t\t\t\t\t\t\t\t<\/div>\n\t\t\t\t<\/div>\n\t\t\t\t\t<\/div>\n\t\t<\/div>\n\t\t\t\t\t<\/div>\n\t\t<\/section>\n\t\t\t\t<\/div>","protected":false},"excerpt":{"rendered":"<p>Why should you measure power quality? There are various causes of power quality disturbances. To effectively correct and prevent disturbances and malfunctions, it is essential that you know the situation. Contact us By measuring and presenting data in a transparent way you get the proper basis for making correct decisions. Traditionally, most power quality measurements [&hellip;]<\/p>","protected":false},"author":1,"featured_media":0,"parent":23,"menu_order":0,"comment_status":"closed","ping_status":"closed","template":"","meta":{"footnotes":""},"class_list":["post-278","page","type-page","status-publish","hentry"],"yoast_head":"<!-- This site is optimized with the Yoast SEO plugin v25.9 - https:\/\/yoast.com\/wordpress\/plugins\/seo\/ -->\n<title>Why should you measure power quality - Unipower AB<\/title>\n<meta name=\"description\" content=\"To effectively prevent power quality disturbances, it is essential that you measure. By measuring you get the proper basis for making correct decisions.\" \/>\n<meta name=\"robots\" content=\"index, follow, max-snippet:-1, max-image-preview:large, max-video-preview:-1\" \/>\n<link rel=\"canonical\" href=\"https:\/\/unipower-se.tbwebsite.com\/sv\/om-elkvalitet\/varfor-skall-man-mata-elkvalitet\/\" \/>\n<meta property=\"og:locale\" content=\"sv_SE\" \/>\n<meta property=\"og:type\" content=\"article\" \/>\n<meta property=\"og:title\" content=\"Why should you measure power quality - Unipower AB\" \/>\n<meta property=\"og:description\" content=\"To effectively prevent power quality disturbances, it is essential that you measure. By measuring you get the proper basis for making correct decisions.\" \/>\n<meta property=\"og:url\" content=\"https:\/\/unipower-se.tbwebsite.com\/sv\/om-elkvalitet\/varfor-skall-man-mata-elkvalitet\/\" \/>\n<meta property=\"og:site_name\" content=\"Unipower AB\" \/>\n<meta property=\"article:publisher\" content=\"https:\/\/www.facebook.com\/UnipowerSweden\/\" \/>\n<meta property=\"article:modified_time\" content=\"2024-01-31T12:51:56+00:00\" \/>\n<meta name=\"twitter:card\" content=\"summary_large_image\" \/>\n<meta name=\"twitter:label1\" content=\"Ber\u00e4knad l\u00e4stid\" \/>\n\t<meta name=\"twitter:data1\" content=\"2 minuter\" \/>\n<script type=\"application\/ld+json\" class=\"yoast-schema-graph\">{\"@context\":\"https:\/\/schema.org\",\"@graph\":[{\"@type\":\"WebPage\",\"@id\":\"https:\/\/unipower-se.tbwebsite.com\/about-power-quality\/why-should-you-measure-power-quality\/\",\"url\":\"https:\/\/unipower-se.tbwebsite.com\/about-power-quality\/why-should-you-measure-power-quality\/\",\"name\":\"Why should you measure power quality - Unipower AB\",\"isPartOf\":{\"@id\":\"https:\/\/unipower-se.tbwebsite.com\/#website\"},\"datePublished\":\"2022-10-11T12:35:43+00:00\",\"dateModified\":\"2024-01-31T12:51:56+00:00\",\"description\":\"To effectively prevent power quality disturbances, it is essential that you measure. By measuring you get the proper basis for making correct decisions.\",\"breadcrumb\":{\"@id\":\"https:\/\/unipower-se.tbwebsite.com\/about-power-quality\/why-should-you-measure-power-quality\/#breadcrumb\"},\"inLanguage\":\"sv-SE\",\"potentialAction\":[{\"@type\":\"ReadAction\",\"target\":[\"https:\/\/unipower-se.tbwebsite.com\/about-power-quality\/why-should-you-measure-power-quality\/\"]}]},{\"@type\":\"BreadcrumbList\",\"@id\":\"https:\/\/unipower-se.tbwebsite.com\/about-power-quality\/why-should-you-measure-power-quality\/#breadcrumb\",\"itemListElement\":[{\"@type\":\"ListItem\",\"position\":1,\"name\":\"Home\",\"item\":\"https:\/\/unipower-se.tbwebsite.com\/\"},{\"@type\":\"ListItem\",\"position\":2,\"name\":\"About power quality\",\"item\":\"https:\/\/unipower-se.tbwebsite.com\/about-power-quality\/\"},{\"@type\":\"ListItem\",\"position\":3,\"name\":\"Why should you measure power quality\"}]},{\"@type\":\"WebSite\",\"@id\":\"https:\/\/unipower-se.tbwebsite.com\/#website\",\"url\":\"https:\/\/unipower-se.tbwebsite.com\/\",\"name\":\"Unipower AB\",\"description\":\"The Leading Edge in Electric Power Quality Instruments\",\"publisher\":{\"@id\":\"https:\/\/unipower-se.tbwebsite.com\/#organization\"},\"potentialAction\":[{\"@type\":\"SearchAction\",\"target\":{\"@type\":\"EntryPoint\",\"urlTemplate\":\"https:\/\/unipower-se.tbwebsite.com\/?s={search_term_string}\"},\"query-input\":{\"@type\":\"PropertyValueSpecification\",\"valueRequired\":true,\"valueName\":\"search_term_string\"}}],\"inLanguage\":\"sv-SE\"},{\"@type\":\"Organization\",\"@id\":\"https:\/\/unipower-se.tbwebsite.com\/#organization\",\"name\":\"Unipower AB\",\"url\":\"https:\/\/unipower-se.tbwebsite.com\/\",\"logo\":{\"@type\":\"ImageObject\",\"inLanguage\":\"sv-SE\",\"@id\":\"https:\/\/unipower-se.tbwebsite.com\/#\/schema\/logo\/image\/\",\"url\":\"https:\/\/unipower-se.tbwebsite.com\/wp-content\/uploads\/2022\/10\/Unipower-logo-blue.png\",\"contentUrl\":\"https:\/\/unipower-se.tbwebsite.com\/wp-content\/uploads\/2022\/10\/Unipower-logo-blue.png\",\"width\":396,\"height\":192,\"caption\":\"Unipower AB\"},\"image\":{\"@id\":\"https:\/\/unipower-se.tbwebsite.com\/#\/schema\/logo\/image\/\"},\"sameAs\":[\"https:\/\/www.facebook.com\/UnipowerSweden\/\"]}]}<\/script>\n<!-- \/ Yoast SEO plugin. -->","yoast_head_json":{"title":"Why should you measure power quality - Unipower AB","description":"To effectively prevent power quality disturbances, it is essential that you measure. By measuring you get the proper basis for making correct decisions.","robots":{"index":"index","follow":"follow","max-snippet":"max-snippet:-1","max-image-preview":"max-image-preview:large","max-video-preview":"max-video-preview:-1"},"canonical":"https:\/\/unipower-se.tbwebsite.com\/sv\/om-elkvalitet\/varfor-skall-man-mata-elkvalitet\/","og_locale":"sv_SE","og_type":"article","og_title":"Why should you measure power quality - Unipower AB","og_description":"To effectively prevent power quality disturbances, it is essential that you measure. By measuring you get the proper basis for making correct decisions.","og_url":"https:\/\/unipower-se.tbwebsite.com\/sv\/om-elkvalitet\/varfor-skall-man-mata-elkvalitet\/","og_site_name":"Unipower AB","article_publisher":"https:\/\/www.facebook.com\/UnipowerSweden\/","article_modified_time":"2024-01-31T12:51:56+00:00","twitter_card":"summary_large_image","twitter_misc":{"Ber\u00e4knad l\u00e4stid":"2 minuter"},"schema":{"@context":"https:\/\/schema.org","@graph":[{"@type":"WebPage","@id":"https:\/\/unipower-se.tbwebsite.com\/about-power-quality\/why-should-you-measure-power-quality\/","url":"https:\/\/unipower-se.tbwebsite.com\/about-power-quality\/why-should-you-measure-power-quality\/","name":"Why should you measure power quality - Unipower AB","isPartOf":{"@id":"https:\/\/unipower-se.tbwebsite.com\/#website"},"datePublished":"2022-10-11T12:35:43+00:00","dateModified":"2024-01-31T12:51:56+00:00","description":"To effectively prevent power quality disturbances, it is essential that you measure. By measuring you get the proper basis for making correct decisions.","breadcrumb":{"@id":"https:\/\/unipower-se.tbwebsite.com\/about-power-quality\/why-should-you-measure-power-quality\/#breadcrumb"},"inLanguage":"sv-SE","potentialAction":[{"@type":"ReadAction","target":["https:\/\/unipower-se.tbwebsite.com\/about-power-quality\/why-should-you-measure-power-quality\/"]}]},{"@type":"BreadcrumbList","@id":"https:\/\/unipower-se.tbwebsite.com\/about-power-quality\/why-should-you-measure-power-quality\/#breadcrumb","itemListElement":[{"@type":"ListItem","position":1,"name":"Home","item":"https:\/\/unipower-se.tbwebsite.com\/"},{"@type":"ListItem","position":2,"name":"About power quality","item":"https:\/\/unipower-se.tbwebsite.com\/about-power-quality\/"},{"@type":"ListItem","position":3,"name":"Why should you measure power quality"}]},{"@type":"WebSite","@id":"https:\/\/unipower-se.tbwebsite.com\/#website","url":"https:\/\/unipower-se.tbwebsite.com\/","name":"Unipower AB","description":"The Leading Edge in Electric Power Quality Instruments","publisher":{"@id":"https:\/\/unipower-se.tbwebsite.com\/#organization"},"potentialAction":[{"@type":"SearchAction","target":{"@type":"EntryPoint","urlTemplate":"https:\/\/unipower-se.tbwebsite.com\/?s={search_term_string}"},"query-input":{"@type":"PropertyValueSpecification","valueRequired":true,"valueName":"search_term_string"}}],"inLanguage":"sv-SE"},{"@type":"Organization","@id":"https:\/\/unipower-se.tbwebsite.com\/#organization","name":"Unipower AB","url":"https:\/\/unipower-se.tbwebsite.com\/","logo":{"@type":"ImageObject","inLanguage":"sv-SE","@id":"https:\/\/unipower-se.tbwebsite.com\/#\/schema\/logo\/image\/","url":"https:\/\/unipower-se.tbwebsite.com\/wp-content\/uploads\/2022\/10\/Unipower-logo-blue.png","contentUrl":"https:\/\/unipower-se.tbwebsite.com\/wp-content\/uploads\/2022\/10\/Unipower-logo-blue.png","width":396,"height":192,"caption":"Unipower AB"},"image":{"@id":"https:\/\/unipower-se.tbwebsite.com\/#\/schema\/logo\/image\/"},"sameAs":["https:\/\/www.facebook.com\/UnipowerSweden\/"]}]}},"_links":{"self":[{"href":"https:\/\/unipower-se.tbwebsite.com\/sv\/wp-json\/wp\/v2\/pages\/278","targetHints":{"allow":["GET"]}}],"collection":[{"href":"https:\/\/unipower-se.tbwebsite.com\/sv\/wp-json\/wp\/v2\/pages"}],"about":[{"href":"https:\/\/unipower-se.tbwebsite.com\/sv\/wp-json\/wp\/v2\/types\/page"}],"author":[{"embeddable":true,"href":"https:\/\/unipower-se.tbwebsite.com\/sv\/wp-json\/wp\/v2\/users\/1"}],"replies":[{"embeddable":true,"href":"https:\/\/unipower-se.tbwebsite.com\/sv\/wp-json\/wp\/v2\/comments?post=278"}],"version-history":[{"count":16,"href":"https:\/\/unipower-se.tbwebsite.com\/sv\/wp-json\/wp\/v2\/pages\/278\/revisions"}],"predecessor-version":[{"id":11804,"href":"https:\/\/unipower-se.tbwebsite.com\/sv\/wp-json\/wp\/v2\/pages\/278\/revisions\/11804"}],"up":[{"embeddable":true,"href":"https:\/\/unipower-se.tbwebsite.com\/sv\/wp-json\/wp\/v2\/pages\/23"}],"wp:attachment":[{"href":"https:\/\/unipower-se.tbwebsite.com\/sv\/wp-json\/wp\/v2\/media?parent=278"}],"curies":[{"name":"wp","href":"https:\/\/api.w.org\/{rel}","templated":true}]}}