{"id":380,"date":"2022-10-19T14:29:08","date_gmt":"2022-10-19T12:29:08","guid":{"rendered":"https:\/\/unipower-se.tbwebsite.com\/?page_id=380"},"modified":"2022-11-11T09:40:28","modified_gmt":"2022-11-11T08:40:28","slug":"up-2210","status":"publish","type":"page","link":"https:\/\/unipower-se.tbwebsite.com\/sv\/produkter-och-tjanster\/elkvalitet-overvakning\/up-2210\/","title":{"rendered":"UP-2210"},"content":{"rendered":"<div data-elementor-type=\"wp-page\" data-elementor-id=\"380\" class=\"elementor elementor-380\" data-elementor-post-type=\"page\">\n\t\t\t\t\t\t<section class=\"elementor-section elementor-top-section elementor-element elementor-element-362286c elementor-section-boxed elementor-section-height-default elementor-section-height-default\" data-id=\"362286c\" data-element_type=\"section\" data-settings=\"{&quot;background_background&quot;:&quot;classic&quot;}\">\n\t\t\t\t\t\t<div class=\"elementor-container elementor-column-gap-default\">\n\t\t\t\t\t<div class=\"elementor-column elementor-col-50 elementor-top-column elementor-element elementor-element-eccee70\" data-id=\"eccee70\" data-element_type=\"column\" data-settings=\"{&quot;background_background&quot;:&quot;classic&quot;}\">\n\t\t\t<div class=\"elementor-widget-wrap elementor-element-populated\">\n\t\t\t\t\t\t<div class=\"elementor-element elementor-element-8c3aeaa elementor-hidden-desktop elementor-hidden-laptop elementor-hidden-tablet elementor-widget elementor-widget-image\" data-id=\"8c3aeaa\" data-element_type=\"widget\" data-widget_type=\"image.default\">\n\t\t\t\t<div class=\"elementor-widget-container\">\n\t\t\t\t\t\t\t\t\t\t\t\t\t\t\t<img fetchpriority=\"high\" decoding=\"async\" width=\"768\" height=\"512\" src=\"https:\/\/unipower-se.tbwebsite.com\/wp-content\/uploads\/2022\/10\/B2A5318-768x512.jpeg\" class=\"attachment-medium_large size-medium_large wp-image-423\" alt=\"\" srcset=\"https:\/\/unipower-se.tbwebsite.com\/wp-content\/uploads\/2022\/10\/B2A5318-768x512.jpeg 768w, https:\/\/unipower-se.tbwebsite.com\/wp-content\/uploads\/2022\/10\/B2A5318-300x200.jpeg 300w, https:\/\/unipower-se.tbwebsite.com\/wp-content\/uploads\/2022\/10\/B2A5318-18x12.jpeg 18w, https:\/\/unipower-se.tbwebsite.com\/wp-content\/uploads\/2022\/10\/B2A5318.jpeg 800w\" sizes=\"(max-width: 768px) 100vw, 768px\" \/>\t\t\t\t\t\t\t\t\t\t\t\t\t\t\t<\/div>\n\t\t\t\t<\/div>\n\t\t\t\t<div class=\"elementor-element elementor-element-cd816f5 elementor-widget elementor-widget-heading\" data-id=\"cd816f5\" data-element_type=\"widget\" data-widget_type=\"heading.default\">\n\t\t\t\t<div class=\"elementor-widget-container\">\n\t\t\t\t\t<h1 class=\"elementor-heading-title elementor-size-default\">UP-2210<\/h1>\t\t\t\t<\/div>\n\t\t\t\t<\/div>\n\t\t\t\t<div class=\"elementor-element elementor-element-e7c6526 elementor-widget elementor-widget-heading\" data-id=\"e7c6526\" data-element_type=\"widget\" data-widget_type=\"heading.default\">\n\t\t\t\t<div class=\"elementor-widget-container\">\n\t\t\t\t\t<h2 class=\"elementor-heading-title elementor-size-default\">Elkvalitetsm\u00e4tare och st\u00f6rningsskrivare\u00a0<\/h2>\t\t\t\t<\/div>\n\t\t\t\t<\/div>\n\t\t\t\t<div class=\"elementor-element elementor-element-e3acc4d elementor-widget elementor-widget-button\" data-id=\"e3acc4d\" data-element_type=\"widget\" data-widget_type=\"button.default\">\n\t\t\t\t<div class=\"elementor-widget-container\">\n\t\t\t\t\t\t\t\t\t<div class=\"elementor-button-wrapper\">\n\t\t\t\t\t<a class=\"elementor-button elementor-button-link elementor-size-sm\" href=\"https:\/\/unipower-se.tbwebsite.com\/sv\/kontakt\/\">\n\t\t\t\t\t\t<span class=\"elementor-button-content-wrapper\">\n\t\t\t\t\t\t\t\t\t<span class=\"elementor-button-text\">Kontakta oss<\/span>\n\t\t\t\t\t<\/span>\n\t\t\t\t\t<\/a>\n\t\t\t\t<\/div>\n\t\t\t\t\t\t\t\t<\/div>\n\t\t\t\t<\/div>\n\t\t\t\t<div class=\"elementor-element elementor-element-46b27a0 elementor-widget__width-initial elementor-widget elementor-widget-text-editor\" data-id=\"46b27a0\" data-element_type=\"widget\" data-widget_type=\"text-editor.default\">\n\t\t\t\t<div class=\"elementor-widget-container\">\n\t\t\t\t\t\t\t\t\t<p>Klass A m\u00e4tning av str\u00f6mkvalitet.<\/p><p>UP-2210 \u00e4r m\u00e4tenheten som utg\u00f6r de olika m\u00e4tnoderna i PQ Secure. F\u00f6r att s\u00e4kerst\u00e4lla h\u00f6gsta m\u00f6jliga m\u00e4tnogranhet \u00e4r varje enhet certifierad i enlighet med m\u00e4tnormen IEC 61000-4-30, Klass A. Detta garanterar tillf\u00f6rlitliga m\u00e4tresultat och att uppm\u00e4tta data kan anv\u00e4ndas vid referensm\u00e4tningar.<\/p><p>UP-2210 fungerar b\u00e5de som elkvalitetsm\u00e4tare och avancerade st\u00f6rningsskrivare. Samtliga uppm\u00e4tta parametrar kan enkelt analyseras mot g\u00e4llande elkvalitetsstandarder s\u00e5som EN 50160, EN 61000-2-2 och EIFS.<\/p><p>M\u00e4tenheterna f\u00e5ngar s\u00e5v\u00e4l kontinuerligt f\u00f6rekommande st\u00f6rningar (\u00f6vertoner, flimmer etc) som snabba st\u00f6rningar (sp\u00e4nningsdippar, transienter).<\/p><p>PQ Secure-systemet t\u00f6mmer automatiskt samtliga m\u00e4tenheter i ett system utifr\u00e5n ett anv\u00e4ndardefinierat schema, och analyserar d\u00e4refter m\u00e4tresultatet och redovisar det f\u00f6r anv\u00e4ndaren. M\u00e4tresultatet kan visas som h\u00e4ndelser eller grafisk information, och i form av automatiska rapporter (EN 50160 etc).<\/p><p>F\u00f6r mer information om PQ Secure och UP-2210, <a href=\"\/sv\/kontakta-oss\">kontakta oss<\/a> p\u00e5 Unipower.<\/p><p><strong>Uppfyller Standard:<br \/>EMC<\/strong>:<\/p><ul><li>EN 50081-1,2<\/li><li>EN 50082-1,2<\/li><\/ul><p><strong><br \/>Sp\u00e4nningskvalitet<\/strong><\/p><ul><li>EN 50160,<\/li><li>EN 61000-2-2,<\/li><li>EN 61000-2-12<\/li><\/ul><p><strong>\u00d6vertoner<\/strong><\/p><ul><li>IEC 61000-4-7<\/li><\/ul><p><strong>Flicker:<\/strong><\/p><ul><li>IEC 61000-4-15<\/li><\/ul><p><strong>Elkvalitet M\u00e4tmetoder:<\/strong><\/p><ul><li>IEC 61000-4-30, Klass A<\/li><\/ul>\t\t\t\t\t\t\t\t<\/div>\n\t\t\t\t<\/div>\n\t\t\t\t\t<\/div>\n\t\t<\/div>\n\t\t\t\t<div class=\"elementor-column elementor-col-50 elementor-top-column elementor-element elementor-element-017fa51 elementor-hidden-mobile\" data-id=\"017fa51\" data-element_type=\"column\">\n\t\t\t<div class=\"elementor-widget-wrap elementor-element-populated\">\n\t\t\t\t\t\t<div class=\"elementor-element elementor-element-8228dd8 elementor-cta--layout-image-above elementor-cta--mobile-layout-image-above elementor-cta--valign-top elementor-cta--skin-classic elementor-animated-content elementor-widget elementor-widget-call-to-action\" data-id=\"8228dd8\" data-element_type=\"widget\" data-settings=\"{&quot;sticky&quot;:&quot;top&quot;,&quot;sticky_on&quot;:[&quot;desktop&quot;,&quot;laptop&quot;,&quot;tablet&quot;],&quot;sticky_offset&quot;:200,&quot;sticky_parent&quot;:&quot;yes&quot;,&quot;sticky_effects_offset&quot;:0,&quot;sticky_anchor_link_offset&quot;:0}\" data-widget_type=\"call-to-action.default\">\n\t\t\t\t<div class=\"elementor-widget-container\">\n\t\t\t\t\t\t\t<div class=\"elementor-cta\">\n\t\t\t\t\t<div class=\"elementor-cta__bg-wrapper\">\n\t\t\t\t<div class=\"elementor-cta__bg elementor-bg\" style=\"background-image: url(https:\/\/unipower-se.tbwebsite.com\/wp-content\/uploads\/2022\/10\/B2A5318.jpeg);\" role=\"img\" aria-label=\"B2A5318\"><\/div>\n\t\t\t\t<div class=\"elementor-cta__bg-overlay\"><\/div>\n\t\t\t<\/div>\n\t\t\t\t\t\t\t<div class=\"elementor-cta__content\">\n\t\t\t\t\n\t\t\t\t\n\t\t\t\t\t\t\t\t\t<div class=\"elementor-cta__description elementor-cta__content-item elementor-content-item\">\n\t\t\t\t\t\tUP-2210, Klass A m\u00e4tenhet\t\t\t\t\t<\/div>\n\t\t\t\t\n\t\t\t\t\t\t\t<\/div>\n\t\t\t\t\t\t<\/div>\n\t\t\t\t\t\t<\/div>\n\t\t\t\t<\/div>\n\t\t\t\t\t<\/div>\n\t\t<\/div>\n\t\t\t\t\t<\/div>\n\t\t<\/section>\n\t\t\t\t<section class=\"elementor-section elementor-top-section elementor-element elementor-element-9fca7ba elementor-section-boxed elementor-section-height-default elementor-section-height-default\" data-id=\"9fca7ba\" data-element_type=\"section\">\n\t\t\t\t\t\t<div class=\"elementor-container elementor-column-gap-default\">\n\t\t\t\t\t<div class=\"elementor-column elementor-col-100 elementor-top-column elementor-element elementor-element-805704a\" data-id=\"805704a\" data-element_type=\"column\" data-settings=\"{&quot;background_background&quot;:&quot;classic&quot;}\">\n\t\t\t<div class=\"elementor-widget-wrap elementor-element-populated\">\n\t\t\t\t\t\t<div class=\"elementor-element elementor-element-db4fd38 elementor-widget elementor-widget-shortcode\" data-id=\"db4fd38\" data-element_type=\"widget\" data-widget_type=\"shortcode.default\">\n\t\t\t\t<div class=\"elementor-widget-container\">\n\t\t\t\t\t\t\t<div class=\"elementor-shortcode\">\t\t<div data-elementor-type=\"section\" data-elementor-id=\"407\" class=\"elementor elementor-407\" data-elementor-post-type=\"elementor_library\">\n\t\t\t\t\t<section class=\"elementor-section elementor-top-section elementor-element elementor-element-2ac3925f elementor-section-boxed elementor-section-height-default elementor-section-height-default\" data-id=\"2ac3925f\" data-element_type=\"section\" data-settings=\"{&quot;background_background&quot;:&quot;classic&quot;}\">\n\t\t\t\t\t\t<div class=\"elementor-container elementor-column-gap-default\">\n\t\t\t\t\t<div class=\"elementor-column elementor-col-100 elementor-top-column elementor-element elementor-element-1065969\" data-id=\"1065969\" data-element_type=\"column\" data-settings=\"{&quot;background_background&quot;:&quot;classic&quot;}\">\n\t\t\t<div class=\"elementor-widget-wrap elementor-element-populated\">\n\t\t\t\t\t\t<div class=\"elementor-element elementor-element-1f4971cd elementor-cta--layout-image-right elementor-widget__width-initial elementor-cta--skin-classic elementor-animated-content elementor-widget elementor-widget-call-to-action\" data-id=\"1f4971cd\" data-element_type=\"widget\" data-widget_type=\"call-to-action.default\">\n\t\t\t\t<div class=\"elementor-widget-container\">\n\t\t\t\t\t\t\t<div class=\"elementor-cta\">\n\t\t\t\t\t\t\t<div class=\"elementor-cta__content\">\n\t\t\t\t\n\t\t\t\t\t\t\t\t\t<h3 class=\"elementor-cta__title elementor-cta__content-item elementor-content-item\">\n\t\t\t\t\t\tTveka inte att kontakta oss!\t\t\t\t\t<\/h3>\n\t\t\t\t\n\t\t\t\t\t\t\t\t\t<div class=\"elementor-cta__description elementor-cta__content-item elementor-content-item\">\n\t\t\t\t\t\tL\u00e5t oss bli din energikvalitetspartner. Kontakta oss p\u00e5 Unipower och l\u00e5t oss hj\u00e4lpa dig att n\u00e5 dina str\u00f6mkvalitets- och \u00f6vervakningsm\u00e5l.\t\t\t\t\t<\/div>\n\t\t\t\t\n\t\t\t\t\t\t\t\t\t<div class=\"elementor-cta__button-wrapper elementor-cta__content-item elementor-content-item\">\n\t\t\t\t\t<a class=\"elementor-cta__button elementor-button elementor-size-\" href=\"https:\/\/unipower-se.tbwebsite.com\/sv\/kontakt\/\">\n\t\t\t\t\t\tKontakta oss\t\t\t\t\t<\/a>\n\t\t\t\t\t<\/div>\n\t\t\t\t\t\t\t<\/div>\n\t\t\t\t\t\t<\/div>\n\t\t\t\t\t\t<\/div>\n\t\t\t\t<\/div>\n\t\t\t\t\t<\/div>\n\t\t<\/div>\n\t\t\t\t\t<\/div>\n\t\t<\/section>\n\t\t\t\t<\/div>\n\t\t<\/div>\n\t\t\t\t\t\t<\/div>\n\t\t\t\t<\/div>\n\t\t\t\t\t<\/div>\n\t\t<\/div>\n\t\t\t\t\t<\/div>\n\t\t<\/section>\n\t\t\t\t<\/div>","protected":false},"excerpt":{"rendered":"<p>UP-2210 PQ meter for power quality measurement\u00a0 Contact us The nodes in the PQ Secure system consist of UP-2210 meters. Class A power quality measurement The UP-2210 unit works as an advanced power quality meter and at the same time as a fault recorder. All of the power quality parameters can be analysed in accordance [&hellip;]<\/p>","protected":false},"author":1,"featured_media":0,"parent":268,"menu_order":0,"comment_status":"closed","ping_status":"closed","template":"","meta":{"footnotes":""},"class_list":["post-380","page","type-page","status-publish","hentry"],"yoast_head":"<!-- This site is optimized with the Yoast SEO plugin v25.9 - https:\/\/yoast.com\/wordpress\/plugins\/seo\/ -->\n<title>UP-2210 - Unipower AB<\/title>\n<meta name=\"robots\" content=\"index, follow, max-snippet:-1, max-image-preview:large, max-video-preview:-1\" \/>\n<link rel=\"canonical\" href=\"https:\/\/unipower-se.tbwebsite.com\/sv\/produkter-och-tjanster\/elkvalitet-overvakning\/up-2210\/\" \/>\n<meta property=\"og:locale\" content=\"sv_SE\" \/>\n<meta property=\"og:type\" content=\"article\" \/>\n<meta property=\"og:title\" content=\"UP-2210 - Unipower AB\" \/>\n<meta property=\"og:description\" content=\"UP-2210 PQ meter for power quality measurement\u00a0 Contact us The nodes in the PQ Secure system consist of UP-2210 meters. Class A power quality measurement The UP-2210 unit works as an advanced power quality meter and at the same time as a fault recorder. All of the power quality parameters can be analysed in accordance [&hellip;]\" \/>\n<meta property=\"og:url\" content=\"https:\/\/unipower-se.tbwebsite.com\/sv\/produkter-och-tjanster\/elkvalitet-overvakning\/up-2210\/\" \/>\n<meta property=\"og:site_name\" content=\"Unipower AB\" \/>\n<meta property=\"article:publisher\" content=\"https:\/\/www.facebook.com\/UnipowerSweden\/\" \/>\n<meta property=\"article:modified_time\" content=\"2022-11-11T08:40:28+00:00\" \/>\n<meta property=\"og:image\" content=\"https:\/\/unipower-se.tbwebsite.com\/wp-content\/uploads\/2022\/10\/B2A5318.jpeg\" \/>\n\t<meta property=\"og:image:width\" content=\"800\" \/>\n\t<meta property=\"og:image:height\" content=\"533\" \/>\n\t<meta property=\"og:image:type\" content=\"image\/jpeg\" \/>\n<meta name=\"twitter:card\" content=\"summary_large_image\" \/>\n<meta name=\"twitter:label1\" content=\"Ber\u00e4knad l\u00e4stid\" \/>\n\t<meta name=\"twitter:data1\" content=\"1 minut\" \/>\n<script type=\"application\/ld+json\" class=\"yoast-schema-graph\">{\"@context\":\"https:\/\/schema.org\",\"@graph\":[{\"@type\":\"WebPage\",\"@id\":\"https:\/\/unipower-se.tbwebsite.com\/products-and-services\/power-quality-management-system\/up-2210\/\",\"url\":\"https:\/\/unipower-se.tbwebsite.com\/products-and-services\/power-quality-management-system\/up-2210\/\",\"name\":\"UP-2210 - Unipower AB\",\"isPartOf\":{\"@id\":\"https:\/\/unipower-se.tbwebsite.com\/#website\"},\"primaryImageOfPage\":{\"@id\":\"https:\/\/unipower-se.tbwebsite.com\/products-and-services\/power-quality-management-system\/up-2210\/#primaryimage\"},\"image\":{\"@id\":\"https:\/\/unipower-se.tbwebsite.com\/products-and-services\/power-quality-management-system\/up-2210\/#primaryimage\"},\"thumbnailUrl\":\"https:\/\/unipower-se.tbwebsite.com\/wp-content\/uploads\/2022\/10\/B2A5318-768x512.jpeg\",\"datePublished\":\"2022-10-19T12:29:08+00:00\",\"dateModified\":\"2022-11-11T08:40:28+00:00\",\"breadcrumb\":{\"@id\":\"https:\/\/unipower-se.tbwebsite.com\/products-and-services\/power-quality-management-system\/up-2210\/#breadcrumb\"},\"inLanguage\":\"sv-SE\",\"potentialAction\":[{\"@type\":\"ReadAction\",\"target\":[\"https:\/\/unipower-se.tbwebsite.com\/products-and-services\/power-quality-management-system\/up-2210\/\"]}]},{\"@type\":\"ImageObject\",\"inLanguage\":\"sv-SE\",\"@id\":\"https:\/\/unipower-se.tbwebsite.com\/products-and-services\/power-quality-management-system\/up-2210\/#primaryimage\",\"url\":\"https:\/\/unipower-se.tbwebsite.com\/wp-content\/uploads\/2022\/10\/B2A5318-768x512.jpeg\",\"contentUrl\":\"https:\/\/unipower-se.tbwebsite.com\/wp-content\/uploads\/2022\/10\/B2A5318-768x512.jpeg\"},{\"@type\":\"BreadcrumbList\",\"@id\":\"https:\/\/unipower-se.tbwebsite.com\/products-and-services\/power-quality-management-system\/up-2210\/#breadcrumb\",\"itemListElement\":[{\"@type\":\"ListItem\",\"position\":1,\"name\":\"Home\",\"item\":\"https:\/\/unipower-se.tbwebsite.com\/\"},{\"@type\":\"ListItem\",\"position\":2,\"name\":\"Products and services\",\"item\":\"https:\/\/unipower-se.tbwebsite.com\/products-and-services\/\"},{\"@type\":\"ListItem\",\"position\":3,\"name\":\"Power quality management system\",\"item\":\"https:\/\/unipower-se.tbwebsite.com\/products-and-services\/power-quality-management-system\/\"},{\"@type\":\"ListItem\",\"position\":4,\"name\":\"UP-2210\"}]},{\"@type\":\"WebSite\",\"@id\":\"https:\/\/unipower-se.tbwebsite.com\/#website\",\"url\":\"https:\/\/unipower-se.tbwebsite.com\/\",\"name\":\"Unipower AB\",\"description\":\"The Leading Edge in Electric Power Quality Instruments\",\"publisher\":{\"@id\":\"https:\/\/unipower-se.tbwebsite.com\/#organization\"},\"potentialAction\":[{\"@type\":\"SearchAction\",\"target\":{\"@type\":\"EntryPoint\",\"urlTemplate\":\"https:\/\/unipower-se.tbwebsite.com\/?s={search_term_string}\"},\"query-input\":{\"@type\":\"PropertyValueSpecification\",\"valueRequired\":true,\"valueName\":\"search_term_string\"}}],\"inLanguage\":\"sv-SE\"},{\"@type\":\"Organization\",\"@id\":\"https:\/\/unipower-se.tbwebsite.com\/#organization\",\"name\":\"Unipower AB\",\"url\":\"https:\/\/unipower-se.tbwebsite.com\/\",\"logo\":{\"@type\":\"ImageObject\",\"inLanguage\":\"sv-SE\",\"@id\":\"https:\/\/unipower-se.tbwebsite.com\/#\/schema\/logo\/image\/\",\"url\":\"https:\/\/unipower-se.tbwebsite.com\/wp-content\/uploads\/2022\/10\/Unipower-logo-blue.png\",\"contentUrl\":\"https:\/\/unipower-se.tbwebsite.com\/wp-content\/uploads\/2022\/10\/Unipower-logo-blue.png\",\"width\":396,\"height\":192,\"caption\":\"Unipower AB\"},\"image\":{\"@id\":\"https:\/\/unipower-se.tbwebsite.com\/#\/schema\/logo\/image\/\"},\"sameAs\":[\"https:\/\/www.facebook.com\/UnipowerSweden\/\"]}]}<\/script>\n<!-- \/ Yoast SEO plugin. -->","yoast_head_json":{"title":"UP-2210 - Unipower AB","robots":{"index":"index","follow":"follow","max-snippet":"max-snippet:-1","max-image-preview":"max-image-preview:large","max-video-preview":"max-video-preview:-1"},"canonical":"https:\/\/unipower-se.tbwebsite.com\/sv\/produkter-och-tjanster\/elkvalitet-overvakning\/up-2210\/","og_locale":"sv_SE","og_type":"article","og_title":"UP-2210 - Unipower AB","og_description":"UP-2210 PQ meter for power quality measurement\u00a0 Contact us The nodes in the PQ Secure system consist of UP-2210 meters. Class A power quality measurement The UP-2210 unit works as an advanced power quality meter and at the same time as a fault recorder. All of the power quality parameters can be analysed in accordance [&hellip;]","og_url":"https:\/\/unipower-se.tbwebsite.com\/sv\/produkter-och-tjanster\/elkvalitet-overvakning\/up-2210\/","og_site_name":"Unipower AB","article_publisher":"https:\/\/www.facebook.com\/UnipowerSweden\/","article_modified_time":"2022-11-11T08:40:28+00:00","og_image":[{"width":800,"height":533,"url":"https:\/\/unipower-se.tbwebsite.com\/wp-content\/uploads\/2022\/10\/B2A5318.jpeg","type":"image\/jpeg"}],"twitter_card":"summary_large_image","twitter_misc":{"Ber\u00e4knad l\u00e4stid":"1 minut"},"schema":{"@context":"https:\/\/schema.org","@graph":[{"@type":"WebPage","@id":"https:\/\/unipower-se.tbwebsite.com\/products-and-services\/power-quality-management-system\/up-2210\/","url":"https:\/\/unipower-se.tbwebsite.com\/products-and-services\/power-quality-management-system\/up-2210\/","name":"UP-2210 - Unipower AB","isPartOf":{"@id":"https:\/\/unipower-se.tbwebsite.com\/#website"},"primaryImageOfPage":{"@id":"https:\/\/unipower-se.tbwebsite.com\/products-and-services\/power-quality-management-system\/up-2210\/#primaryimage"},"image":{"@id":"https:\/\/unipower-se.tbwebsite.com\/products-and-services\/power-quality-management-system\/up-2210\/#primaryimage"},"thumbnailUrl":"https:\/\/unipower-se.tbwebsite.com\/wp-content\/uploads\/2022\/10\/B2A5318-768x512.jpeg","datePublished":"2022-10-19T12:29:08+00:00","dateModified":"2022-11-11T08:40:28+00:00","breadcrumb":{"@id":"https:\/\/unipower-se.tbwebsite.com\/products-and-services\/power-quality-management-system\/up-2210\/#breadcrumb"},"inLanguage":"sv-SE","potentialAction":[{"@type":"ReadAction","target":["https:\/\/unipower-se.tbwebsite.com\/products-and-services\/power-quality-management-system\/up-2210\/"]}]},{"@type":"ImageObject","inLanguage":"sv-SE","@id":"https:\/\/unipower-se.tbwebsite.com\/products-and-services\/power-quality-management-system\/up-2210\/#primaryimage","url":"https:\/\/unipower-se.tbwebsite.com\/wp-content\/uploads\/2022\/10\/B2A5318-768x512.jpeg","contentUrl":"https:\/\/unipower-se.tbwebsite.com\/wp-content\/uploads\/2022\/10\/B2A5318-768x512.jpeg"},{"@type":"BreadcrumbList","@id":"https:\/\/unipower-se.tbwebsite.com\/products-and-services\/power-quality-management-system\/up-2210\/#breadcrumb","itemListElement":[{"@type":"ListItem","position":1,"name":"Home","item":"https:\/\/unipower-se.tbwebsite.com\/"},{"@type":"ListItem","position":2,"name":"Products and services","item":"https:\/\/unipower-se.tbwebsite.com\/products-and-services\/"},{"@type":"ListItem","position":3,"name":"Power quality management system","item":"https:\/\/unipower-se.tbwebsite.com\/products-and-services\/power-quality-management-system\/"},{"@type":"ListItem","position":4,"name":"UP-2210"}]},{"@type":"WebSite","@id":"https:\/\/unipower-se.tbwebsite.com\/#website","url":"https:\/\/unipower-se.tbwebsite.com\/","name":"Unipower AB","description":"The Leading Edge in Electric Power Quality Instruments","publisher":{"@id":"https:\/\/unipower-se.tbwebsite.com\/#organization"},"potentialAction":[{"@type":"SearchAction","target":{"@type":"EntryPoint","urlTemplate":"https:\/\/unipower-se.tbwebsite.com\/?s={search_term_string}"},"query-input":{"@type":"PropertyValueSpecification","valueRequired":true,"valueName":"search_term_string"}}],"inLanguage":"sv-SE"},{"@type":"Organization","@id":"https:\/\/unipower-se.tbwebsite.com\/#organization","name":"Unipower AB","url":"https:\/\/unipower-se.tbwebsite.com\/","logo":{"@type":"ImageObject","inLanguage":"sv-SE","@id":"https:\/\/unipower-se.tbwebsite.com\/#\/schema\/logo\/image\/","url":"https:\/\/unipower-se.tbwebsite.com\/wp-content\/uploads\/2022\/10\/Unipower-logo-blue.png","contentUrl":"https:\/\/unipower-se.tbwebsite.com\/wp-content\/uploads\/2022\/10\/Unipower-logo-blue.png","width":396,"height":192,"caption":"Unipower AB"},"image":{"@id":"https:\/\/unipower-se.tbwebsite.com\/#\/schema\/logo\/image\/"},"sameAs":["https:\/\/www.facebook.com\/UnipowerSweden\/"]}]}},"_links":{"self":[{"href":"https:\/\/unipower-se.tbwebsite.com\/sv\/wp-json\/wp\/v2\/pages\/380","targetHints":{"allow":["GET"]}}],"collection":[{"href":"https:\/\/unipower-se.tbwebsite.com\/sv\/wp-json\/wp\/v2\/pages"}],"about":[{"href":"https:\/\/unipower-se.tbwebsite.com\/sv\/wp-json\/wp\/v2\/types\/page"}],"author":[{"embeddable":true,"href":"https:\/\/unipower-se.tbwebsite.com\/sv\/wp-json\/wp\/v2\/users\/1"}],"replies":[{"embeddable":true,"href":"https:\/\/unipower-se.tbwebsite.com\/sv\/wp-json\/wp\/v2\/comments?post=380"}],"version-history":[{"count":28,"href":"https:\/\/unipower-se.tbwebsite.com\/sv\/wp-json\/wp\/v2\/pages\/380\/revisions"}],"predecessor-version":[{"id":10680,"href":"https:\/\/unipower-se.tbwebsite.com\/sv\/wp-json\/wp\/v2\/pages\/380\/revisions\/10680"}],"up":[{"embeddable":true,"href":"https:\/\/unipower-se.tbwebsite.com\/sv\/wp-json\/wp\/v2\/pages\/268"}],"wp:attachment":[{"href":"https:\/\/unipower-se.tbwebsite.com\/sv\/wp-json\/wp\/v2\/media?parent=380"}],"curies":[{"name":"wp","href":"https:\/\/api.w.org\/{rel}","templated":true}]}}