{"id":382,"date":"2022-10-19T14:29:36","date_gmt":"2022-10-19T12:29:36","guid":{"rendered":"https:\/\/unipower-se.tbwebsite.com\/?page_id=382"},"modified":"2022-11-22T10:57:52","modified_gmt":"2022-11-22T09:57:52","slug":"up-2210r","status":"publish","type":"page","link":"https:\/\/unipower-se.tbwebsite.com\/sv\/produkter-och-tjanster\/elkvalitet-overvakning\/up-2210r\/","title":{"rendered":"UP-2210R"},"content":{"rendered":"<div data-elementor-type=\"wp-page\" data-elementor-id=\"382\" class=\"elementor elementor-382\" data-elementor-post-type=\"page\">\n\t\t\t\t\t\t<section class=\"elementor-section elementor-top-section elementor-element elementor-element-ab6229a elementor-section-boxed elementor-section-height-default elementor-section-height-default\" data-id=\"ab6229a\" data-element_type=\"section\" data-settings=\"{&quot;background_background&quot;:&quot;classic&quot;}\">\n\t\t\t\t\t\t<div class=\"elementor-container elementor-column-gap-default\">\n\t\t\t\t\t<div class=\"elementor-column elementor-col-50 elementor-top-column elementor-element elementor-element-92ada99\" data-id=\"92ada99\" data-element_type=\"column\" data-settings=\"{&quot;background_background&quot;:&quot;classic&quot;}\">\n\t\t\t<div class=\"elementor-widget-wrap elementor-element-populated\">\n\t\t\t\t\t\t<div class=\"elementor-element elementor-element-280ad02 elementor-hidden-desktop elementor-hidden-laptop elementor-hidden-tablet elementor-widget elementor-widget-image\" data-id=\"280ad02\" data-element_type=\"widget\" data-widget_type=\"image.default\">\n\t\t\t\t<div class=\"elementor-widget-container\">\n\t\t\t\t\t\t\t\t\t\t\t\t\t\t\t<img fetchpriority=\"high\" decoding=\"async\" width=\"768\" height=\"624\" src=\"https:\/\/unipower-se.tbwebsite.com\/wp-content\/uploads\/2022\/10\/UP-2210R-768x624.jpg\" class=\"attachment-medium_large size-medium_large wp-image-439\" alt=\"\" srcset=\"https:\/\/unipower-se.tbwebsite.com\/wp-content\/uploads\/2022\/10\/UP-2210R-768x624.jpg 768w, https:\/\/unipower-se.tbwebsite.com\/wp-content\/uploads\/2022\/10\/UP-2210R-300x244.jpg 300w, https:\/\/unipower-se.tbwebsite.com\/wp-content\/uploads\/2022\/10\/UP-2210R-1024x831.jpg 1024w, https:\/\/unipower-se.tbwebsite.com\/wp-content\/uploads\/2022\/10\/UP-2210R-1536x1247.jpg 1536w, https:\/\/unipower-se.tbwebsite.com\/wp-content\/uploads\/2022\/10\/UP-2210R-15x12.jpg 15w, https:\/\/unipower-se.tbwebsite.com\/wp-content\/uploads\/2022\/10\/UP-2210R.jpg 1552w\" sizes=\"(max-width: 768px) 100vw, 768px\" \/>\t\t\t\t\t\t\t\t\t\t\t\t\t\t\t<\/div>\n\t\t\t\t<\/div>\n\t\t\t\t<div class=\"elementor-element elementor-element-adc79a2 elementor-widget elementor-widget-heading\" data-id=\"adc79a2\" data-element_type=\"widget\" data-widget_type=\"heading.default\">\n\t\t\t\t<div class=\"elementor-widget-container\">\n\t\t\t\t\t<h1 class=\"elementor-heading-title elementor-size-default\">UP-2210R<\/h1>\t\t\t\t<\/div>\n\t\t\t\t<\/div>\n\t\t\t\t<div class=\"elementor-element elementor-element-5bf179b elementor-widget elementor-widget-heading\" data-id=\"5bf179b\" data-element_type=\"widget\" data-widget_type=\"heading.default\">\n\t\t\t\t<div class=\"elementor-widget-container\">\n\t\t\t\t\t<h2 class=\"elementor-heading-title elementor-size-default\">Elkvalitetsm\u00e4tare och st\u00f6rningsskrivare\u00a0<\/h2>\t\t\t\t<\/div>\n\t\t\t\t<\/div>\n\t\t\t\t<div class=\"elementor-element elementor-element-c84eb24 elementor-widget elementor-widget-button\" data-id=\"c84eb24\" data-element_type=\"widget\" data-widget_type=\"button.default\">\n\t\t\t\t<div class=\"elementor-widget-container\">\n\t\t\t\t\t\t\t\t\t<div class=\"elementor-button-wrapper\">\n\t\t\t\t\t<a class=\"elementor-button elementor-button-link elementor-size-sm\" href=\"https:\/\/unipower-se.tbwebsite.com\/sv\/kontakt\/\">\n\t\t\t\t\t\t<span class=\"elementor-button-content-wrapper\">\n\t\t\t\t\t\t\t\t\t<span class=\"elementor-button-text\">Kontakta oss<\/span>\n\t\t\t\t\t<\/span>\n\t\t\t\t\t<\/a>\n\t\t\t\t<\/div>\n\t\t\t\t\t\t\t\t<\/div>\n\t\t\t\t<\/div>\n\t\t\t\t<div class=\"elementor-element elementor-element-1a9ddfd elementor-widget__width-initial elementor-widget elementor-widget-text-editor\" data-id=\"1a9ddfd\" data-element_type=\"widget\" data-widget_type=\"text-editor.default\">\n\t\t\t\t<div class=\"elementor-widget-container\">\n\t\t\t\t\t\t\t\t\t<p>The nodes in the PQ Secure system consist of UP-2210(R) meters.<\/p><p>The UP-2210R unit works as an advanced power quality meter and at the same time as a fault recorder. All of the power quality parameters can be analysed in accordance with voltage quality standards such as the EN 50160 or any national\/international regulation.<\/p><p>The UP-2210R unit captures both steady state disturbances (harmonics, flicker etc.) as well as rapid voltage changes (sag\/swell events and fast transients).<\/p><h4>Sampling Rate<\/h4><p>Basic Sampling Rate 5 000 samples\/cycle (50Hz).<\/p><h4>Map and event list, graphical data, and reports<\/h4><p>The PQ Secure system will automatically transfer data from the UP-2210R units to the central database according to a user-specified time schedule. The PQ Secure software will also analyse the measure result, show events, display graphical data, generate reports, send alarms and much more.<\/p><p>F\u00f6r mer information om PQ Secure och UP-2210, <a href=\"\/sv\/kontakta-oss\">kontakta oss<\/a> p\u00e5 Unipower.<\/p><h4>Complies with:<\/h4><p><strong>Voltage Quality:<\/strong><\/p><ul><li>EN 50160<\/li><li>IEC 61000-2-2<\/li><li>IEC 61000-2-12<\/li><\/ul><p><strong><br \/>Power Quality:<\/strong><\/p><ul><li>IEC 61000-4-30:2015 (Ed. 3.0) Class A<\/li><li>IEC 61000-4-7 Class I<\/li><li>IEC 61000-4-15 Class F1<\/li><\/ul><p><strong><br \/>Energy:<\/strong><\/p><ul><li>IEC 62053-22 class 0.2S<\/li><li>IEC 62053-23<\/li><\/ul><p><strong><br \/>Climate, Environment:<\/strong><\/p><ul><li>IEC 62586-1<\/li><\/ul><p><strong><br \/>Safety<\/strong>:<\/p><ul><li>IEC 62586-1<\/li><li>IEC 61 010-1<\/li><\/ul><p><strong><br \/>EMC<\/strong>:<\/p><ul><li>EC 62586-1<\/li><li>IEC 61000-6-5<\/li><li>IEC 61000-6-4<\/li><li>IEC 61000-6-2<\/li><li>CE-marked according to EC\/EEA directives<\/li><\/ul><p><strong><br \/>Instrument type:<\/strong><\/p><p>IEC 62586-1: PQI-A-FI2-H<\/p>\t\t\t\t\t\t\t\t<\/div>\n\t\t\t\t<\/div>\n\t\t\t\t\t<\/div>\n\t\t<\/div>\n\t\t\t\t<div class=\"elementor-column elementor-col-50 elementor-top-column elementor-element elementor-element-721e3e6 elementor-hidden-mobile\" data-id=\"721e3e6\" data-element_type=\"column\">\n\t\t\t<div class=\"elementor-widget-wrap elementor-element-populated\">\n\t\t\t\t\t\t<div class=\"elementor-element elementor-element-deead56 elementor-cta--layout-image-above elementor-cta--mobile-layout-image-above elementor-cta--valign-top elementor-cta--skin-classic elementor-animated-content elementor-widget elementor-widget-call-to-action\" data-id=\"deead56\" data-element_type=\"widget\" data-settings=\"{&quot;sticky&quot;:&quot;top&quot;,&quot;sticky_on&quot;:[&quot;desktop&quot;,&quot;laptop&quot;,&quot;tablet&quot;],&quot;sticky_offset&quot;:200,&quot;sticky_parent&quot;:&quot;yes&quot;,&quot;sticky_effects_offset&quot;:0,&quot;sticky_anchor_link_offset&quot;:0}\" data-widget_type=\"call-to-action.default\">\n\t\t\t\t<div class=\"elementor-widget-container\">\n\t\t\t\t\t\t\t<a class=\"elementor-cta\" href=\"#elementor-action:action=lightbox&settings=eyJ1cmwiOiJodHRwczpcL1wvdW5pcG93ZXItc2UudG9wYm9ybmRldi5jb21cL3dwLWNvbnRlbnRcL3VwbG9hZHNcLzIwMjJcLzEwXC9VUC0yMjEwUi5qcGciLCJ0eXBlIjoiaW1hZ2UiLCJ0aXRsZSI6IlVQLTIyMTBSXHUyMDBiIn0=\">\n\t\t\t\t\t<div class=\"elementor-cta__bg-wrapper\">\n\t\t\t\t<div class=\"elementor-cta__bg elementor-bg\" style=\"background-image: url(https:\/\/unipower-se.tbwebsite.com\/wp-content\/uploads\/2022\/10\/UP-2210R-1024x831.jpg);\" role=\"img\" aria-label=\"UP-2210R\u200b\"><\/div>\n\t\t\t\t<div class=\"elementor-cta__bg-overlay\"><\/div>\n\t\t\t<\/div>\n\t\t\t\t\t\t\t<div class=\"elementor-cta__content\">\n\t\t\t\t\n\t\t\t\t\n\t\t\t\t\t\t\t\t\t<div class=\"elementor-cta__description elementor-cta__content-item elementor-content-item\">\n\t\t\t\t\t\tIEC 61000-4-30:2015 (Ed. 3.0) Class A\n(Tested according to IEC 62586-2:2017 [Ed. 2.0])\t\t\t\t\t<\/div>\n\t\t\t\t\n\t\t\t\t\t\t\t<\/div>\n\t\t\t\t\t\t<\/a>\n\t\t\t\t\t\t<\/div>\n\t\t\t\t<\/div>\n\t\t\t\t\t<\/div>\n\t\t<\/div>\n\t\t\t\t\t<\/div>\n\t\t<\/section>\n\t\t\t\t<section class=\"elementor-section elementor-top-section elementor-element elementor-element-69e4fb3 elementor-section-boxed elementor-section-height-default elementor-section-height-default\" data-id=\"69e4fb3\" data-element_type=\"section\">\n\t\t\t\t\t\t<div class=\"elementor-container elementor-column-gap-default\">\n\t\t\t\t\t<div class=\"elementor-column elementor-col-100 elementor-top-column elementor-element elementor-element-8467314\" data-id=\"8467314\" data-element_type=\"column\" data-settings=\"{&quot;background_background&quot;:&quot;classic&quot;}\">\n\t\t\t<div class=\"elementor-widget-wrap elementor-element-populated\">\n\t\t\t\t\t\t<div class=\"elementor-element elementor-element-7eb72b2 elementor-widget elementor-widget-shortcode\" data-id=\"7eb72b2\" data-element_type=\"widget\" data-widget_type=\"shortcode.default\">\n\t\t\t\t<div class=\"elementor-widget-container\">\n\t\t\t\t\t\t\t<div class=\"elementor-shortcode\">\t\t<div data-elementor-type=\"section\" data-elementor-id=\"407\" class=\"elementor elementor-407\" data-elementor-post-type=\"elementor_library\">\n\t\t\t\t\t<section class=\"elementor-section elementor-top-section elementor-element elementor-element-2ac3925f elementor-section-boxed elementor-section-height-default elementor-section-height-default\" data-id=\"2ac3925f\" data-element_type=\"section\" data-settings=\"{&quot;background_background&quot;:&quot;classic&quot;}\">\n\t\t\t\t\t\t<div class=\"elementor-container elementor-column-gap-default\">\n\t\t\t\t\t<div class=\"elementor-column elementor-col-100 elementor-top-column elementor-element elementor-element-1065969\" data-id=\"1065969\" data-element_type=\"column\" data-settings=\"{&quot;background_background&quot;:&quot;classic&quot;}\">\n\t\t\t<div class=\"elementor-widget-wrap elementor-element-populated\">\n\t\t\t\t\t\t<div class=\"elementor-element elementor-element-1f4971cd elementor-cta--layout-image-right elementor-widget__width-initial elementor-cta--skin-classic elementor-animated-content elementor-widget elementor-widget-call-to-action\" data-id=\"1f4971cd\" data-element_type=\"widget\" data-widget_type=\"call-to-action.default\">\n\t\t\t\t<div class=\"elementor-widget-container\">\n\t\t\t\t\t\t\t<div class=\"elementor-cta\">\n\t\t\t\t\t\t\t<div class=\"elementor-cta__content\">\n\t\t\t\t\n\t\t\t\t\t\t\t\t\t<h3 class=\"elementor-cta__title elementor-cta__content-item elementor-content-item\">\n\t\t\t\t\t\tTveka inte att kontakta oss!\t\t\t\t\t<\/h3>\n\t\t\t\t\n\t\t\t\t\t\t\t\t\t<div class=\"elementor-cta__description elementor-cta__content-item elementor-content-item\">\n\t\t\t\t\t\tL\u00e5t oss bli din energikvalitetspartner. Kontakta oss p\u00e5 Unipower och l\u00e5t oss hj\u00e4lpa dig att n\u00e5 dina str\u00f6mkvalitets- och \u00f6vervakningsm\u00e5l.\t\t\t\t\t<\/div>\n\t\t\t\t\n\t\t\t\t\t\t\t\t\t<div class=\"elementor-cta__button-wrapper elementor-cta__content-item elementor-content-item\">\n\t\t\t\t\t<a class=\"elementor-cta__button elementor-button elementor-size-\" href=\"https:\/\/unipower-se.tbwebsite.com\/sv\/kontakt\/\">\n\t\t\t\t\t\tKontakta oss\t\t\t\t\t<\/a>\n\t\t\t\t\t<\/div>\n\t\t\t\t\t\t\t<\/div>\n\t\t\t\t\t\t<\/div>\n\t\t\t\t\t\t<\/div>\n\t\t\t\t<\/div>\n\t\t\t\t\t<\/div>\n\t\t<\/div>\n\t\t\t\t\t<\/div>\n\t\t<\/section>\n\t\t\t\t<\/div>\n\t\t<\/div>\n\t\t\t\t\t\t<\/div>\n\t\t\t\t<\/div>\n\t\t\t\t\t<\/div>\n\t\t<\/div>\n\t\t\t\t\t<\/div>\n\t\t<\/section>\n\t\t\t\t<\/div>","protected":false},"excerpt":{"rendered":"<p>UP-2210R PQ meter for power quality measurement&nbsp; Contact us The nodes in the PQ Secure system consist of UP-2210(R) meters. The UP-2210R unit works as an advanced power quality meter and at the same time as a fault recorder. All of the power quality parameters can be analysed in accordance with voltage quality standards such [&hellip;]<\/p>","protected":false},"author":1,"featured_media":0,"parent":268,"menu_order":0,"comment_status":"closed","ping_status":"closed","template":"","meta":{"footnotes":""},"class_list":["post-382","page","type-page","status-publish","hentry"],"yoast_head":"<!-- This site is optimized with the Yoast SEO plugin v25.9 - https:\/\/yoast.com\/wordpress\/plugins\/seo\/ -->\n<title>UP-2210R PQ meter for power quality measurement - Unipower.se<\/title>\n<meta name=\"description\" content=\"The UP-2210R unit works as an advanced power quality meter and at the same time as a fault recorder. Basic Sampling Rate 5 000 samples\/cycle (50Hz).\" \/>\n<meta name=\"robots\" content=\"index, follow, max-snippet:-1, max-image-preview:large, max-video-preview:-1\" \/>\n<link rel=\"canonical\" href=\"https:\/\/unipower-se.tbwebsite.com\/sv\/produkter-och-tjanster\/elkvalitet-overvakning\/up-2210r\/\" \/>\n<meta property=\"og:locale\" content=\"sv_SE\" \/>\n<meta property=\"og:type\" content=\"article\" \/>\n<meta property=\"og:title\" content=\"UP-2210R PQ meter for power quality measurement - Unipower.se\" \/>\n<meta property=\"og:description\" content=\"The UP-2210R unit works as an advanced power quality meter and at the same time as a fault recorder. Basic Sampling Rate 5 000 samples\/cycle (50Hz).\" \/>\n<meta property=\"og:url\" content=\"https:\/\/unipower-se.tbwebsite.com\/sv\/produkter-och-tjanster\/elkvalitet-overvakning\/up-2210r\/\" \/>\n<meta property=\"og:site_name\" content=\"Unipower AB\" \/>\n<meta property=\"article:publisher\" content=\"https:\/\/www.facebook.com\/UnipowerSweden\/\" \/>\n<meta property=\"article:modified_time\" content=\"2022-11-22T09:57:52+00:00\" \/>\n<meta property=\"og:image\" content=\"https:\/\/unipower-se.tbwebsite.com\/wp-content\/uploads\/2022\/10\/UP-2210R.jpg\" \/>\n\t<meta property=\"og:image:width\" content=\"1552\" \/>\n\t<meta property=\"og:image:height\" content=\"1260\" \/>\n\t<meta property=\"og:image:type\" content=\"image\/jpeg\" \/>\n<meta name=\"twitter:card\" content=\"summary_large_image\" \/>\n<meta name=\"twitter:label1\" content=\"Ber\u00e4knad l\u00e4stid\" \/>\n\t<meta name=\"twitter:data1\" content=\"2 minuter\" \/>\n<script type=\"application\/ld+json\" class=\"yoast-schema-graph\">{\"@context\":\"https:\/\/schema.org\",\"@graph\":[{\"@type\":\"WebPage\",\"@id\":\"https:\/\/unipower-se.tbwebsite.com\/products-and-services\/power-quality-management-system\/up-2210r\/\",\"url\":\"https:\/\/unipower-se.tbwebsite.com\/products-and-services\/power-quality-management-system\/up-2210r\/\",\"name\":\"UP-2210R PQ meter for power quality measurement - Unipower.se\",\"isPartOf\":{\"@id\":\"https:\/\/unipower-se.tbwebsite.com\/#website\"},\"primaryImageOfPage\":{\"@id\":\"https:\/\/unipower-se.tbwebsite.com\/products-and-services\/power-quality-management-system\/up-2210r\/#primaryimage\"},\"image\":{\"@id\":\"https:\/\/unipower-se.tbwebsite.com\/products-and-services\/power-quality-management-system\/up-2210r\/#primaryimage\"},\"thumbnailUrl\":\"https:\/\/unipower-se.tbwebsite.com\/wp-content\/uploads\/2022\/10\/UP-2210R-768x624.jpg\",\"datePublished\":\"2022-10-19T12:29:36+00:00\",\"dateModified\":\"2022-11-22T09:57:52+00:00\",\"description\":\"The UP-2210R unit works as an advanced power quality meter and at the same time as a fault recorder. Basic Sampling Rate 5 000 samples\/cycle (50Hz).\",\"breadcrumb\":{\"@id\":\"https:\/\/unipower-se.tbwebsite.com\/products-and-services\/power-quality-management-system\/up-2210r\/#breadcrumb\"},\"inLanguage\":\"sv-SE\",\"potentialAction\":[{\"@type\":\"ReadAction\",\"target\":[\"https:\/\/unipower-se.tbwebsite.com\/products-and-services\/power-quality-management-system\/up-2210r\/\"]}]},{\"@type\":\"ImageObject\",\"inLanguage\":\"sv-SE\",\"@id\":\"https:\/\/unipower-se.tbwebsite.com\/products-and-services\/power-quality-management-system\/up-2210r\/#primaryimage\",\"url\":\"https:\/\/unipower-se.tbwebsite.com\/wp-content\/uploads\/2022\/10\/UP-2210R-768x624.jpg\",\"contentUrl\":\"https:\/\/unipower-se.tbwebsite.com\/wp-content\/uploads\/2022\/10\/UP-2210R-768x624.jpg\"},{\"@type\":\"BreadcrumbList\",\"@id\":\"https:\/\/unipower-se.tbwebsite.com\/products-and-services\/power-quality-management-system\/up-2210r\/#breadcrumb\",\"itemListElement\":[{\"@type\":\"ListItem\",\"position\":1,\"name\":\"Home\",\"item\":\"https:\/\/unipower-se.tbwebsite.com\/\"},{\"@type\":\"ListItem\",\"position\":2,\"name\":\"Products and services\",\"item\":\"https:\/\/unipower-se.tbwebsite.com\/products-and-services\/\"},{\"@type\":\"ListItem\",\"position\":3,\"name\":\"Power quality management system\",\"item\":\"https:\/\/unipower-se.tbwebsite.com\/products-and-services\/power-quality-management-system\/\"},{\"@type\":\"ListItem\",\"position\":4,\"name\":\"UP-2210R\"}]},{\"@type\":\"WebSite\",\"@id\":\"https:\/\/unipower-se.tbwebsite.com\/#website\",\"url\":\"https:\/\/unipower-se.tbwebsite.com\/\",\"name\":\"Unipower AB\",\"description\":\"The Leading Edge in Electric Power Quality Instruments\",\"publisher\":{\"@id\":\"https:\/\/unipower-se.tbwebsite.com\/#organization\"},\"potentialAction\":[{\"@type\":\"SearchAction\",\"target\":{\"@type\":\"EntryPoint\",\"urlTemplate\":\"https:\/\/unipower-se.tbwebsite.com\/?s={search_term_string}\"},\"query-input\":{\"@type\":\"PropertyValueSpecification\",\"valueRequired\":true,\"valueName\":\"search_term_string\"}}],\"inLanguage\":\"sv-SE\"},{\"@type\":\"Organization\",\"@id\":\"https:\/\/unipower-se.tbwebsite.com\/#organization\",\"name\":\"Unipower AB\",\"url\":\"https:\/\/unipower-se.tbwebsite.com\/\",\"logo\":{\"@type\":\"ImageObject\",\"inLanguage\":\"sv-SE\",\"@id\":\"https:\/\/unipower-se.tbwebsite.com\/#\/schema\/logo\/image\/\",\"url\":\"https:\/\/unipower-se.tbwebsite.com\/wp-content\/uploads\/2022\/10\/Unipower-logo-blue.png\",\"contentUrl\":\"https:\/\/unipower-se.tbwebsite.com\/wp-content\/uploads\/2022\/10\/Unipower-logo-blue.png\",\"width\":396,\"height\":192,\"caption\":\"Unipower AB\"},\"image\":{\"@id\":\"https:\/\/unipower-se.tbwebsite.com\/#\/schema\/logo\/image\/\"},\"sameAs\":[\"https:\/\/www.facebook.com\/UnipowerSweden\/\"]}]}<\/script>\n<!-- \/ Yoast SEO plugin. -->","yoast_head_json":{"title":"UP-2210R PQ meter for power quality measurement - Unipower.se","description":"The UP-2210R unit works as an advanced power quality meter and at the same time as a fault recorder. Basic Sampling Rate 5 000 samples\/cycle (50Hz).","robots":{"index":"index","follow":"follow","max-snippet":"max-snippet:-1","max-image-preview":"max-image-preview:large","max-video-preview":"max-video-preview:-1"},"canonical":"https:\/\/unipower-se.tbwebsite.com\/sv\/produkter-och-tjanster\/elkvalitet-overvakning\/up-2210r\/","og_locale":"sv_SE","og_type":"article","og_title":"UP-2210R PQ meter for power quality measurement - Unipower.se","og_description":"The UP-2210R unit works as an advanced power quality meter and at the same time as a fault recorder. Basic Sampling Rate 5 000 samples\/cycle (50Hz).","og_url":"https:\/\/unipower-se.tbwebsite.com\/sv\/produkter-och-tjanster\/elkvalitet-overvakning\/up-2210r\/","og_site_name":"Unipower AB","article_publisher":"https:\/\/www.facebook.com\/UnipowerSweden\/","article_modified_time":"2022-11-22T09:57:52+00:00","og_image":[{"width":1552,"height":1260,"url":"https:\/\/unipower-se.tbwebsite.com\/wp-content\/uploads\/2022\/10\/UP-2210R.jpg","type":"image\/jpeg"}],"twitter_card":"summary_large_image","twitter_misc":{"Ber\u00e4knad l\u00e4stid":"2 minuter"},"schema":{"@context":"https:\/\/schema.org","@graph":[{"@type":"WebPage","@id":"https:\/\/unipower-se.tbwebsite.com\/products-and-services\/power-quality-management-system\/up-2210r\/","url":"https:\/\/unipower-se.tbwebsite.com\/products-and-services\/power-quality-management-system\/up-2210r\/","name":"UP-2210R PQ meter for power quality measurement - Unipower.se","isPartOf":{"@id":"https:\/\/unipower-se.tbwebsite.com\/#website"},"primaryImageOfPage":{"@id":"https:\/\/unipower-se.tbwebsite.com\/products-and-services\/power-quality-management-system\/up-2210r\/#primaryimage"},"image":{"@id":"https:\/\/unipower-se.tbwebsite.com\/products-and-services\/power-quality-management-system\/up-2210r\/#primaryimage"},"thumbnailUrl":"https:\/\/unipower-se.tbwebsite.com\/wp-content\/uploads\/2022\/10\/UP-2210R-768x624.jpg","datePublished":"2022-10-19T12:29:36+00:00","dateModified":"2022-11-22T09:57:52+00:00","description":"The UP-2210R unit works as an advanced power quality meter and at the same time as a fault recorder. Basic Sampling Rate 5 000 samples\/cycle (50Hz).","breadcrumb":{"@id":"https:\/\/unipower-se.tbwebsite.com\/products-and-services\/power-quality-management-system\/up-2210r\/#breadcrumb"},"inLanguage":"sv-SE","potentialAction":[{"@type":"ReadAction","target":["https:\/\/unipower-se.tbwebsite.com\/products-and-services\/power-quality-management-system\/up-2210r\/"]}]},{"@type":"ImageObject","inLanguage":"sv-SE","@id":"https:\/\/unipower-se.tbwebsite.com\/products-and-services\/power-quality-management-system\/up-2210r\/#primaryimage","url":"https:\/\/unipower-se.tbwebsite.com\/wp-content\/uploads\/2022\/10\/UP-2210R-768x624.jpg","contentUrl":"https:\/\/unipower-se.tbwebsite.com\/wp-content\/uploads\/2022\/10\/UP-2210R-768x624.jpg"},{"@type":"BreadcrumbList","@id":"https:\/\/unipower-se.tbwebsite.com\/products-and-services\/power-quality-management-system\/up-2210r\/#breadcrumb","itemListElement":[{"@type":"ListItem","position":1,"name":"Home","item":"https:\/\/unipower-se.tbwebsite.com\/"},{"@type":"ListItem","position":2,"name":"Products and services","item":"https:\/\/unipower-se.tbwebsite.com\/products-and-services\/"},{"@type":"ListItem","position":3,"name":"Power quality management system","item":"https:\/\/unipower-se.tbwebsite.com\/products-and-services\/power-quality-management-system\/"},{"@type":"ListItem","position":4,"name":"UP-2210R"}]},{"@type":"WebSite","@id":"https:\/\/unipower-se.tbwebsite.com\/#website","url":"https:\/\/unipower-se.tbwebsite.com\/","name":"Unipower AB","description":"The Leading Edge in Electric Power Quality Instruments","publisher":{"@id":"https:\/\/unipower-se.tbwebsite.com\/#organization"},"potentialAction":[{"@type":"SearchAction","target":{"@type":"EntryPoint","urlTemplate":"https:\/\/unipower-se.tbwebsite.com\/?s={search_term_string}"},"query-input":{"@type":"PropertyValueSpecification","valueRequired":true,"valueName":"search_term_string"}}],"inLanguage":"sv-SE"},{"@type":"Organization","@id":"https:\/\/unipower-se.tbwebsite.com\/#organization","name":"Unipower AB","url":"https:\/\/unipower-se.tbwebsite.com\/","logo":{"@type":"ImageObject","inLanguage":"sv-SE","@id":"https:\/\/unipower-se.tbwebsite.com\/#\/schema\/logo\/image\/","url":"https:\/\/unipower-se.tbwebsite.com\/wp-content\/uploads\/2022\/10\/Unipower-logo-blue.png","contentUrl":"https:\/\/unipower-se.tbwebsite.com\/wp-content\/uploads\/2022\/10\/Unipower-logo-blue.png","width":396,"height":192,"caption":"Unipower AB"},"image":{"@id":"https:\/\/unipower-se.tbwebsite.com\/#\/schema\/logo\/image\/"},"sameAs":["https:\/\/www.facebook.com\/UnipowerSweden\/"]}]}},"_links":{"self":[{"href":"https:\/\/unipower-se.tbwebsite.com\/sv\/wp-json\/wp\/v2\/pages\/382","targetHints":{"allow":["GET"]}}],"collection":[{"href":"https:\/\/unipower-se.tbwebsite.com\/sv\/wp-json\/wp\/v2\/pages"}],"about":[{"href":"https:\/\/unipower-se.tbwebsite.com\/sv\/wp-json\/wp\/v2\/types\/page"}],"author":[{"embeddable":true,"href":"https:\/\/unipower-se.tbwebsite.com\/sv\/wp-json\/wp\/v2\/users\/1"}],"replies":[{"embeddable":true,"href":"https:\/\/unipower-se.tbwebsite.com\/sv\/wp-json\/wp\/v2\/comments?post=382"}],"version-history":[{"count":11,"href":"https:\/\/unipower-se.tbwebsite.com\/sv\/wp-json\/wp\/v2\/pages\/382\/revisions"}],"predecessor-version":[{"id":10847,"href":"https:\/\/unipower-se.tbwebsite.com\/sv\/wp-json\/wp\/v2\/pages\/382\/revisions\/10847"}],"up":[{"embeddable":true,"href":"https:\/\/unipower-se.tbwebsite.com\/sv\/wp-json\/wp\/v2\/pages\/268"}],"wp:attachment":[{"href":"https:\/\/unipower-se.tbwebsite.com\/sv\/wp-json\/wp\/v2\/media?parent=382"}],"curies":[{"name":"wp","href":"https:\/\/api.w.org\/{rel}","templated":true}]}}