{"id":488,"date":"2022-10-20T13:26:23","date_gmt":"2022-10-20T11:26:23","guid":{"rendered":"https:\/\/unipower-se.tbwebsite.com\/?page_id=488"},"modified":"2022-11-22T11:00:04","modified_gmt":"2022-11-22T10:00:04","slug":"unilyzer-900c","status":"publish","type":"page","link":"https:\/\/unipower-se.tbwebsite.com\/sv\/produkter-och-tjanster\/elkvalitet-portabelt\/elnatsanalysator-unilyzer-900c\/","title":{"rendered":"Unilyzer 900c Cost-Effective Power Quality Instrument"},"content":{"rendered":"<div data-elementor-type=\"wp-page\" data-elementor-id=\"488\" class=\"elementor elementor-488\" data-elementor-post-type=\"page\">\n\t\t\t\t\t\t<section class=\"elementor-section elementor-top-section elementor-element elementor-element-9ed689a elementor-section-boxed elementor-section-height-default elementor-section-height-default\" data-id=\"9ed689a\" data-element_type=\"section\" data-settings=\"{&quot;background_background&quot;:&quot;classic&quot;}\">\n\t\t\t\t\t\t<div class=\"elementor-container elementor-column-gap-default\">\n\t\t\t\t\t<div class=\"elementor-column elementor-col-50 elementor-top-column elementor-element elementor-element-0c5bfc1\" data-id=\"0c5bfc1\" data-element_type=\"column\" data-settings=\"{&quot;background_background&quot;:&quot;classic&quot;}\">\n\t\t\t<div class=\"elementor-widget-wrap elementor-element-populated\">\n\t\t\t\t\t\t<div class=\"elementor-element elementor-element-3552334 elementor-hidden-desktop elementor-hidden-laptop elementor-hidden-tablet elementor-widget elementor-widget-image\" data-id=\"3552334\" data-element_type=\"widget\" data-widget_type=\"image.default\">\n\t\t\t\t<div class=\"elementor-widget-container\">\n\t\t\t\t\t\t\t\t\t\t\t\t\t\t\t<img fetchpriority=\"high\" decoding=\"async\" width=\"768\" height=\"597\" src=\"https:\/\/unipower-se.tbwebsite.com\/wp-content\/uploads\/2022\/11\/unilizer900-900c-grey-768x597.jpg\" class=\"attachment-medium_large size-medium_large wp-image-10561\" alt=\"\" srcset=\"https:\/\/unipower-se.tbwebsite.com\/wp-content\/uploads\/2022\/11\/unilizer900-900c-grey-768x597.jpg 768w, https:\/\/unipower-se.tbwebsite.com\/wp-content\/uploads\/2022\/11\/unilizer900-900c-grey-300x233.jpg 300w, https:\/\/unipower-se.tbwebsite.com\/wp-content\/uploads\/2022\/11\/unilizer900-900c-grey-1024x796.jpg 1024w, https:\/\/unipower-se.tbwebsite.com\/wp-content\/uploads\/2022\/11\/unilizer900-900c-grey-15x12.jpg 15w, https:\/\/unipower-se.tbwebsite.com\/wp-content\/uploads\/2022\/11\/unilizer900-900c-grey.jpg 1200w\" sizes=\"(max-width: 768px) 100vw, 768px\" \/>\t\t\t\t\t\t\t\t\t\t\t\t\t\t\t<\/div>\n\t\t\t\t<\/div>\n\t\t\t\t<div class=\"elementor-element elementor-element-00cf387 elementor-widget elementor-widget-heading\" data-id=\"00cf387\" data-element_type=\"widget\" data-widget_type=\"heading.default\">\n\t\t\t\t<div class=\"elementor-widget-container\">\n\t\t\t\t\t<h1 class=\"elementor-heading-title elementor-size-default\">Unilyzer 900c<\/h1>\t\t\t\t<\/div>\n\t\t\t\t<\/div>\n\t\t\t\t<div class=\"elementor-element elementor-element-1486ee4 elementor-widget elementor-widget-heading\" data-id=\"1486ee4\" data-element_type=\"widget\" data-widget_type=\"heading.default\">\n\t\t\t\t<div class=\"elementor-widget-container\">\n\t\t\t\t\t<h2 class=\"elementor-heading-title elementor-size-default\">Eln\u00e4tsanalysator<\/h2>\t\t\t\t<\/div>\n\t\t\t\t<\/div>\n\t\t\t\t<div class=\"elementor-element elementor-element-fef3d1d elementor-widget elementor-widget-button\" data-id=\"fef3d1d\" data-element_type=\"widget\" data-widget_type=\"button.default\">\n\t\t\t\t<div class=\"elementor-widget-container\">\n\t\t\t\t\t\t\t\t\t<div class=\"elementor-button-wrapper\">\n\t\t\t\t\t<a class=\"elementor-button elementor-button-link elementor-size-sm\" href=\"https:\/\/unipower-se.tbwebsite.com\/sv\/kontakt\/\">\n\t\t\t\t\t\t<span class=\"elementor-button-content-wrapper\">\n\t\t\t\t\t\t\t\t\t<span class=\"elementor-button-text\">Kontakta oss<\/span>\n\t\t\t\t\t<\/span>\n\t\t\t\t\t<\/a>\n\t\t\t\t<\/div>\n\t\t\t\t\t\t\t\t<\/div>\n\t\t\t\t<\/div>\n\t\t\t\t<div class=\"elementor-element elementor-element-6376a7b elementor-widget__width-initial elementor-widget elementor-widget-text-editor\" data-id=\"6376a7b\" data-element_type=\"widget\" data-widget_type=\"text-editor.default\">\n\t\t\t\t<div class=\"elementor-widget-container\">\n\t\t\t\t\t\t\t\t\t<p>Unilyzer 900c \u00e4r lillebror till v\u00e5rt unika portabelinstrument Unilyzer 900. Unilyzer 900c \u00e4r ett kostnadseffektivt alternativ f\u00f6r dig som inte m\u00e4ter kontinuerligt eller som har behov av en st\u00f6rre m\u00e4ngd instrument. Instrumentet uppfyller IEC 61000-4-30 Class S och har precis som storebror integrerad Wi-Fi och IP65-klassning f\u00f6r att klara tuffa milj\u00f6er.<\/p><p>Den innovativa designen inkluderar integrerad Wi-Fi samt en gratis App p\u00e5 Google Play f\u00f6r realtids\u00f6vervakning av m\u00e4tdata. Du beh\u00f6ver inte l\u00e4ngre st\u00e5 ute i kyla eller inne i en tr\u00e5ng station f\u00f6r att l\u00e4sa data, det \u00e4r bara att ansluta din b\u00e4rbara dator eller Android smartphone medan du sitter kvar i bilen. Anv\u00e4ndarv\u00e4nlighet och s\u00e4kerhet kan inte vara h\u00f6gre. Instrumentet \u00e4r dessutom l\u00e4tt \u2013 endast 700g och passar i din hand.<\/p><p><strong>Exempel p\u00e5 m\u00e4tta parametrar:<\/strong><\/p><ul><li><span style=\"font-size: 17.6px;\">Sp\u00e4nnings- och str\u00f6mvariationer<\/span><\/li><li><span style=\"font-size: 17.6px;\">Sp\u00e4nningsdippar och \u00f6versp\u00e4nningar<\/span><\/li><li><span style=\"font-size: 17.6px;\">Flimmer<\/span><\/li><li><span style=\"font-size: 17.6px;\">\u00d6vertoner<\/span><\/li><li><span style=\"font-size: 17.6px;\">Obalans<\/span><\/li><li><span style=\"font-size: 17.6px;\">Transformator\u00f6vervakning<\/span><\/li><\/ul><h4>Anv\u00e4ndningsomr\u00e5den<\/h4><p>Unilyzer 900c \u00e4r utformad f\u00f6r n\u00e4tbolag som vill s\u00e4kerst\u00e4lla uppfyllandet av sp\u00e4nningsgodhetsnormen EIFS, men kan anv\u00e4ndas av alla som vill fels\u00f6ka problem eller g\u00f6ra optimeringar i eln\u00e4tet.<\/p><ul><li>Uppfyllande av EIFS<\/li><li>Fels\u00f6kning<\/li><li>L\u00e5gsp\u00e4nningsm\u00e4tning i leveranspunkt<\/li><li>H\u00f6gsp\u00e4nningsm\u00e4tningar, normuppfyllande<\/li><li>Energibesparing<\/li><li>Belastningsanalys<\/li><li>Inspelning av sp\u00e4nningsdippar och transienter<\/li><li>Elkvalitet<\/li><\/ul><h4>Plug and play<\/h4><p>Du beh\u00f6ver bara ladda en lagrad f\u00f6rinst\u00e4llning och sedan \u00e4r m\u00e4tningen ig\u00e5ng direkt! Displayen ger dig v\u00e4rdefull realtidsinformation och du kan vid behov kontrollera och \u00e4ndra inst\u00e4llningarna.<\/p><h4>Funktioner<\/h4><p>Med sin ringa storlek och robusta milj\u00f6t\u00e5lighet (IP65) blir Unilyzer 900c ditt b\u00e4sta verktyg f\u00f6r alla portabelm\u00e4tningar. Den har inga r\u00f6rliga delar och har testats i verkliga, tuffa milj\u00f6er. Instrumentet uppfyller IEC 61000-4-30 klass S f\u00f6r elkvalitetsm\u00e4tningar vilket garanterar dig h\u00f6gsta tillf\u00f6rlitlighet och m\u00e4tnoggranhet vid analys. I standardminnet kan data lagras i 3 m\u00e5nader i str\u00e4ck och i h\u00e4ndelse av str\u00f6mavbrott finns en intern batteribackup.<\/p><h4>Integrerad WiFi<\/h4><p>Instrumentet har integrerad Wi-Fi. Du kan enkelt ansluta till Unilyzer 900c fr\u00e5n valfri dator eller smartphone. Anv\u00e4nd din Android smartphone eller platta f\u00f6r att kontrollera sp\u00e4nningen p\u00e5 ett enkelt, s\u00e4kert och smidigt s\u00e4tt.<\/p><h4>Fler funktioner<\/h4><ul><li>Kontinuerlig m\u00e4tning och algoritmer i enlighet med IEC 61000-4-30 klass S<\/li><li>M\u00e4ter effekt och energi i alla 3-fas Y- och deltakonfigurationer<\/li><li>Unik metod f\u00f6r datakomprimering och lagring som sparar minne med kortare \u00f6verf\u00f6ringstider och l\u00e4gre kostnader som resultat<\/li><li>170 dagars m\u00e4tning med 32 MB standardminne<\/li><\/ul><h4>Realtidsm\u00f6jligheter<\/h4><p>Oberoende av uppkopplingsalternativ visas realtidsv\u00e4rden p\u00e5 displayen och kan l\u00e4sas fr\u00e5n en extern dator eller via modem samtidigt. H\u00e4ndelselista f\u00f6r sp\u00e4nningsdippar med normklassificering efter valbara standarder och planeringsniv\u00e5er.<\/p><h4>Utv\u00e4rdering och analys<\/h4><p>Unipowers kraftfulla utv\u00e4rderingsprogram PQ Secure ing\u00e5r. Unilyzer 900c kan fullt ut integreras i PQ Secure \u2013 ett system f\u00f6r elkvalitets\u00f6vervakning f\u00f6r automatisk administration och analys.<\/p><h4>Tillbeh\u00f6r<\/h4><p>Alla tillbeh\u00f6r \u00e4r utformade f\u00f6r praktisk anv\u00e4ndning och f\u00e4ltm\u00e4tningar baserade p\u00e5 Unipowers m\u00e5nga \u00e5r av erfarenheter. Sm\u00e5, flexibla Rogowski-t\u00e4nger f\u00f6r str\u00f6mmar upp till 5000A finns, s\u00e5v\u00e4l som vanliga str\u00f6mt\u00e4nger med j\u00e4rnk\u00e4rna. Givarna har automatisk identifiering (ingen anv\u00e4ndar\u00e5tg\u00e4rd beh\u00f6vs). Det finns en m\u00e4ngd praktiska v\u00e4skor som bl.a. \u00e4r godk\u00e4nda som handbagage p\u00e5 flyget. Det finns \u00e4ven en mycket uppskattad magnetisk upph\u00e4ngningsanordning f\u00f6r montage i elsk\u00e5p.<\/p>\t\t\t\t\t\t\t\t<\/div>\n\t\t\t\t<\/div>\n\t\t\t\t\t<\/div>\n\t\t<\/div>\n\t\t\t\t<div class=\"elementor-column elementor-col-50 elementor-top-column elementor-element elementor-element-279b8e6 elementor-hidden-mobile\" data-id=\"279b8e6\" data-element_type=\"column\">\n\t\t\t<div class=\"elementor-widget-wrap elementor-element-populated\">\n\t\t\t\t\t\t<div class=\"elementor-element elementor-element-b5b86fe elementor-cta--layout-image-above elementor-cta--mobile-layout-image-above elementor-cta--valign-top elementor-cta--skin-classic elementor-animated-content elementor-widget elementor-widget-call-to-action\" data-id=\"b5b86fe\" data-element_type=\"widget\" data-settings=\"{&quot;sticky&quot;:&quot;top&quot;,&quot;sticky_on&quot;:[&quot;desktop&quot;,&quot;laptop&quot;,&quot;tablet&quot;],&quot;sticky_offset&quot;:200,&quot;sticky_parent&quot;:&quot;yes&quot;,&quot;sticky_effects_offset&quot;:0,&quot;sticky_anchor_link_offset&quot;:0}\" data-widget_type=\"call-to-action.default\">\n\t\t\t\t<div class=\"elementor-widget-container\">\n\t\t\t\t\t\t\t<div class=\"elementor-cta\">\n\t\t\t\t\t<div class=\"elementor-cta__bg-wrapper\">\n\t\t\t\t<div class=\"elementor-cta__bg elementor-bg\" style=\"background-image: url(https:\/\/unipower-se.tbwebsite.com\/wp-content\/uploads\/2022\/11\/unilizer900-900c-grey-1024x796.jpg);\" role=\"img\" aria-label=\"unilizer900-900c-grey\"><\/div>\n\t\t\t\t<div class=\"elementor-cta__bg-overlay\"><\/div>\n\t\t\t<\/div>\n\t\t\t\t\t\t\t<div class=\"elementor-cta__content\">\n\t\t\t\t\n\t\t\t\t\n\t\t\t\t\t\t\t\t\t<div class=\"elementor-cta__description elementor-cta__content-item elementor-content-item\">\n\t\t\t\t\t\tF\u00f6rebyggande \u2013 Utredande \u2013 Uppf\u00f6ljande\t\t\t\t\t<\/div>\n\t\t\t\t\n\t\t\t\t\t\t\t<\/div>\n\t\t\t\t\t\t<\/div>\n\t\t\t\t\t\t<\/div>\n\t\t\t\t<\/div>\n\t\t\t\t\t<\/div>\n\t\t<\/div>\n\t\t\t\t\t<\/div>\n\t\t<\/section>\n\t\t\t\t<section class=\"elementor-section elementor-top-section elementor-element elementor-element-6c4f5d7 elementor-section-boxed elementor-section-height-default elementor-section-height-default\" data-id=\"6c4f5d7\" data-element_type=\"section\">\n\t\t\t\t\t\t<div class=\"elementor-container elementor-column-gap-default\">\n\t\t\t\t\t<div class=\"elementor-column elementor-col-100 elementor-top-column elementor-element elementor-element-f9caf1a\" data-id=\"f9caf1a\" data-element_type=\"column\" data-settings=\"{&quot;background_background&quot;:&quot;classic&quot;}\">\n\t\t\t<div class=\"elementor-widget-wrap elementor-element-populated\">\n\t\t\t\t\t\t<div class=\"elementor-element elementor-element-b9bfd45 elementor-widget elementor-widget-shortcode\" data-id=\"b9bfd45\" data-element_type=\"widget\" data-widget_type=\"shortcode.default\">\n\t\t\t\t<div class=\"elementor-widget-container\">\n\t\t\t\t\t\t\t<div class=\"elementor-shortcode\">\t\t<div data-elementor-type=\"section\" data-elementor-id=\"407\" class=\"elementor elementor-407\" data-elementor-post-type=\"elementor_library\">\n\t\t\t\t\t<section class=\"elementor-section elementor-top-section elementor-element elementor-element-2ac3925f elementor-section-boxed elementor-section-height-default elementor-section-height-default\" data-id=\"2ac3925f\" data-element_type=\"section\" data-settings=\"{&quot;background_background&quot;:&quot;classic&quot;}\">\n\t\t\t\t\t\t<div class=\"elementor-container elementor-column-gap-default\">\n\t\t\t\t\t<div class=\"elementor-column elementor-col-100 elementor-top-column elementor-element elementor-element-1065969\" data-id=\"1065969\" data-element_type=\"column\" data-settings=\"{&quot;background_background&quot;:&quot;classic&quot;}\">\n\t\t\t<div class=\"elementor-widget-wrap elementor-element-populated\">\n\t\t\t\t\t\t<div class=\"elementor-element elementor-element-1f4971cd elementor-cta--layout-image-right elementor-widget__width-initial elementor-cta--skin-classic elementor-animated-content elementor-widget elementor-widget-call-to-action\" data-id=\"1f4971cd\" data-element_type=\"widget\" data-widget_type=\"call-to-action.default\">\n\t\t\t\t<div class=\"elementor-widget-container\">\n\t\t\t\t\t\t\t<div class=\"elementor-cta\">\n\t\t\t\t\t\t\t<div class=\"elementor-cta__content\">\n\t\t\t\t\n\t\t\t\t\t\t\t\t\t<h3 class=\"elementor-cta__title elementor-cta__content-item elementor-content-item\">\n\t\t\t\t\t\tTveka inte att kontakta oss!\t\t\t\t\t<\/h3>\n\t\t\t\t\n\t\t\t\t\t\t\t\t\t<div class=\"elementor-cta__description elementor-cta__content-item elementor-content-item\">\n\t\t\t\t\t\tL\u00e5t oss bli din energikvalitetspartner. Kontakta oss p\u00e5 Unipower och l\u00e5t oss hj\u00e4lpa dig att n\u00e5 dina str\u00f6mkvalitets- och \u00f6vervakningsm\u00e5l.\t\t\t\t\t<\/div>\n\t\t\t\t\n\t\t\t\t\t\t\t\t\t<div class=\"elementor-cta__button-wrapper elementor-cta__content-item elementor-content-item\">\n\t\t\t\t\t<a class=\"elementor-cta__button elementor-button elementor-size-\" href=\"https:\/\/unipower-se.tbwebsite.com\/sv\/kontakt\/\">\n\t\t\t\t\t\tKontakta oss\t\t\t\t\t<\/a>\n\t\t\t\t\t<\/div>\n\t\t\t\t\t\t\t<\/div>\n\t\t\t\t\t\t<\/div>\n\t\t\t\t\t\t<\/div>\n\t\t\t\t<\/div>\n\t\t\t\t\t<\/div>\n\t\t<\/div>\n\t\t\t\t\t<\/div>\n\t\t<\/section>\n\t\t\t\t<\/div>\n\t\t<\/div>\n\t\t\t\t\t\t<\/div>\n\t\t\t\t<\/div>\n\t\t\t\t\t<\/div>\n\t\t<\/div>\n\t\t\t\t\t<\/div>\n\t\t<\/section>\n\t\t\t\t<\/div>","protected":false},"excerpt":{"rendered":"<p>Unilyzer 900c Power quality analyzer Contact us Unilyzer 900c is the little brother to our unique portable instrument Unilyzer 900. Unilyzer 900c is a cost effective alternative for those who do not measure on a continuous basis or who need a larger amount of instruments. The instrument complies with IEC 61000-4-30 Class S. Like its [&hellip;]<\/p>","protected":false},"author":1,"featured_media":0,"parent":270,"menu_order":0,"comment_status":"closed","ping_status":"closed","template":"","meta":{"footnotes":""},"class_list":["post-488","page","type-page","status-publish","hentry"],"yoast_head":"<!-- This site is optimized with the Yoast SEO plugin v25.9 - https:\/\/yoast.com\/wordpress\/plugins\/seo\/ -->\n<title>Unilyzer 900c, Cost-Effective Power Quality Instrument<\/title>\n<meta name=\"description\" content=\"The Unilyzer 900c is a cost-effective power quality instrument. It complies with IEC 61000-4-30 Class S.\" \/>\n<meta name=\"robots\" content=\"index, follow, max-snippet:-1, max-image-preview:large, max-video-preview:-1\" \/>\n<link rel=\"canonical\" href=\"https:\/\/unipower-se.tbwebsite.com\/sv\/produkter-och-tjanster\/elkvalitet-portabelt\/elnatsanalysator-unilyzer-900c\/\" \/>\n<meta property=\"og:locale\" content=\"sv_SE\" \/>\n<meta property=\"og:type\" content=\"article\" \/>\n<meta property=\"og:title\" content=\"Unilyzer 900c, Cost-Effective Power Quality Instrument\" \/>\n<meta property=\"og:description\" content=\"The Unilyzer 900c is a cost-effective power quality instrument. It complies with IEC 61000-4-30 Class S.\" \/>\n<meta property=\"og:url\" content=\"https:\/\/unipower-se.tbwebsite.com\/sv\/produkter-och-tjanster\/elkvalitet-portabelt\/elnatsanalysator-unilyzer-900c\/\" \/>\n<meta property=\"og:site_name\" content=\"Unipower AB\" \/>\n<meta property=\"article:publisher\" content=\"https:\/\/www.facebook.com\/UnipowerSweden\/\" \/>\n<meta property=\"article:modified_time\" content=\"2022-11-22T10:00:04+00:00\" \/>\n<meta property=\"og:image\" content=\"https:\/\/unipower-se.tbwebsite.com\/wp-content\/uploads\/2022\/11\/unilizer900-900c-grey.jpg\" \/>\n\t<meta property=\"og:image:width\" content=\"1200\" \/>\n\t<meta property=\"og:image:height\" content=\"933\" \/>\n\t<meta property=\"og:image:type\" content=\"image\/jpeg\" \/>\n<meta name=\"twitter:card\" content=\"summary_large_image\" \/>\n<meta name=\"twitter:label1\" content=\"Ber\u00e4knad l\u00e4stid\" \/>\n\t<meta name=\"twitter:data1\" content=\"3 minuter\" \/>\n<script type=\"application\/ld+json\" class=\"yoast-schema-graph\">{\"@context\":\"https:\/\/schema.org\",\"@graph\":[{\"@type\":\"WebPage\",\"@id\":\"https:\/\/unipower-se.tbwebsite.com\/products-and-services\/power-quality-portables\/unilyzer-900c\/\",\"url\":\"https:\/\/unipower-se.tbwebsite.com\/products-and-services\/power-quality-portables\/unilyzer-900c\/\",\"name\":\"Unilyzer 900c, Cost-Effective Power Quality Instrument\",\"isPartOf\":{\"@id\":\"https:\/\/unipower-se.tbwebsite.com\/#website\"},\"primaryImageOfPage\":{\"@id\":\"https:\/\/unipower-se.tbwebsite.com\/products-and-services\/power-quality-portables\/unilyzer-900c\/#primaryimage\"},\"image\":{\"@id\":\"https:\/\/unipower-se.tbwebsite.com\/products-and-services\/power-quality-portables\/unilyzer-900c\/#primaryimage\"},\"thumbnailUrl\":\"https:\/\/unipower-se.tbwebsite.com\/wp-content\/uploads\/2022\/11\/unilizer900-900c-grey-768x597.jpg\",\"datePublished\":\"2022-10-20T11:26:23+00:00\",\"dateModified\":\"2022-11-22T10:00:04+00:00\",\"description\":\"The Unilyzer 900c is a cost-effective power quality instrument. It complies with IEC 61000-4-30 Class S.\",\"breadcrumb\":{\"@id\":\"https:\/\/unipower-se.tbwebsite.com\/products-and-services\/power-quality-portables\/unilyzer-900c\/#breadcrumb\"},\"inLanguage\":\"sv-SE\",\"potentialAction\":[{\"@type\":\"ReadAction\",\"target\":[\"https:\/\/unipower-se.tbwebsite.com\/products-and-services\/power-quality-portables\/unilyzer-900c\/\"]}]},{\"@type\":\"ImageObject\",\"inLanguage\":\"sv-SE\",\"@id\":\"https:\/\/unipower-se.tbwebsite.com\/products-and-services\/power-quality-portables\/unilyzer-900c\/#primaryimage\",\"url\":\"https:\/\/unipower-se.tbwebsite.com\/wp-content\/uploads\/2022\/11\/unilizer900-900c-grey-768x597.jpg\",\"contentUrl\":\"https:\/\/unipower-se.tbwebsite.com\/wp-content\/uploads\/2022\/11\/unilizer900-900c-grey-768x597.jpg\"},{\"@type\":\"BreadcrumbList\",\"@id\":\"https:\/\/unipower-se.tbwebsite.com\/products-and-services\/power-quality-portables\/unilyzer-900c\/#breadcrumb\",\"itemListElement\":[{\"@type\":\"ListItem\",\"position\":1,\"name\":\"Home\",\"item\":\"https:\/\/unipower-se.tbwebsite.com\/\"},{\"@type\":\"ListItem\",\"position\":2,\"name\":\"Products and services\",\"item\":\"https:\/\/unipower-se.tbwebsite.com\/products-and-services\/\"},{\"@type\":\"ListItem\",\"position\":3,\"name\":\"Power quality portables\",\"item\":\"https:\/\/unipower-se.tbwebsite.com\/products-and-services\/power-quality-portables\/\"},{\"@type\":\"ListItem\",\"position\":4,\"name\":\"Unilyzer 900c Cost-Effective Power Quality Instrument\"}]},{\"@type\":\"WebSite\",\"@id\":\"https:\/\/unipower-se.tbwebsite.com\/#website\",\"url\":\"https:\/\/unipower-se.tbwebsite.com\/\",\"name\":\"Unipower AB\",\"description\":\"The Leading Edge in Electric Power Quality Instruments\",\"publisher\":{\"@id\":\"https:\/\/unipower-se.tbwebsite.com\/#organization\"},\"potentialAction\":[{\"@type\":\"SearchAction\",\"target\":{\"@type\":\"EntryPoint\",\"urlTemplate\":\"https:\/\/unipower-se.tbwebsite.com\/?s={search_term_string}\"},\"query-input\":{\"@type\":\"PropertyValueSpecification\",\"valueRequired\":true,\"valueName\":\"search_term_string\"}}],\"inLanguage\":\"sv-SE\"},{\"@type\":\"Organization\",\"@id\":\"https:\/\/unipower-se.tbwebsite.com\/#organization\",\"name\":\"Unipower AB\",\"url\":\"https:\/\/unipower-se.tbwebsite.com\/\",\"logo\":{\"@type\":\"ImageObject\",\"inLanguage\":\"sv-SE\",\"@id\":\"https:\/\/unipower-se.tbwebsite.com\/#\/schema\/logo\/image\/\",\"url\":\"https:\/\/unipower-se.tbwebsite.com\/wp-content\/uploads\/2022\/10\/Unipower-logo-blue.png\",\"contentUrl\":\"https:\/\/unipower-se.tbwebsite.com\/wp-content\/uploads\/2022\/10\/Unipower-logo-blue.png\",\"width\":396,\"height\":192,\"caption\":\"Unipower AB\"},\"image\":{\"@id\":\"https:\/\/unipower-se.tbwebsite.com\/#\/schema\/logo\/image\/\"},\"sameAs\":[\"https:\/\/www.facebook.com\/UnipowerSweden\/\"]}]}<\/script>\n<!-- \/ Yoast SEO plugin. -->","yoast_head_json":{"title":"Unilyzer 900c, Cost-Effective Power Quality Instrument","description":"The Unilyzer 900c is a cost-effective power quality instrument. It complies with IEC 61000-4-30 Class S.","robots":{"index":"index","follow":"follow","max-snippet":"max-snippet:-1","max-image-preview":"max-image-preview:large","max-video-preview":"max-video-preview:-1"},"canonical":"https:\/\/unipower-se.tbwebsite.com\/sv\/produkter-och-tjanster\/elkvalitet-portabelt\/elnatsanalysator-unilyzer-900c\/","og_locale":"sv_SE","og_type":"article","og_title":"Unilyzer 900c, Cost-Effective Power Quality Instrument","og_description":"The Unilyzer 900c is a cost-effective power quality instrument. It complies with IEC 61000-4-30 Class S.","og_url":"https:\/\/unipower-se.tbwebsite.com\/sv\/produkter-och-tjanster\/elkvalitet-portabelt\/elnatsanalysator-unilyzer-900c\/","og_site_name":"Unipower AB","article_publisher":"https:\/\/www.facebook.com\/UnipowerSweden\/","article_modified_time":"2022-11-22T10:00:04+00:00","og_image":[{"width":1200,"height":933,"url":"https:\/\/unipower-se.tbwebsite.com\/wp-content\/uploads\/2022\/11\/unilizer900-900c-grey.jpg","type":"image\/jpeg"}],"twitter_card":"summary_large_image","twitter_misc":{"Ber\u00e4knad l\u00e4stid":"3 minuter"},"schema":{"@context":"https:\/\/schema.org","@graph":[{"@type":"WebPage","@id":"https:\/\/unipower-se.tbwebsite.com\/products-and-services\/power-quality-portables\/unilyzer-900c\/","url":"https:\/\/unipower-se.tbwebsite.com\/products-and-services\/power-quality-portables\/unilyzer-900c\/","name":"Unilyzer 900c, Cost-Effective Power Quality Instrument","isPartOf":{"@id":"https:\/\/unipower-se.tbwebsite.com\/#website"},"primaryImageOfPage":{"@id":"https:\/\/unipower-se.tbwebsite.com\/products-and-services\/power-quality-portables\/unilyzer-900c\/#primaryimage"},"image":{"@id":"https:\/\/unipower-se.tbwebsite.com\/products-and-services\/power-quality-portables\/unilyzer-900c\/#primaryimage"},"thumbnailUrl":"https:\/\/unipower-se.tbwebsite.com\/wp-content\/uploads\/2022\/11\/unilizer900-900c-grey-768x597.jpg","datePublished":"2022-10-20T11:26:23+00:00","dateModified":"2022-11-22T10:00:04+00:00","description":"The Unilyzer 900c is a cost-effective power quality instrument. It complies with IEC 61000-4-30 Class S.","breadcrumb":{"@id":"https:\/\/unipower-se.tbwebsite.com\/products-and-services\/power-quality-portables\/unilyzer-900c\/#breadcrumb"},"inLanguage":"sv-SE","potentialAction":[{"@type":"ReadAction","target":["https:\/\/unipower-se.tbwebsite.com\/products-and-services\/power-quality-portables\/unilyzer-900c\/"]}]},{"@type":"ImageObject","inLanguage":"sv-SE","@id":"https:\/\/unipower-se.tbwebsite.com\/products-and-services\/power-quality-portables\/unilyzer-900c\/#primaryimage","url":"https:\/\/unipower-se.tbwebsite.com\/wp-content\/uploads\/2022\/11\/unilizer900-900c-grey-768x597.jpg","contentUrl":"https:\/\/unipower-se.tbwebsite.com\/wp-content\/uploads\/2022\/11\/unilizer900-900c-grey-768x597.jpg"},{"@type":"BreadcrumbList","@id":"https:\/\/unipower-se.tbwebsite.com\/products-and-services\/power-quality-portables\/unilyzer-900c\/#breadcrumb","itemListElement":[{"@type":"ListItem","position":1,"name":"Home","item":"https:\/\/unipower-se.tbwebsite.com\/"},{"@type":"ListItem","position":2,"name":"Products and services","item":"https:\/\/unipower-se.tbwebsite.com\/products-and-services\/"},{"@type":"ListItem","position":3,"name":"Power quality portables","item":"https:\/\/unipower-se.tbwebsite.com\/products-and-services\/power-quality-portables\/"},{"@type":"ListItem","position":4,"name":"Unilyzer 900c Cost-Effective Power Quality Instrument"}]},{"@type":"WebSite","@id":"https:\/\/unipower-se.tbwebsite.com\/#website","url":"https:\/\/unipower-se.tbwebsite.com\/","name":"Unipower AB","description":"The Leading Edge in Electric Power Quality Instruments","publisher":{"@id":"https:\/\/unipower-se.tbwebsite.com\/#organization"},"potentialAction":[{"@type":"SearchAction","target":{"@type":"EntryPoint","urlTemplate":"https:\/\/unipower-se.tbwebsite.com\/?s={search_term_string}"},"query-input":{"@type":"PropertyValueSpecification","valueRequired":true,"valueName":"search_term_string"}}],"inLanguage":"sv-SE"},{"@type":"Organization","@id":"https:\/\/unipower-se.tbwebsite.com\/#organization","name":"Unipower AB","url":"https:\/\/unipower-se.tbwebsite.com\/","logo":{"@type":"ImageObject","inLanguage":"sv-SE","@id":"https:\/\/unipower-se.tbwebsite.com\/#\/schema\/logo\/image\/","url":"https:\/\/unipower-se.tbwebsite.com\/wp-content\/uploads\/2022\/10\/Unipower-logo-blue.png","contentUrl":"https:\/\/unipower-se.tbwebsite.com\/wp-content\/uploads\/2022\/10\/Unipower-logo-blue.png","width":396,"height":192,"caption":"Unipower AB"},"image":{"@id":"https:\/\/unipower-se.tbwebsite.com\/#\/schema\/logo\/image\/"},"sameAs":["https:\/\/www.facebook.com\/UnipowerSweden\/"]}]}},"_links":{"self":[{"href":"https:\/\/unipower-se.tbwebsite.com\/sv\/wp-json\/wp\/v2\/pages\/488","targetHints":{"allow":["GET"]}}],"collection":[{"href":"https:\/\/unipower-se.tbwebsite.com\/sv\/wp-json\/wp\/v2\/pages"}],"about":[{"href":"https:\/\/unipower-se.tbwebsite.com\/sv\/wp-json\/wp\/v2\/types\/page"}],"author":[{"embeddable":true,"href":"https:\/\/unipower-se.tbwebsite.com\/sv\/wp-json\/wp\/v2\/users\/1"}],"replies":[{"embeddable":true,"href":"https:\/\/unipower-se.tbwebsite.com\/sv\/wp-json\/wp\/v2\/comments?post=488"}],"version-history":[{"count":11,"href":"https:\/\/unipower-se.tbwebsite.com\/sv\/wp-json\/wp\/v2\/pages\/488\/revisions"}],"predecessor-version":[{"id":10851,"href":"https:\/\/unipower-se.tbwebsite.com\/sv\/wp-json\/wp\/v2\/pages\/488\/revisions\/10851"}],"up":[{"embeddable":true,"href":"https:\/\/unipower-se.tbwebsite.com\/sv\/wp-json\/wp\/v2\/pages\/270"}],"wp:attachment":[{"href":"https:\/\/unipower-se.tbwebsite.com\/sv\/wp-json\/wp\/v2\/media?parent=488"}],"curies":[{"name":"wp","href":"https:\/\/api.w.org\/{rel}","templated":true}]}}